{"id":3328,"date":"2024-04-10T07:25:00","date_gmt":"2024-04-10T07:25:00","guid":{"rendered":"https:\/\/ref-badragaz.ch.sora.ch-meta.net\/go\/?page_id=3328"},"modified":"2024-06-06T16:10:04","modified_gmt":"2024-06-06T16:10:04","slug":"taminatal","status":"publish","type":"page","link":"https:\/\/ref-badragaz.ch\/go\/taminatal\/","title":{"rendered":"Taminatal"},"content":{"rendered":"<div  class='flex_column av-gnzsg-0751f220ac73fdd21532f7840dbbe108 av_one_half  avia-builder-el-0  el_before_av_one_half  avia-builder-el-first  first flex_column_div  '     ><section  class='av_textblock_section av-lvnymimc-544e30eaf89edac610bc631517cd009b '   itemscope=\"itemscope\" itemtype=\"https:\/\/schema.org\/CreativeWork\" ><div class='avia_textblock'  itemprop=\"text\" ><h3>Taminatal<\/h3>\n<p>Auch wenn die Kirchgemeinde im Taminatal kein eigenes Geb\u00e4ude besitzt, m\u00f6chten wir regelm\u00e4ssig dort pr\u00e4sent sein. Mindestens viertelj\u00e4hrlich findet darum im Taminatal an unterschiedlichen Orten ein Gemeindegottesdienst statt. Wir freuen uns, dass wir dabei die Gastfreundschaft verschiedener Institutionen und Einzelpersonen geniessen d\u00fcrfen, so z. B. \u00a0die der Katholischen Kirchgemeinde Pf\u00e4fers beim Krippenspiel in der Klosterkirche Pf\u00e4fers im Advent.<\/p>\n<p>In der Kirchenvorsteherschaft ist Marianne Bislin speziell f\u00fcr die Belange des Taminatals zust\u00e4ndig. Wer Fragen, Anliegen oder Ideen zur Arbeit der Kirchgemeinde im Taminatal hat, kann sich an sie oder an das Pfarrehepaar G\u00e4umann wenden.<\/p>\n<\/div><\/section><\/div>\n<div  class='flex_column av-32n9mo-2b4f377dcdb12f721caefcea45dd33d9 av_one_half  avia-builder-el-2  el_after_av_one_half  avia-builder-el-last  flex_column_div  '     ><style type=\"text\/css\" data-created_by=\"avia_inline_auto\" id=\"style-css-av-lvnytlvb-28de1e9c2c9b14949cdff3c42764db54\">\n.avia-image-container.av-lvnytlvb-28de1e9c2c9b14949cdff3c42764db54 img.avia_image{\nbox-shadow:none;\n}\n.avia-image-container.av-lvnytlvb-28de1e9c2c9b14949cdff3c42764db54 .av-image-caption-overlay-center{\ncolor:#ffffff;\n}\n<\/style>\n<div  class='avia-image-container av-lvnytlvb-28de1e9c2c9b14949cdff3c42764db54 av-styling- avia-align-center  avia-builder-el-3  avia-builder-el-no-sibling  av-has-copyright av-copyright-always'   itemprop=\"image\" itemscope=\"itemscope\" itemtype=\"https:\/\/schema.org\/ImageObject\" ><div class=\"avia-image-container-inner\"><div class=\"avia-image-overlay-wrap\"><img decoding=\"async\" fetchpriority=\"high\" class='wp-image-4375 avia-img-lazy-loading-not-4375 avia_image ' src=\"https:\/\/ref-badragaz.ch\/go\/wp-content\/uploads\/2024\/05\/Taminabruecke-845x684.jpg\" alt='' title='Taminabr\u00fccke'  height=\"684\" width=\"845\"  itemprop=\"thumbnailUrl\" srcset=\"https:\/\/ref-badragaz.ch\/go\/wp-content\/uploads\/2024\/05\/Taminabruecke-845x684.jpg 845w, https:\/\/ref-badragaz.ch\/go\/wp-content\/uploads\/2024\/05\/Taminabruecke-495x400.jpg 495w\" sizes=\"(max-width: 845px) 100vw, 845px\" \/><\/div><small class=\"avia-copyright\">Geri340, CC BY-SA 3.0 &lt;https:\/\/creativecommons.org\/licenses\/by-sa\/3.0&gt;, via Wikimedia Commons<\/small><\/div><\/div><\/div>\n<div class=\"verowa-persons-events-container persons-events-container\" ><div class=\"person-container single-persons\">\n<div class=\"person\">\r\n\t\r\n\t\r\n\t\t\t<div class=\"person_image\"><a href=\"https:\/\/ref-badragaz.ch\/go\/person\/21\/\"><img decoding=\"async\" src=\"https:\/\/secure.verowa.ch\/users\/ref-badragaz\/images\/comp\/uezX1tyimeV42naMWycZth.jpg\" \/><\/a><\/div>\r\n\t\t\r\n\t<div class=\"person_description\">\r\n\t\t<h4 class=\"name\"><a href=\"https:\/\/ref-badragaz.ch\/go\/person\/21\/\">Marianne Bislin<\/a><\/h4>\r\n\t\t\r\n\t\t\r\n\t\t\r\n\t\t<div class=\"person_meta\">\r\n\t\t\t<ul>\r\n\t\t\t\t\r\n\t\t\t\t\r\n\t\t\t\t<li class=\"email\"><a href=\"mailto:m.bislin@rsnweb.ch\">E-Mail<\/a><\/li>\r\n\t\t\t\t\r\n\t\t\t\t\r\n\t\t\t<\/ul>\r\n\t\t<\/div>\r\n\t<\/div>\r\n<\/div><div class=\"person\">\r\n\t\r\n\t\r\n\t\t\t<div class=\"person_image\"><a href=\"https:\/\/ref-badragaz.ch\/go\/person\/13\/\"><img decoding=\"async\" src=\"https:\/\/secure.verowa.ch\/users\/ref-badragaz\/images\/comp\/LPztUkhive2fE7eHxZ6ath.jpg\" \/><\/a><\/div>\r\n\t\t\r\n\t<div class=\"person_description\">\r\n\t\t<h4 class=\"name\"><a href=\"https:\/\/ref-badragaz.ch\/go\/person\/13\/\">Andreas G\u00e4umann<\/a><\/h4>\r\n\t\t\r\n\t\t<p class=\"short_desc\">am Donnerstag in der Regel abwesend<\/p>\r\n\t\t<p class=\"profession\">Pfarrer<\/p>\r\n\t\t<div class=\"person_meta\">\r\n\t\t\t<ul>\r\n\t\t\t\t\r\n\t\t\t\t\r\n\t\t\t\t<li class=\"email\"><a href=\"mailto:andreas.gaeumann@ref-badragaz.ch\">E-Mail<\/a><\/li>\r\n\t\t\t\t\r\n\t\t\t\t<li class=\"phone\">081 302 71 89<\/li>\r\n\t\t\t<\/ul>\r\n\t\t<\/div>\r\n\t<\/div>\r\n<\/div><div class=\"person\">\r\n\t\r\n\t\r\n\t\t\t<div class=\"person_image\"><a href=\"https:\/\/ref-badragaz.ch\/go\/person\/17\/\"><img decoding=\"async\" src=\"https:\/\/secure.verowa.ch\/users\/ref-badragaz\/images\/comp\/EG4AM4oaDAUvHCqgNoPuth.jpg\" \/><\/a><\/div>\r\n\t\t\r\n\t<div class=\"person_description\">\r\n\t\t<h4 class=\"name\"><a href=\"https:\/\/ref-badragaz.ch\/go\/person\/17\/\">Sabine G\u00e4umann<\/a><\/h4>\r\n\t\t\r\n\t\t\r\n\t\t<p class=\"profession\">Pfarrerin<\/p>\r\n\t\t<div class=\"person_meta\">\r\n\t\t\t<ul>\r\n\t\t\t\t\r\n\t\t\t\t\r\n\t\t\t\t<li class=\"email\"><a href=\"mailto:sabine.gaeumann@ref-badragaz.ch\">E-Mail<\/a><\/li>\r\n\t\t\t\t\r\n\t\t\t\t<li class=\"phone\">081 302 71 89<\/li>\r\n\t\t\t<\/ul>\r\n\t\t<\/div>\r\n\t<\/div>\r\n<\/div><\/div>\n<div class=\"event_list_wrapper\">\n<h3>N\u00e4chste Anl\u00e4sse<\/h3><div class=\"event_list_item element-item event-1299 \" data-date=\"20260514\" data-id=\"1299\">\r\n\t<div class=\"event_date\"><a href=\"\/go\/veranstaltung\/1299\/\"><span class=\"weekday\">Donnerstag<\/span><span class=\"day\">14<\/span><span class=\"verowa-month month\">Mai<\/span><\/a><\/div>\r\n\t<div class=\"event_container\">\r\n\t\t<a href=\"\/go\/veranstaltung\/1299\/\">\r\n\t\t\t<div class=\"event_short_content\"><span class=\"time\">10.00&ndash;11.00&nbsp;Uhr<\/span>\r\n\t\t\t\t<span class=\"event_title\">Gottesdienst, anschliessend Ap\u00e9ro<\/span>\r\n\t\t\t\t\r\n\t\t\t\t<span class=\"event_location\">Altersheim Monteluna (Pf\u00e4fers)<\/span>\r\n\t\t\t<\/div>\r\n\t\t<\/a>\r\n\t\t\r\n\t<\/div>\r\n\t<div class=\"event_button_list_new\"><div class=\"buttons\"><span class=\"details-buttons\">\r\n\t<\/span><\/div>\r\n\t<\/div>\r\n<\/div><\/div>\n<\/div>","protected":false},"excerpt":{"rendered":"<p>Marianne Bislin E-Mail Andreas G\u00e4umann am Donnerstag in der Regel abwesend Pfarrer E-Mail 081 302 71 89 Sabine G\u00e4umann Pfarrerin E-Mail 081 302 71 89 N\u00e4chste Anl\u00e4sse Donnerstag14Mai 10.00&ndash;11.00&nbsp;Uhr Gottesdienst, anschliessend Ap\u00e9ro Altersheim Monteluna (Pf\u00e4fers)<\/p>\n","protected":false},"author":1,"featured_media":0,"parent":0,"menu_order":0,"comment_status":"closed","ping_status":"closed","template":"","meta":{"footnotes":"","_links_to":"","_links_to_target":""},"class_list":["post-3328","page","type-page","status-publish","hentry"],"_links":{"self":[{"href":"https:\/\/ref-badragaz.ch\/go\/wp-json\/wp\/v2\/pages\/3328","targetHints":{"allow":["GET"]}}],"collection":[{"href":"https:\/\/ref-badragaz.ch\/go\/wp-json\/wp\/v2\/pages"}],"about":[{"href":"https:\/\/ref-badragaz.ch\/go\/wp-json\/wp\/v2\/types\/page"}],"author":[{"embeddable":true,"href":"https:\/\/ref-badragaz.ch\/go\/wp-json\/wp\/v2\/users\/1"}],"replies":[{"embeddable":true,"href":"https:\/\/ref-badragaz.ch\/go\/wp-json\/wp\/v2\/comments?post=3328"}],"version-history":[{"count":5,"href":"https:\/\/ref-badragaz.ch\/go\/wp-json\/wp\/v2\/pages\/3328\/revisions"}],"predecessor-version":[{"id":4378,"href":"https:\/\/ref-badragaz.ch\/go\/wp-json\/wp\/v2\/pages\/3328\/revisions\/4378"}],"wp:attachment":[{"href":"https:\/\/ref-badragaz.ch\/go\/wp-json\/wp\/v2\/media?parent=3328"}],"curies":[{"name":"wp","href":"https:\/\/api.w.org\/{rel}","templated":true}]}}