{"id":3365,"date":"2024-04-10T13:04:05","date_gmt":"2024-04-10T13:04:05","guid":{"rendered":"https:\/\/ref-badragaz.ch.sora.ch-meta.net\/go\/?page_id=3365"},"modified":"2024-06-06T16:08:20","modified_gmt":"2024-06-06T16:08:20","slug":"mitarbeit","status":"publish","type":"page","link":"https:\/\/ref-badragaz.ch\/go\/mitarbeit\/","title":{"rendered":"Mitarbeit"},"content":{"rendered":"<div  class='flex_column av-daoj9-b20b2bc253b13cca84d5ee7230bde64f av_one_half  avia-builder-el-0  el_before_av_one_fourth  avia-builder-el-first  first flex_column_div  '     ><section  class='av_textblock_section av-lvl7m9mu-6d835cc9042db2a11da6a611f52b055b '   itemscope=\"itemscope\" itemtype=\"https:\/\/schema.org\/CreativeWork\" ><div class='avia_textblock'  itemprop=\"text\" ><div id=\"wysiwyg-block_60e2d0bcd6e70\" class=\"wysiwyg mt-medium-small aos-init aos-animate\" data-aos=\"fade-up\">\n<h3 class=\"undefined\">Mitarbeit<\/h3>\n<div class=\"wysiwyg\">\n<p>Viele arbeiten ehrenamtlich in unserer Kirchgemeinde mit. Ohne ihr grossartiges Engagement w\u00e4ren viele Angebote nicht m\u00f6glich. Ein herzliches Dankesch\u00f6n an dieser Stelle!<\/p>\n<p>M\u00f6chten Sie auch mithelfen? Das w\u00e4re toll. Es gibt viele M\u00f6glichkeiten. Rufen Sie uns an!<\/p>\n<\/div>\n<\/div>\n<\/div><\/section><\/div>\n<div  class='flex_column av-326c39-74d048eb242b998ae158ff9bfda4a2fa av_one_fourth  avia-builder-el-2  el_after_av_one_half  el_before_av_one_fourth  flex_column_div  '     ><style type=\"text\/css\" data-created_by=\"avia_inline_auto\" id=\"style-css-av-lvl7obae-07ea6e517df496ab6a67a6f789508c02\">\n.avia-image-container.av-lvl7obae-07ea6e517df496ab6a67a6f789508c02 img.avia_image{\nbox-shadow:none;\n}\n.avia-image-container.av-lvl7obae-07ea6e517df496ab6a67a6f789508c02 .av-image-caption-overlay-center{\ncolor:#ffffff;\n}\n<\/style>\n<div  class='avia-image-container av-lvl7obae-07ea6e517df496ab6a67a6f789508c02 av-styling- avia-align-center  avia-builder-el-3  avia-builder-el-no-sibling '   itemprop=\"image\" itemscope=\"itemscope\" itemtype=\"https:\/\/schema.org\/ImageObject\" ><div class=\"avia-image-container-inner\"><div class=\"avia-image-overlay-wrap\"><img decoding=\"async\" fetchpriority=\"high\" class='wp-image-3574 avia-img-lazy-loading-not-3574 avia_image ' src=\"https:\/\/ref-badragaz.ch\/go\/wp-content\/uploads\/2024\/04\/DSC_4797-705x470.jpg\" alt='' title='DSC_4797'  height=\"470\" width=\"705\"  itemprop=\"thumbnailUrl\" srcset=\"https:\/\/ref-badragaz.ch\/go\/wp-content\/uploads\/2024\/04\/DSC_4797-705x470.jpg 705w, https:\/\/ref-badragaz.ch\/go\/wp-content\/uploads\/2024\/04\/DSC_4797-300x200.jpg 300w, https:\/\/ref-badragaz.ch\/go\/wp-content\/uploads\/2024\/04\/DSC_4797-1030x687.jpg 1030w, https:\/\/ref-badragaz.ch\/go\/wp-content\/uploads\/2024\/04\/DSC_4797-768x512.jpg 768w, https:\/\/ref-badragaz.ch\/go\/wp-content\/uploads\/2024\/04\/DSC_4797-1536x1025.jpg 1536w, https:\/\/ref-badragaz.ch\/go\/wp-content\/uploads\/2024\/04\/DSC_4797-2048x1367.jpg 2048w, https:\/\/ref-badragaz.ch\/go\/wp-content\/uploads\/2024\/04\/DSC_4797-1500x1001.jpg 1500w\" sizes=\"(max-width: 705px) 100vw, 705px\" \/><\/div><\/div><\/div><\/div><div  class='flex_column av-2uarr9-d4606b2daa69c4093a3f1765bbf3ea4a av_one_fourth  avia-builder-el-4  el_after_av_one_fourth  avia-builder-el-last  flex_column_div  '     ><style type=\"text\/css\" data-created_by=\"avia_inline_auto\" id=\"style-css-av-lvl7rcnu-cc703beabacfe5a33c864441f495284c\">\n.avia-image-container.av-lvl7rcnu-cc703beabacfe5a33c864441f495284c img.avia_image{\nbox-shadow:none;\n}\n.avia-image-container.av-lvl7rcnu-cc703beabacfe5a33c864441f495284c .av-image-caption-overlay-center{\ncolor:#ffffff;\n}\n<\/style>\n<div  class='avia-image-container av-lvl7rcnu-cc703beabacfe5a33c864441f495284c av-styling- avia-align-center  avia-builder-el-5  avia-builder-el-no-sibling '   itemprop=\"image\" itemscope=\"itemscope\" itemtype=\"https:\/\/schema.org\/ImageObject\" ><div class=\"avia-image-container-inner\"><div class=\"avia-image-overlay-wrap\"><img decoding=\"async\" fetchpriority=\"high\" class='wp-image-3783 avia-img-lazy-loading-not-3783 avia_image ' src=\"https:\/\/ref-badragaz.ch\/go\/wp-content\/uploads\/2024\/04\/Treffen-705x470.jpg\" alt='' title='Treffen'  height=\"470\" width=\"705\"  itemprop=\"thumbnailUrl\" srcset=\"https:\/\/ref-badragaz.ch\/go\/wp-content\/uploads\/2024\/04\/Treffen-705x470.jpg 705w, https:\/\/ref-badragaz.ch\/go\/wp-content\/uploads\/2024\/04\/Treffen-300x200.jpg 300w, https:\/\/ref-badragaz.ch\/go\/wp-content\/uploads\/2024\/04\/Treffen-1030x687.jpg 1030w, https:\/\/ref-badragaz.ch\/go\/wp-content\/uploads\/2024\/04\/Treffen-768x512.jpg 768w, https:\/\/ref-badragaz.ch\/go\/wp-content\/uploads\/2024\/04\/Treffen-1536x1025.jpg 1536w, https:\/\/ref-badragaz.ch\/go\/wp-content\/uploads\/2024\/04\/Treffen-2048x1366.jpg 2048w, https:\/\/ref-badragaz.ch\/go\/wp-content\/uploads\/2024\/04\/Treffen-1500x1001.jpg 1500w\" sizes=\"(max-width: 705px) 100vw, 705px\" \/><\/div><\/div><\/div><\/div><\/p>\n<div class=\"verowa-persons-events-container persons-events-container\" ><div class=\"person-container single-persons\">\n<div class=\"person\">\r\n\t\r\n\t\r\n\t\t\t<div class=\"person_image\"><a href=\"https:\/\/ref-badragaz.ch\/go\/person\/13\/\"><img decoding=\"async\" src=\"https:\/\/secure.verowa.ch\/users\/ref-badragaz\/images\/comp\/LPztUkhive2fE7eHxZ6ath.jpg\" \/><\/a><\/div>\r\n\t\t\r\n\t<div class=\"person_description\">\r\n\t\t<h4 class=\"name\"><a href=\"https:\/\/ref-badragaz.ch\/go\/person\/13\/\">Andreas G\u00e4umann<\/a><\/h4>\r\n\t\t\r\n\t\t<p class=\"short_desc\">am Donnerstag in der Regel abwesend<\/p>\r\n\t\t<p class=\"profession\">Pfarrer<\/p>\r\n\t\t<div class=\"person_meta\">\r\n\t\t\t<ul>\r\n\t\t\t\t\r\n\t\t\t\t\r\n\t\t\t\t<li class=\"email\"><a href=\"mailto:andreas.gaeumann@ref-badragaz.ch\">E-Mail<\/a><\/li>\r\n\t\t\t\t\r\n\t\t\t\t<li class=\"phone\">081 302 71 89<\/li>\r\n\t\t\t<\/ul>\r\n\t\t<\/div>\r\n\t<\/div>\r\n<\/div><div class=\"person\">\r\n\t\r\n\t\r\n\t\t\t<div class=\"person_image\"><a href=\"https:\/\/ref-badragaz.ch\/go\/person\/17\/\"><img decoding=\"async\" src=\"https:\/\/secure.verowa.ch\/users\/ref-badragaz\/images\/comp\/EG4AM4oaDAUvHCqgNoPuth.jpg\" \/><\/a><\/div>\r\n\t\t\r\n\t<div class=\"person_description\">\r\n\t\t<h4 class=\"name\"><a href=\"https:\/\/ref-badragaz.ch\/go\/person\/17\/\">Sabine G\u00e4umann<\/a><\/h4>\r\n\t\t\r\n\t\t\r\n\t\t<p class=\"profession\">Pfarrerin<\/p>\r\n\t\t<div class=\"person_meta\">\r\n\t\t\t<ul>\r\n\t\t\t\t\r\n\t\t\t\t\r\n\t\t\t\t<li class=\"email\"><a href=\"mailto:sabine.gaeumann@ref-badragaz.ch\">E-Mail<\/a><\/li>\r\n\t\t\t\t\r\n\t\t\t\t<li class=\"phone\">081 302 71 89<\/li>\r\n\t\t\t<\/ul>\r\n\t\t<\/div>\r\n\t<\/div>\r\n<\/div><\/div>\n<\/div>","protected":false},"excerpt":{"rendered":"<p>Andreas G\u00e4umann am Donnerstag in der Regel abwesend Pfarrer E-Mail 081 302 71 89 Sabine G\u00e4umann Pfarrerin E-Mail 081 302 71 89<\/p>\n","protected":false},"author":1,"featured_media":0,"parent":0,"menu_order":0,"comment_status":"closed","ping_status":"closed","template":"","meta":{"footnotes":"","_links_to":"","_links_to_target":""},"class_list":["post-3365","page","type-page","status-publish","hentry"],"_links":{"self":[{"href":"https:\/\/ref-badragaz.ch\/go\/wp-json\/wp\/v2\/pages\/3365","targetHints":{"allow":["GET"]}}],"collection":[{"href":"https:\/\/ref-badragaz.ch\/go\/wp-json\/wp\/v2\/pages"}],"about":[{"href":"https:\/\/ref-badragaz.ch\/go\/wp-json\/wp\/v2\/types\/page"}],"author":[{"embeddable":true,"href":"https:\/\/ref-badragaz.ch\/go\/wp-json\/wp\/v2\/users\/1"}],"replies":[{"embeddable":true,"href":"https:\/\/ref-badragaz.ch\/go\/wp-json\/wp\/v2\/comments?post=3365"}],"version-history":[{"count":5,"href":"https:\/\/ref-badragaz.ch\/go\/wp-json\/wp\/v2\/pages\/3365\/revisions"}],"predecessor-version":[{"id":4807,"href":"https:\/\/ref-badragaz.ch\/go\/wp-json\/wp\/v2\/pages\/3365\/revisions\/4807"}],"wp:attachment":[{"href":"https:\/\/ref-badragaz.ch\/go\/wp-json\/wp\/v2\/media?parent=3365"}],"curies":[{"name":"wp","href":"https:\/\/api.w.org\/{rel}","templated":true}]}}