{"id":3371,"date":"2024-04-10T13:07:17","date_gmt":"2024-04-10T13:07:17","guid":{"rendered":"https:\/\/ref-badragaz.ch.sora.ch-meta.net\/go\/?page_id=3371"},"modified":"2024-06-06T16:11:04","modified_gmt":"2024-06-06T16:11:04","slug":"wir-sind-da","status":"publish","type":"page","link":"https:\/\/ref-badragaz.ch\/go\/wir-sind-da\/","title":{"rendered":"Wir sind da"},"content":{"rendered":"<div  class='flex_column av-3uk2i3-c977f4d0dad7932735f926e2e5c6d818 av_one_half  avia-builder-el-0  el_before_av_one_half  avia-builder-el-first  first flex_column_div  '     ><section  class='av_textblock_section av-lvgx6eav-a1bd92cf1b992b1829acdd3bac0cb8d9 '   itemscope=\"itemscope\" itemtype=\"https:\/\/schema.org\/CreativeWork\" ><div class='avia_textblock'  itemprop=\"text\" ><h3>Wir sind da<\/h3>\n<div class=\"ce-bodytext\">\n<p class=\"bodytext\">Wir besuchen regelm\u00e4ssig die Kirchb\u00fcrger in den Altersheimen der Region. Wer sich wegen einer Krankheit in ein Spital begeben muss oder krank zu Hause ist und gerne besucht werden m\u00f6chte, bitten wir sich bei uns zu melden. Wir sind auch Nachbarn oder Bekannten dankbar, wenn sie uns auf Menschen aufmerksam machen, denen ein Besuch und ein Gespr\u00e4ch helfen k\u00f6nnte.<\/p>\n<h5 class=\"bodytext\"><strong>Begleitung in schwierigen Lebenssituationen und Kri\u00adsen, Beratungsgespr\u00e4che<\/strong><\/h5>\n<p class=\"bodytext\">Wir wissen, dass wir nicht f\u00fcr alles und f\u00fcr jedes Problem im Leben die notwendige Kompetenz und Erfahrung haben. Aber wir k\u00f6nnen aufmerksam zuh\u00f6ren und dann gemeinsam einen weiterf\u00fchrenden Weg suchen. In der Vergangenheit durften wir miterleben, wie Ratsuchende im Gespr\u00e4ch L\u00f6sungen und Antwort entdeckten, die schon in ihnen bereitlagen, aber die sie allein nicht sehen konnten.<\/p>\n<h5 class=\"bodytext\"><strong>Sterben<\/strong><\/h5>\n<p class=\"bodytext\">Die Pfarrpersonen stehen gerne bereit f\u00fcr die Begleitung eines sterbenden Menschen. Auch Angeh\u00f6ri\u00adge d\u00fcrfen gerne f\u00fcr sich selbst oder f\u00fcr den ster\u00adbenden Mitmenschen unsere seelsorgerliche Begleitung und Un\u00adterst\u00fctzung erwarten und beanspruchen. Nehmen Sie doch mit uns Kontakt auf und sagen Sie uns, wenn Sie uns brauchen.<\/p>\n<\/div>\n<\/div><\/section><\/div><div  class='flex_column av-2b0brf-915393e2499ed44fe40a97c94a1b4688 av_one_half  avia-builder-el-2  el_after_av_one_half  avia-builder-el-last  flex_column_div  '     ><style type=\"text\/css\" data-created_by=\"avia_inline_auto\" id=\"style-css-av-lvgxl1rh-889f534d0bd1d2d0d5a2661c5a3ccbd5\">\n.avia-image-container.av-lvgxl1rh-889f534d0bd1d2d0d5a2661c5a3ccbd5 img.avia_image{\nbox-shadow:none;\n}\n.avia-image-container.av-lvgxl1rh-889f534d0bd1d2d0d5a2661c5a3ccbd5 .av-image-caption-overlay-center{\ncolor:#ffffff;\n}\n<\/style>\n<div  class='avia-image-container av-lvgxl1rh-889f534d0bd1d2d0d5a2661c5a3ccbd5 av-styling- avia-align-center  avia-builder-el-3  avia-builder-el-no-sibling '   itemprop=\"image\" itemscope=\"itemscope\" itemtype=\"https:\/\/schema.org\/ImageObject\" ><div class=\"avia-image-container-inner\"><div class=\"avia-image-overlay-wrap\"><img decoding=\"async\" fetchpriority=\"high\" class='wp-image-3985 avia-img-lazy-loading-not-3985 avia_image ' src=\"https:\/\/ref-badragaz.ch\/go\/wp-content\/uploads\/2024\/04\/hands-2805247_1920-710x375.jpg\" alt='' title='hands-2805247_1920'  height=\"375\" width=\"710\"  itemprop=\"thumbnailUrl\"  \/><\/div><\/div><\/div><\/div><\/p>\n<div class=\"verowa-persons-events-container persons-events-container\" ><div class=\"person-container single-persons\">\n<div class=\"person\">\r\n\t\r\n\t\r\n\t\t\t<div class=\"person_image\"><a href=\"https:\/\/ref-badragaz.ch\/go\/person\/13\/\"><img decoding=\"async\" src=\"https:\/\/secure.verowa.ch\/users\/ref-badragaz\/images\/comp\/LPztUkhive2fE7eHxZ6ath.jpg\" \/><\/a><\/div>\r\n\t\t\r\n\t<div class=\"person_description\">\r\n\t\t<h4 class=\"name\"><a href=\"https:\/\/ref-badragaz.ch\/go\/person\/13\/\">Andreas G\u00e4umann<\/a><\/h4>\r\n\t\t\r\n\t\t<p class=\"short_desc\">am Donnerstag in der Regel abwesend<\/p>\r\n\t\t<p class=\"profession\">Pfarrer<\/p>\r\n\t\t<div class=\"person_meta\">\r\n\t\t\t<ul>\r\n\t\t\t\t\r\n\t\t\t\t\r\n\t\t\t\t<li class=\"email\"><a href=\"mailto:andreas.gaeumann@ref-badragaz.ch\">E-Mail<\/a><\/li>\r\n\t\t\t\t\r\n\t\t\t\t<li class=\"phone\">081 302 71 89<\/li>\r\n\t\t\t<\/ul>\r\n\t\t<\/div>\r\n\t<\/div>\r\n<\/div><div class=\"person\">\r\n\t\r\n\t\r\n\t\t\t<div class=\"person_image\"><a href=\"https:\/\/ref-badragaz.ch\/go\/person\/17\/\"><img decoding=\"async\" src=\"https:\/\/secure.verowa.ch\/users\/ref-badragaz\/images\/comp\/EG4AM4oaDAUvHCqgNoPuth.jpg\" \/><\/a><\/div>\r\n\t\t\r\n\t<div class=\"person_description\">\r\n\t\t<h4 class=\"name\"><a href=\"https:\/\/ref-badragaz.ch\/go\/person\/17\/\">Sabine G\u00e4umann<\/a><\/h4>\r\n\t\t\r\n\t\t\r\n\t\t<p class=\"profession\">Pfarrerin<\/p>\r\n\t\t<div class=\"person_meta\">\r\n\t\t\t<ul>\r\n\t\t\t\t\r\n\t\t\t\t\r\n\t\t\t\t<li class=\"email\"><a href=\"mailto:sabine.gaeumann@ref-badragaz.ch\">E-Mail<\/a><\/li>\r\n\t\t\t\t\r\n\t\t\t\t<li class=\"phone\">081 302 71 89<\/li>\r\n\t\t\t<\/ul>\r\n\t\t<\/div>\r\n\t<\/div>\r\n<\/div><\/div>\n<\/div>","protected":false},"excerpt":{"rendered":"<p>Andreas G\u00e4umann am Donnerstag in der Regel abwesend Pfarrer E-Mail 081 302 71 89 Sabine G\u00e4umann Pfarrerin E-Mail 081 302 71 89<\/p>\n","protected":false},"author":1,"featured_media":0,"parent":0,"menu_order":0,"comment_status":"closed","ping_status":"closed","template":"","meta":{"footnotes":"","_links_to":"","_links_to_target":""},"class_list":["post-3371","page","type-page","status-publish","hentry"],"_links":{"self":[{"href":"https:\/\/ref-badragaz.ch\/go\/wp-json\/wp\/v2\/pages\/3371","targetHints":{"allow":["GET"]}}],"collection":[{"href":"https:\/\/ref-badragaz.ch\/go\/wp-json\/wp\/v2\/pages"}],"about":[{"href":"https:\/\/ref-badragaz.ch\/go\/wp-json\/wp\/v2\/types\/page"}],"author":[{"embeddable":true,"href":"https:\/\/ref-badragaz.ch\/go\/wp-json\/wp\/v2\/users\/1"}],"replies":[{"embeddable":true,"href":"https:\/\/ref-badragaz.ch\/go\/wp-json\/wp\/v2\/comments?post=3371"}],"version-history":[{"count":7,"href":"https:\/\/ref-badragaz.ch\/go\/wp-json\/wp\/v2\/pages\/3371\/revisions"}],"predecessor-version":[{"id":3989,"href":"https:\/\/ref-badragaz.ch\/go\/wp-json\/wp\/v2\/pages\/3371\/revisions\/3989"}],"wp:attachment":[{"href":"https:\/\/ref-badragaz.ch\/go\/wp-json\/wp\/v2\/media?parent=3371"}],"curies":[{"name":"wp","href":"https:\/\/api.w.org\/{rel}","templated":true}]}}