{"id":3382,"date":"2024-04-10T13:11:01","date_gmt":"2024-04-10T13:11:01","guid":{"rendered":"https:\/\/ref-badragaz.ch.sora.ch-meta.net\/go\/?page_id=3382"},"modified":"2024-06-06T16:05:09","modified_gmt":"2024-06-06T16:05:09","slug":"beerdigung","status":"publish","type":"page","link":"https:\/\/ref-badragaz.ch\/go\/beerdigung\/","title":{"rendered":"Beerdigung"},"content":{"rendered":"<div  class='flex_column av-3le7ie-defe9672dd7dcfe790930a7762e80217 av_one_half  avia-builder-el-0  el_before_av_one_half  avia-builder-el-first  first flex_column_div  '     ><section  class='av_textblock_section av-lvh0gwid-ccd0b0aa76cb310aa05c8ce6588214aa '   itemscope=\"itemscope\" itemtype=\"https:\/\/schema.org\/CreativeWork\" ><div class='avia_textblock'  itemprop=\"text\" ><h3>Beerdigung<\/h3>\n<p class=\"p1\">Ein Todesfall in der Familie, im Bekannten- oder Freundeskreis reisst eine L\u00fccke, die nur schwer auszuhalten ist. Wir sind f\u00fcr Sie da und begleiten Sie durch die Zeit des Abschiednehmens. Gemeinsam besprechen wir den Trauergottesdienst, um ihn pers\u00f6nlich gestalten zu k\u00f6nnen. Zur Festlegung des Abdankungstermins wenden Sie sich bitte an die Einwohner\u00e4mter der Gemeinden Bad Ragaz \u00e4mterbzw. Pf\u00e4fers und nehmen Sie Verbindung mit der diensttuen\u00adden Pfarrperson auf.<\/p>\n<p class=\"bodytext\">Die Beerdi\u00ad\u00adgun\u00ad\u00adgen finden normalerweise am Nach\u00admittag statt. Die Trau\u00ad\u00adergemeinde ver\u00adsammelt sich um 14 Uhr bei der Fried\u00ad\u00adhofshalle. Im Anschluss an den Abschied beim Grab wird um 14.30 Uhr ein Ab\u00ad\u00addankungsgottesdienst in der Reformierten Kir\u00adche Bad Ragaz gehalten. Eine Trauerfeier ausschliesslich am Grab ist auch m\u00f6glich.<\/p>\n<p class=\"bodytext\">Der jeweilige Kirchenmusiker\/die Kirchenmusikerin sind gerne bereit, auf musikalische W\u00fcnsche nach M\u00f6glichkeit einzugehen.<\/p>\n<p class=\"bodytext\">Ein Beamer und eine Musikanlage stehen \u00fcbrigens in der Kirche zur Verf\u00fcgung.<\/p>\n<p>N\u00fctzliche Informationen finden Sie in einem Dokument der <a href=\"https:\/\/www.badragaz.ch\/_docn\/336830\/Todesfall_-_was_ist_zu_tun.pdf\">Gemeinde Bad Ragaz <\/a>oder der <a href=\"https:\/\/www.pfaefers.ch\/_docn\/3895334\/Todesfall_was_ist_zu_tun_Homepage.pdf\">Gemeinde Pf\u00e4fers.<\/a><\/p>\n<\/div><\/section><\/div><div  class='flex_column av-35xsna-cd2df5896b9d081613ef1c367b7e067a av_one_half  avia-builder-el-2  el_after_av_one_half  avia-builder-el-last  flex_column_div  '     ><style type=\"text\/css\" data-created_by=\"avia_inline_auto\" id=\"style-css-av-lvh0j5wy-1fd617e5b49f793536d0d402b1bf98fe\">\n.avia-image-container.av-lvh0j5wy-1fd617e5b49f793536d0d402b1bf98fe img.avia_image{\nbox-shadow:none;\n}\n.avia-image-container.av-lvh0j5wy-1fd617e5b49f793536d0d402b1bf98fe .av-image-caption-overlay-center{\ncolor:#ffffff;\n}\n<\/style>\n<div  class='avia-image-container av-lvh0j5wy-1fd617e5b49f793536d0d402b1bf98fe av-styling- avia-align-center  avia-builder-el-3  avia-builder-el-no-sibling '   itemprop=\"image\" itemscope=\"itemscope\" itemtype=\"https:\/\/schema.org\/ImageObject\" ><div class=\"avia-image-container-inner\"><div class=\"avia-image-overlay-wrap\"><img decoding=\"async\" fetchpriority=\"high\" class='wp-image-3774 avia-img-lazy-loading-not-3774 avia_image ' src=\"https:\/\/ref-badragaz.ch\/go\/wp-content\/uploads\/2024\/04\/Fenster_3-495x400.jpg\" alt='' title='Fenster_3'  height=\"400\" width=\"495\"  itemprop=\"thumbnailUrl\" srcset=\"https:\/\/ref-badragaz.ch\/go\/wp-content\/uploads\/2024\/04\/Fenster_3-495x400.jpg 495w, https:\/\/ref-badragaz.ch\/go\/wp-content\/uploads\/2024\/04\/Fenster_3-845x684.jpg 845w\" sizes=\"(max-width: 495px) 100vw, 495px\" \/><\/div><\/div><\/div><\/div><\/p>\n<div class=\"verowa-persons-events-container persons-events-container\" ><div class=\"person-container single-persons\">\n<div class=\"person\">\r\n\t\r\n\t\r\n\t\t\t<div class=\"person_image\"><a href=\"https:\/\/ref-badragaz.ch\/go\/person\/13\/\"><img decoding=\"async\" src=\"https:\/\/secure.verowa.ch\/users\/ref-badragaz\/images\/comp\/LPztUkhive2fE7eHxZ6ath.jpg\" \/><\/a><\/div>\r\n\t\t\r\n\t<div class=\"person_description\">\r\n\t\t<h4 class=\"name\"><a href=\"https:\/\/ref-badragaz.ch\/go\/person\/13\/\">Andreas G\u00e4umann<\/a><\/h4>\r\n\t\t\r\n\t\t<p class=\"short_desc\">am Donnerstag in der Regel abwesend<\/p>\r\n\t\t<p class=\"profession\">Pfarrer<\/p>\r\n\t\t<div class=\"person_meta\">\r\n\t\t\t<ul>\r\n\t\t\t\t\r\n\t\t\t\t\r\n\t\t\t\t<li class=\"email\"><a href=\"mailto:andreas.gaeumann@ref-badragaz.ch\">E-Mail<\/a><\/li>\r\n\t\t\t\t\r\n\t\t\t\t<li class=\"phone\">081 302 71 89<\/li>\r\n\t\t\t<\/ul>\r\n\t\t<\/div>\r\n\t<\/div>\r\n<\/div><div class=\"person\">\r\n\t\r\n\t\r\n\t\t\t<div class=\"person_image\"><a href=\"https:\/\/ref-badragaz.ch\/go\/person\/17\/\"><img decoding=\"async\" src=\"https:\/\/secure.verowa.ch\/users\/ref-badragaz\/images\/comp\/EG4AM4oaDAUvHCqgNoPuth.jpg\" \/><\/a><\/div>\r\n\t\t\r\n\t<div class=\"person_description\">\r\n\t\t<h4 class=\"name\"><a href=\"https:\/\/ref-badragaz.ch\/go\/person\/17\/\">Sabine G\u00e4umann<\/a><\/h4>\r\n\t\t\r\n\t\t\r\n\t\t<p class=\"profession\">Pfarrerin<\/p>\r\n\t\t<div class=\"person_meta\">\r\n\t\t\t<ul>\r\n\t\t\t\t\r\n\t\t\t\t\r\n\t\t\t\t<li class=\"email\"><a href=\"mailto:sabine.gaeumann@ref-badragaz.ch\">E-Mail<\/a><\/li>\r\n\t\t\t\t\r\n\t\t\t\t<li class=\"phone\">081 302 71 89<\/li>\r\n\t\t\t<\/ul>\r\n\t\t<\/div>\r\n\t<\/div>\r\n<\/div><\/div>\n<\/div>","protected":false},"excerpt":{"rendered":"<p>Andreas G\u00e4umann am Donnerstag in der Regel abwesend Pfarrer E-Mail 081 302 71 89 Sabine G\u00e4umann Pfarrerin E-Mail 081 302 71 89<\/p>\n","protected":false},"author":1,"featured_media":0,"parent":0,"menu_order":0,"comment_status":"closed","ping_status":"closed","template":"","meta":{"footnotes":"","_links_to":"","_links_to_target":""},"class_list":["post-3382","page","type-page","status-publish","hentry"],"_links":{"self":[{"href":"https:\/\/ref-badragaz.ch\/go\/wp-json\/wp\/v2\/pages\/3382","targetHints":{"allow":["GET"]}}],"collection":[{"href":"https:\/\/ref-badragaz.ch\/go\/wp-json\/wp\/v2\/pages"}],"about":[{"href":"https:\/\/ref-badragaz.ch\/go\/wp-json\/wp\/v2\/types\/page"}],"author":[{"embeddable":true,"href":"https:\/\/ref-badragaz.ch\/go\/wp-json\/wp\/v2\/users\/1"}],"replies":[{"embeddable":true,"href":"https:\/\/ref-badragaz.ch\/go\/wp-json\/wp\/v2\/comments?post=3382"}],"version-history":[{"count":4,"href":"https:\/\/ref-badragaz.ch\/go\/wp-json\/wp\/v2\/pages\/3382\/revisions"}],"predecessor-version":[{"id":4418,"href":"https:\/\/ref-badragaz.ch\/go\/wp-json\/wp\/v2\/pages\/3382\/revisions\/4418"}],"wp:attachment":[{"href":"https:\/\/ref-badragaz.ch\/go\/wp-json\/wp\/v2\/media?parent=3382"}],"curies":[{"name":"wp","href":"https:\/\/api.w.org\/{rel}","templated":true}]}}