{"id":3410,"date":"2024-04-11T12:27:31","date_gmt":"2024-04-11T12:27:31","guid":{"rendered":"https:\/\/ref-badragaz.ch.sora.ch-meta.net\/go\/?page_id=3410"},"modified":"2024-05-10T07:42:35","modified_gmt":"2024-05-10T07:42:35","slug":"geschichte","status":"publish","type":"page","link":"https:\/\/ref-badragaz.ch\/go\/geschichte\/","title":{"rendered":"Aus der Geschichte der Kirche"},"content":{"rendered":"<div  class='flex_column av-cqi7b6-4e81b15d92a00acfbf56467d8d94285a av_one_half  avia-builder-el-0  el_before_av_one_half  avia-builder-el-first  first flex_column_div  '     ><section  class='av_textblock_section av-lvg9qk6b-cfa317ee6b0d093b14bf536a8e7e7c84 '   itemscope=\"itemscope\" itemtype=\"https:\/\/schema.org\/CreativeWork\" ><div class='avia_textblock'  itemprop=\"text\" ><h3>Aus der Geschichte der Kirche<\/h3>\n<h6>Text von Kurt Sidler aus der Festschrift\u00a0 <a href=\"https:\/\/ref-badragaz.ch\/go\/wp-content\/uploads\/2024\/04\/Festschrift-150-Jahre-Kirchgemeinde.pdf\">&#8222;150 Jahre Evangelisch Reformierte Kirchgemeinde Bad Ragaz-Pf\u00e4fers&#8220;<\/a> (2013)<\/h6>\n<p>Der Gedanke an einen Kirchenbau ist fast so alt wie die Gemeinde selbst. Daf\u00fcr spricht schon ein im Gr\u00fcndungsjahr vorhandener, wenn auch noch so kleiner Kirchenbaufond. Dazu kamen die Bem\u00fchungen der Gemeinde bei der Regierung in St. Gallen und der von Bernhard Simon erhaltene Kirchenbauplatz. Sonst aber musste die Verwirklichung der so nahe liegenden Idee zur\u00fccktreten hinter die notwendigen Aufgaben des inneren Ausbaus der kleinen Gemeinde. Es gen\u00fcgte auch lange Zeit die im Jahre 1856 im Hof Ragaz eingerichtete Hauskapelle den damaligen Bed\u00fcrfnissen. Als dies nicht mehr der Fall war, richtete Bernhard Simon an Stelle der kleinen Kapelle einen gr\u00f6sseren Betsaal ein, der jedoch bald den Bau eines, den Verh\u00e4ltnissen der aufbl\u00fchenden Gemeinde und der Bedeutung des Kurortes angemessenen, w\u00fcrdigen Gotteshauses als notwendig erscheinen liess.<\/p>\n<h4><strong>Planung<\/strong><\/h4>\n<p>Am 27. Januar 1887, als der Baufond schon auf \u00fcber Fr. 60\u2018000.\u2013 gestiegen war, beschloss die Gemeinde zur Erlangung von Pl\u00e4nen eine Konkurrenz auszuschreiben. Von 28 eingereichten Entw\u00fcrfen wurde der \u00fcberragende Plan von Architekt Vollmer aus Berlin mit dem ersten Preis von Fr. 1\u2018200.\u2013 gekr\u00f6nt. Die Ausf\u00fchrung der Detailpl\u00e4ne wurde ihm \u00fcbertragen mit der festen \u00dcberzeugung, den Bau f\u00fcr Fr. 80\u2018000.\u2013 bis Fr. 90\u2018000.\u2013 ausf\u00fchren zu k\u00f6nnen. Die Kostenberechnungen ergaben aber eine enorme \u00dcberschreitung des Voranschlages. Mehrmalige Reduktionen waren notwendig, um das Ziel von Fr. 100\u2018000.\u2013 mit Ausstattung und Glocken nicht zu \u00fcberschreiten. Am 24. M\u00e4rz wurde der dritte Entwurf Vollmer\u2018s genehmigt.<\/p>\n<p>Der Sommer 1889 war f\u00fcr die evangelisch-reformierte Gemeinde von freudiger Bedeutsamkeit. ln ihm sollte ein Werk begonnen werden, an dessen Ausf\u00fchrung manche nicht mehr recht glauben wollten, weil es eine uns\u00e4glich m\u00fchselige Vorgeschichte hatte. Am 12. April 1889 hielt die Baukommission, bestehend aus den durch die Kirchenvorsteherschaft gew\u00e4hlten Herren Kantonsrat Fridolin Simon, Hauptmann Andrea Pozzi und Pfarrer Emil Br\u00e4ndli, ihre Sitzung ab und genehmigte den Vertrag \u00fcber die Bauleitung. Architekt Ferdinand Wachter aus St. Gallen, der Erbauer der dortigen St. Leonhardskirche, wurde zum Bauleiter ernannt. Am 7. Juni wurden Erd-, Mauer- und Steinhauerarbeiten an Herrn Ferdinand B\u00fcrer R\u00fcst, Baumeister aus Ragaz vergeben, bald darauf auch die Zimmerarbeiten. Als Material wurde f\u00fcr Sockel und Cyklopenmauerwerk der dunkle Ragazer Stein, f\u00fcr die Architekturteile der gelbe Kalkstein von Metz gew\u00e4hlt.<\/p>\n<h4><strong>Spatenstich<\/strong><\/h4>\n<p>Der Spatenstich geschah am 11. Juni. Fridolin Simon verlas die auf Pergament ausgef\u00fchrte Urkunde, welche also lautete: \u00abIm Namen Gottes! Am Samstag den 17. August des Jahres 1889 wurde diese Urkunde in den Grundstein der neuen evangelischen Kirche zu Ragaz versenkt und feierlich verschlossen. Einem kommenden Geschlechte soll sie mit den \u00fcbrigen Dokumenten, welche mit ihr die dunkle Behausung im Grundstein teilen, Kunde geben von der Entstehung dieses Baues, sowie von dem, was unsere gegenw\u00e4rtige (dannzumal l\u00e4ngst vergangene) Zeit geistig und religi\u00f6s bewegte\u00bb. Der feierlich gesetzte Grundstein befindet sich an der westlichen Ecke des Turmsockels.<\/p>\n<\/div><\/section><\/div><div  class='flex_column av-b1lceq-efe3b235a6c86bd2ef358db22fb71062 av_one_half  avia-builder-el-2  el_after_av_one_half  el_before_av_one_half  flex_column_div  '     ><p>\n<style type=\"text\/css\" data-created_by=\"avia_inline_auto\" id=\"style-css-av-lvga3487-362f960461998f7a695bb28ea8a89ed3\">\n.avia-image-container.av-lvga3487-362f960461998f7a695bb28ea8a89ed3 img.avia_image{\nbox-shadow:none;\n}\n.avia-image-container.av-lvga3487-362f960461998f7a695bb28ea8a89ed3 .av-image-caption-overlay-center{\ncolor:#ffffff;\n}\n<\/style>\n<div  class='avia-image-container av-lvga3487-362f960461998f7a695bb28ea8a89ed3 av-styling- avia-align-center  avia-builder-el-3  el_before_av_textblock  avia-builder-el-first '   itemprop=\"image\" itemscope=\"itemscope\" itemtype=\"https:\/\/schema.org\/ImageObject\" ><div class=\"avia-image-container-inner\"><div class=\"avia-image-overlay-wrap\"><img decoding=\"async\" fetchpriority=\"high\" class='wp-image-3525 avia-img-lazy-loading-not-3525 avia_image ' src=\"https:\/\/ref-badragaz.ch\/go\/wp-content\/uploads\/2024\/04\/Planskitze-ohne-634x1030.jpg\" alt='' title=''  height=\"1030\" width=\"634\"  itemprop=\"thumbnailUrl\" srcset=\"https:\/\/ref-badragaz.ch\/go\/wp-content\/uploads\/2024\/04\/Planskitze-ohne-634x1030.jpg 634w, https:\/\/ref-badragaz.ch\/go\/wp-content\/uploads\/2024\/04\/Planskitze-ohne-185x300.jpg 185w, https:\/\/ref-badragaz.ch\/go\/wp-content\/uploads\/2024\/04\/Planskitze-ohne-768x1248.jpg 768w, https:\/\/ref-badragaz.ch\/go\/wp-content\/uploads\/2024\/04\/Planskitze-ohne-946x1536.jpg 946w, https:\/\/ref-badragaz.ch\/go\/wp-content\/uploads\/2024\/04\/Planskitze-ohne-1261x2048.jpg 1261w, https:\/\/ref-badragaz.ch\/go\/wp-content\/uploads\/2024\/04\/Planskitze-ohne-923x1500.jpg 923w, https:\/\/ref-badragaz.ch\/go\/wp-content\/uploads\/2024\/04\/Planskitze-ohne-434x705.jpg 434w, https:\/\/ref-badragaz.ch\/go\/wp-content\/uploads\/2024\/04\/Planskitze-ohne-scaled.jpg 1576w\" sizes=\"(max-width: 634px) 100vw, 634px\" \/><\/div><\/div><\/div><br \/>\n<section  class='av_textblock_section av-lvgbw85x-fd76be7d1eb3851fe7fd990a1243aea1 '   itemscope=\"itemscope\" itemtype=\"https:\/\/schema.org\/CreativeWork\" ><div class='avia_textblock'  itemprop=\"text\" ><p style=\"text-align: center;\">Planskizze von Johannes Vollmer<\/p>\n<\/div><\/section><\/p><\/div><\/p>\n<div  class='flex_column av-8ybaoi-18414efd34dfcb9347b0dccc105b17e2 av_one_half  avia-builder-el-5  el_after_av_one_half  el_before_av_one_half  first flex_column_div  column-top-margin'     ><p>\n<style type=\"text\/css\" data-created_by=\"avia_inline_auto\" id=\"style-css-av-lvgbhxts-4643514c547fe4baf6f7e7165e538060\">\n.avia-image-container.av-lvgbhxts-4643514c547fe4baf6f7e7165e538060 img.avia_image{\nbox-shadow:none;\n}\n.avia-image-container.av-lvgbhxts-4643514c547fe4baf6f7e7165e538060 .av-image-caption-overlay-center{\ncolor:#ffffff;\n}\n<\/style>\n<div  class='avia-image-container av-lvgbhxts-4643514c547fe4baf6f7e7165e538060 av-styling- avia-align-center  avia-builder-el-6  el_before_av_image  avia-builder-el-first '   itemprop=\"image\" itemscope=\"itemscope\" itemtype=\"https:\/\/schema.org\/ImageObject\" ><div class=\"avia-image-container-inner\"><div class=\"avia-image-overlay-wrap\"><img decoding=\"async\" fetchpriority=\"high\" class='wp-image-3678 avia-img-lazy-loading-not-3678 avia_image ' src=\"https:\/\/ref-badragaz.ch\/go\/wp-content\/uploads\/2024\/04\/DSC_5186-495x400.jpg\" alt='' title='DSC_5186'  height=\"400\" width=\"495\"  itemprop=\"thumbnailUrl\" srcset=\"https:\/\/ref-badragaz.ch\/go\/wp-content\/uploads\/2024\/04\/DSC_5186-495x400.jpg 495w, https:\/\/ref-badragaz.ch\/go\/wp-content\/uploads\/2024\/04\/DSC_5186-845x684.jpg 845w\" sizes=\"(max-width: 495px) 100vw, 495px\" \/><\/div><\/div><\/div><br \/>\n\n<style type=\"text\/css\" data-created_by=\"avia_inline_auto\" id=\"style-css-av-lvgcl0hz-bf644a15f327cd4abf5c7cb1151ab7a8\">\n.avia-image-container.av-lvgcl0hz-bf644a15f327cd4abf5c7cb1151ab7a8 img.avia_image{\nbox-shadow:none;\n}\n.avia-image-container.av-lvgcl0hz-bf644a15f327cd4abf5c7cb1151ab7a8 .av-image-caption-overlay-center{\ncolor:#ffffff;\n}\n<\/style>\n<div  class='avia-image-container av-lvgcl0hz-bf644a15f327cd4abf5c7cb1151ab7a8 av-styling- avia-align-center  avia-builder-el-7  el_after_av_image  avia-builder-el-last '   itemprop=\"image\" itemscope=\"itemscope\" itemtype=\"https:\/\/schema.org\/ImageObject\" ><div class=\"avia-image-container-inner\"><div class=\"avia-image-overlay-wrap\"><img decoding=\"async\" fetchpriority=\"high\" class='wp-image-3677 avia-img-lazy-loading-not-3677 avia_image ' src=\"https:\/\/ref-badragaz.ch\/go\/wp-content\/uploads\/2024\/04\/DSC_5172-495x400.jpg\" alt='' title='DSC_5172'  height=\"400\" width=\"495\"  itemprop=\"thumbnailUrl\" srcset=\"https:\/\/ref-badragaz.ch\/go\/wp-content\/uploads\/2024\/04\/DSC_5172-495x400.jpg 495w, https:\/\/ref-badragaz.ch\/go\/wp-content\/uploads\/2024\/04\/DSC_5172-845x684.jpg 845w\" sizes=\"(max-width: 495px) 100vw, 495px\" \/><\/div><\/div><\/div><\/p><\/div>\n<div  class='flex_column av-7xu2g2-c135ee45bb7c128359cac3da24599f21 av_one_half  avia-builder-el-8  el_after_av_one_half  el_before_av_one_half  flex_column_div  column-top-margin'     ><section  class='av_textblock_section av-lvga6597-f8d824c2b1b997d9974629167b213065 '   itemscope=\"itemscope\" itemtype=\"https:\/\/schema.org\/CreativeWork\" ><div class='avia_textblock'  itemprop=\"text\" ><h4>Kirchenbau<\/h4>\n<p>Der Turm ist auf einer durchgehenden Platte aus Beton von 80 cm H\u00f6he fundiert. ln seinem unteren Teil 6.50 m breit, verj\u00fcngt er sich in einer H\u00f6he von 21.15 m bei Anfang des Helmes auf 5.00 m. Die Helmh\u00f6he betr\u00e4gt 21.60 m, die ganze H\u00f6he des Turmes von Fuss bis zur Spitze des Kreuzes 49.20 m. Statt der im Plane angenommenen inneren Lichtweite der Kirche von 20.00 m L\u00e4nge und 11.00 m Breite, wurde die innere L\u00e4nge auf 21.60 m angelegt bei gleicher inneren Breite. Die Mauern am Schiff wurden durchgehend 70 cm ausgef\u00fchrt, die des Turmes 140 cm. Die \u00e4ussere L\u00e4nge der Kirche betr\u00e4gt 32.00 m, die \u00e4ussere Breite 12.40 m. Die \u00e4ussere H\u00f6he vom erh\u00f6hten Terrain bis zum Dach betr\u00e4gt 7.15 m, die Dachh\u00f6he 9.00 m, also die ganze H\u00f6he von Fuss bis zum First der Kirche 16.15 m. Die innere H\u00f6he vom Fussboden bis zur Decke 11.35 m.<\/p>\n<p>Statt des veranschlagten Rohmauerwerks f\u00fcr den Sockel entschied man sich f\u00fcr die Anwendung von regelm\u00e4ssig behauenen Bossenquadern von Ragazer Stein in zwei durchgehenden Schichten. Nachdem schon am 20. Juni auch die Zimmerarbeiten an Herrn B\u00fcrer vergeben worden waren, konnte am 23. Oktober mit Aufrichten des Dachstuhls durch Herrn Zimmermeister Beglinger aus Walenstatt begonnen und dessen Vollendung am 26. Oktober durch das Richtfest der Arbeiter gefeiert werden. Das aufrichten des Turmkreuzes erfolgte am 6. September 1890. Eine erste Deckung des Daches mit einem Schindelunterzug wurde durch Herrn Dachdecker Gabathuler aus Tr\u00fcbbach vorgenommen. Am 25. Oktober wurden Dachrinnen, Abfallrohre, Blechanschl\u00fcsse, Grat- und Firstbleche an Herrn Triet in Ragaz vergeben. Rinnenhaken, die Schneerechen und Dachhaken an Herrn Lori in Ragaz. Die Schmiedearbeit und Beschl\u00e4ge der T\u00fcren, sowie die Eisenarbeiten an der Turmspitze wurden am 1. November an Herrn Schlossermeiser Tobler aus St. Gallen \u00fcbergeben. Die eisernen Jalousien am Glockenhaus an die Lieferanten von Glockenstuhl und Gel\u00e4ute Ruetschi + Cie. \u00fcbertragen.<\/p>\n<p>Im Januar 1890 wurde \u00fcber die Art und Weise der Dachdeckung endg\u00fcltig Beschluss gefasst. Sie sollte mit rotem Ardennenschiefer auf franz\u00f6sische Art auf Lattung geschehen. Die Ausf\u00fchrung der Dachdeckung am Schiff der Kirche wurde Herrn Landsrath in Basel \u00fcbertragen, die Deckung des Turmhelms in gleicher Manier, jedoch mit kleineren Schiefern, an Herrn Gyr aus St. Gallen. Die Ausf\u00fchrung der Kupferarbeiten am Turm wurde ihm ebenfalls \u00fcbertragen. Anfang des Jahres entschied man sich f\u00fcr eine Kanal-Luft-Heizung und \u00fcbertrug die Ausf\u00fchrung an Herrn J. Scherrer, Heizungstechniker in Neunkirch bei Schaffhausen.<\/p>\n<\/div><\/section><\/div>\n<div  class='flex_column av-586z8i-621279f46a6deee6ede6b055671b3bf3 av_one_half  avia-builder-el-10  el_after_av_one_half  el_before_av_one_half  first flex_column_div  column-top-margin'     ><section  class='av_textblock_section av-lvgcchg5-1ddfa72c7f697d10b700c52ace7f8344 '   itemscope=\"itemscope\" itemtype=\"https:\/\/schema.org\/CreativeWork\" ><div class='avia_textblock'  itemprop=\"text\" ><p>Die Anfertigung von Abendmahltisch und Kanzelfuss in buntem Marmor ist durch die Herren Gonzenbach + Mayer, Marmorgesch\u00e4ft aus St. Gallen geschaffen worden. Er ist in origineller in der Mitte eine halbkreisf\u00f6rmige Vorlage f\u00fcr Weise mit dem Taufstein verbunden. Die Platte das Taufbecken und ruht auf f\u00fcnf kleinen S\u00e4ulen wie die Basis, aus gelbem Solothurnstein, zeigt aus rotem Pyren\u00e4en-Marmor.<\/p>\n<p>Im Chor rechts steht die Kanzel aus Eichenholz, ein Muster edler Zeichnung und sch\u00f6ner Arbeit. Sie ruht auf einem ebenfalls aus gelbem und rotem Marmor zusammengesetzten Fuss. F\u00fcr die Schreinerarbeiten ist nur ausgesucht sch\u00f6nes Holz f\u00fcr Decke, T\u00fcren, T\u00e4fer und Bestuhlung verwendet worden, das seine Natur ohne deckenden Anstrich unverh\u00fcllt zur Geltung bringt. Die B\u00e4nke, teils aus Eichen-, teils aus Tannenholz, sind nicht nur im Kirchenschiff aufgestellt, sondern ziehen sich auch den L\u00e4ngsseiten entlang und sind durch sch\u00f6n geschnitzte Br\u00fcstungen gegen den Gang abgegrenzt. Die giebelf\u00f6rmig aufsteigende Holzdecke mit sichtbarer Konstruktion erscheint lebendig und selbst durch die reiche Farbdekoration dringt der warme Naturton des Holzes hindurch.<\/p>\n<\/div><\/section><\/div>\n<div  class='flex_column av-3ntnoi-d1d8afac1819643e9aabc99e8201a7ae av_one_half  avia-builder-el-12  el_after_av_one_half  el_before_av_one_half  flex_column_div  column-top-margin'     ><style type=\"text\/css\" data-created_by=\"avia_inline_auto\" id=\"style-css-av-lvgcendh-f95b3ac1a71de1cff6d49f92749f8074\">\n.avia-image-container.av-lvgcendh-f95b3ac1a71de1cff6d49f92749f8074 img.avia_image{\nbox-shadow:none;\n}\n.avia-image-container.av-lvgcendh-f95b3ac1a71de1cff6d49f92749f8074 .av-image-caption-overlay-center{\ncolor:#ffffff;\n}\n<\/style>\n<div  class='avia-image-container av-lvgcendh-f95b3ac1a71de1cff6d49f92749f8074 av-styling- avia-align-center  avia-builder-el-13  avia-builder-el-no-sibling '   itemprop=\"image\" itemscope=\"itemscope\" itemtype=\"https:\/\/schema.org\/ImageObject\" ><div class=\"avia-image-container-inner\"><div class=\"avia-image-overlay-wrap\"><img decoding=\"async\" fetchpriority=\"high\" class='wp-image-3539 avia-img-lazy-loading-not-3539 avia_image ' src=\"https:\/\/ref-badragaz.ch\/go\/wp-content\/uploads\/2024\/04\/DSC_4950-1030x687.jpg\" alt='' title='DSC_4950'  height=\"687\" width=\"1030\"  itemprop=\"thumbnailUrl\" srcset=\"https:\/\/ref-badragaz.ch\/go\/wp-content\/uploads\/2024\/04\/DSC_4950-1030x687.jpg 1030w, https:\/\/ref-badragaz.ch\/go\/wp-content\/uploads\/2024\/04\/DSC_4950-300x200.jpg 300w, https:\/\/ref-badragaz.ch\/go\/wp-content\/uploads\/2024\/04\/DSC_4950-768x512.jpg 768w, https:\/\/ref-badragaz.ch\/go\/wp-content\/uploads\/2024\/04\/DSC_4950-1536x1025.jpg 1536w, https:\/\/ref-badragaz.ch\/go\/wp-content\/uploads\/2024\/04\/DSC_4950-2048x1367.jpg 2048w, https:\/\/ref-badragaz.ch\/go\/wp-content\/uploads\/2024\/04\/DSC_4950-1500x1001.jpg 1500w, https:\/\/ref-badragaz.ch\/go\/wp-content\/uploads\/2024\/04\/DSC_4950-705x470.jpg 705w\" sizes=\"(max-width: 1030px) 100vw, 1030px\" \/><\/div><\/div><\/div><\/div>\n<div  class='flex_column av-d6e8y-d79b406e9daa42525278ac3bf08afd00 av_one_half  avia-builder-el-14  el_after_av_one_half  el_before_av_one_half  first flex_column_div  column-top-margin'     ><style type=\"text\/css\" data-created_by=\"avia_inline_auto\" id=\"style-css-av-lvgaw2sg-7ad615c7dfff65c2e8c936379e5a1e1c\">\n.avia-image-container.av-lvgaw2sg-7ad615c7dfff65c2e8c936379e5a1e1c img.avia_image{\nbox-shadow:none;\n}\n.avia-image-container.av-lvgaw2sg-7ad615c7dfff65c2e8c936379e5a1e1c .av-image-caption-overlay-center{\ncolor:#ffffff;\n}\n<\/style>\n<div  class='avia-image-container av-lvgaw2sg-7ad615c7dfff65c2e8c936379e5a1e1c av-styling- avia-align-center  avia-builder-el-15  avia-builder-el-no-sibling '   itemprop=\"image\" itemscope=\"itemscope\" itemtype=\"https:\/\/schema.org\/ImageObject\" ><div class=\"avia-image-container-inner\"><div class=\"avia-image-overlay-wrap\"><img decoding=\"async\" fetchpriority=\"high\" class='wp-image-3568 avia-img-lazy-loading-not-3568 avia_image ' src=\"https:\/\/ref-badragaz.ch\/go\/wp-content\/uploads\/2024\/04\/DSC_5017-1030x687.jpg\" alt='' title='DSC_5017'  height=\"687\" width=\"1030\"  itemprop=\"thumbnailUrl\" srcset=\"https:\/\/ref-badragaz.ch\/go\/wp-content\/uploads\/2024\/04\/DSC_5017-1030x687.jpg 1030w, https:\/\/ref-badragaz.ch\/go\/wp-content\/uploads\/2024\/04\/DSC_5017-300x200.jpg 300w, https:\/\/ref-badragaz.ch\/go\/wp-content\/uploads\/2024\/04\/DSC_5017-768x512.jpg 768w, https:\/\/ref-badragaz.ch\/go\/wp-content\/uploads\/2024\/04\/DSC_5017-1536x1025.jpg 1536w, https:\/\/ref-badragaz.ch\/go\/wp-content\/uploads\/2024\/04\/DSC_5017-2048x1367.jpg 2048w, https:\/\/ref-badragaz.ch\/go\/wp-content\/uploads\/2024\/04\/DSC_5017-1500x1001.jpg 1500w, https:\/\/ref-badragaz.ch\/go\/wp-content\/uploads\/2024\/04\/DSC_5017-705x470.jpg 705w\" sizes=\"(max-width: 1030px) 100vw, 1030px\" \/><\/div><\/div><\/div><\/div>\n<div  class='flex_column av-21fodu-6305a3ccb9bea9cd9d48a00cb5f75ef6 av_one_half  avia-builder-el-16  el_after_av_one_half  avia-builder-el-last  flex_column_div  column-top-margin'     ><section  class='av_textblock_section av-lvgcdexy-0ef5a1ea6d7d028b193cc45d2bc8c94a '   itemscope=\"itemscope\" itemtype=\"https:\/\/schema.org\/CreativeWork\" ><div class='avia_textblock'  itemprop=\"text\" ><h4>Dekorationsmalerei<\/h4>\n<p>Gegen Ende des 19. Jahrhunderts tendierte Vollmer bei den Innenr\u00e4umen seiner Kirchenbauten zu einer verst\u00e4rkten Dekorationsfreude. Hierbei zeigte es sich, dass ihm die Dekorationsmalerei ebenso wichtig war wie der \u00e4ussere Bau.<\/p>\n<p>H\u00e4ufig ist in Vollmer\u2018s Kirchen die Nachahmung von Architektonischem, so des Steinverbandes anzutreffen, der mit Ornamentmalerei verbunden sein kann; dagegen ist das Vorkommen fig\u00fcrlicher Ausmalung selten. Dieser Steinverband erscheint \u00fcber dem Sockelt\u00e4fer bis in K\u00e4mpferh\u00f6he und ist bis zur Chor\u00f6ffnung herumgef\u00fchrt. Auch werden die Bogenunterz\u00fcge, so beim Chorbogen mit Ornaments-Streifen belegt. Mit Bord\u00fcren einfarbig setzt Vollmer Wandzonen voneinander ab und zieht damit Fensterreihen in H\u00f6he ihrer K\u00e4mpferlinie zusammen. Noch bevor Vollmer \u00fcber die das Architektursystem begleitende Ornamentik zum Fl\u00e4chenschmuck hin\u00fcber wechselt, imitiert er im Chor \u00fcber der Sockelzone Vorhangdraperien. Ornamentik als Fl\u00e4chenschmuck, Teppich- oder Tapetenmuster kommt ebenfalls haupts\u00e4chlich in Ch\u00f6ren zum Tragen. Das Vorhallenmosaik zeigt einfache, in geometrische Umrisse gebrachte, das Christentum symbolisierende Kreuzdarstellungen. Im Chor schm\u00fcckt Vollmer die Fussbodenfl\u00e4che vor dem Altartisch und stellt ein miteinander verschlungenes Alpha und Omega innerhalb einer quadratischen Umrissform dar, Christus als Ersten und Letzten symbolisierend. Die Dekorationsmalerei ist im Streiflicht l\u00fcckenlos zu erkennen. Eine originalgetreue Rekonstruktion ist bei der Renovation 2001 nicht bewilligt worden.<\/p>\n<\/div><\/section><\/div>\n","protected":false},"excerpt":{"rendered":"","protected":false},"author":1,"featured_media":0,"parent":0,"menu_order":0,"comment_status":"closed","ping_status":"closed","template":"","meta":{"footnotes":"","_links_to":"","_links_to_target":""},"class_list":["post-3410","page","type-page","status-publish","hentry"],"_links":{"self":[{"href":"https:\/\/ref-badragaz.ch\/go\/wp-json\/wp\/v2\/pages\/3410","targetHints":{"allow":["GET"]}}],"collection":[{"href":"https:\/\/ref-badragaz.ch\/go\/wp-json\/wp\/v2\/pages"}],"about":[{"href":"https:\/\/ref-badragaz.ch\/go\/wp-json\/wp\/v2\/types\/page"}],"author":[{"embeddable":true,"href":"https:\/\/ref-badragaz.ch\/go\/wp-json\/wp\/v2\/users\/1"}],"replies":[{"embeddable":true,"href":"https:\/\/ref-badragaz.ch\/go\/wp-json\/wp\/v2\/comments?post=3410"}],"version-history":[{"count":52,"href":"https:\/\/ref-badragaz.ch\/go\/wp-json\/wp\/v2\/pages\/3410\/revisions"}],"predecessor-version":[{"id":4802,"href":"https:\/\/ref-badragaz.ch\/go\/wp-json\/wp\/v2\/pages\/3410\/revisions\/4802"}],"wp:attachment":[{"href":"https:\/\/ref-badragaz.ch\/go\/wp-json\/wp\/v2\/media?parent=3410"}],"curies":[{"name":"wp","href":"https:\/\/api.w.org\/{rel}","templated":true}]}}