{"id":3413,"date":"2024-04-11T12:28:09","date_gmt":"2024-04-11T12:28:09","guid":{"rendered":"https:\/\/ref-badragaz.ch.sora.ch-meta.net\/go\/?page_id=3413"},"modified":"2024-04-29T06:14:17","modified_gmt":"2024-04-29T06:14:17","slug":"innenraum","status":"publish","type":"page","link":"https:\/\/ref-badragaz.ch\/go\/innenraum\/","title":{"rendered":"Innenraum"},"content":{"rendered":"<div  class='flex_column av-3ne0et-403ccabd5c637f9fde7089a274894128 av_one_half  avia-builder-el-0  el_before_av_one_half  avia-builder-el-first  first flex_column_div  '     ><section  class='av_textblock_section av-lvgdgx1r-98b57dd9f40990fcbd36e9c7929a8ea8 '   itemscope=\"itemscope\" itemtype=\"https:\/\/schema.org\/CreativeWork\" ><div class='avia_textblock'  itemprop=\"text\" ><h3>Innenraum der Kirche<\/h3>\n<p>In der Vorhalle ist der Zugang zur Orgelempore. Beidseitig der T\u00fcre zur Kirche befinden sich Holzskulpturen, welche Symbole der vier Evangelisten darstellen: Engel f\u00fcr Matth\u00e4us, L\u00f6we f\u00fcr Markus, Stier f\u00fcr Lukas und Adler f\u00fcr Johannes.<\/p>\n<h5>Eigentlicher Innenraum<\/h5>\n<p>Die giebelf\u00f6rmig aufsteigende Holz\u00addecke des eigentlichen Innenraums entfaltet mit der sichtbaren Konstruktion und der rei\u00adchen Farbendekoration eine starke Wirkung. Die W\u00e4nde sind oberhalb der ringsum gef\u00fchrten Holzvert\u00e4fe\u00adlung mit einer schlichten Bord\u00fcre dekoriert. Im Chor steht vor einer h\u00f6l\u00adzernen R\u00fcckwand ein Abend\u00admahlstisch aus gelbem Solothurner Stein. Rechts vor dem Chor steht die Kanzel auf einem Fuss aus gelbem und rotem Marmor. Die Orgelempore aus Holz ist wie die Decke dunkel lasiert und farbig gefasst.<\/p>\n<p>Im Rahmen der Renovation vom Jahr 2001 wurde der Taufstein vom hinteren Teil des Chorraumes unter dem tragenden Bogen versetzt. Die vordersten Bankreihen wurden weggelassen. So ist es nun m\u00f6glich, Podeste f\u00fcr Ch\u00f6re und Musiker aufzustellen. Die Fenster wurden im Atelier restauriert und teilweise neu verbleit. Die Wandbeleuchtung im Kirchenschiff wurde angepasst und die in ihrer Eigenheit alte Decke wurde indirekt beleuchtet.<\/p>\n<h5>Orgel<\/h5>\n<p>Die<a href=\"https:\/\/ref-badragaz.ch.sora.ch-meta.net\/go\/?page_id=3422\"> Orgel<\/a> wurde im Jahr 2016 von Orgelbau Goll AG erbaut und ersetzte ein Vorg\u00e4ngerinstrument aus dem Jahr 1968. Die neue Orgel hat 26 Register, verteilt auf Hauptwerk, Schwellwerk und Pedal; die Spiel- und Registertraktur ist rein mechanisch.<\/p>\n<\/div><\/section><\/div><div  class='flex_column av-2djujp-81be5e1dfbfa33283fd5aaa8495a04b9 av_one_half  avia-builder-el-2  el_after_av_one_half  el_before_av_one_fourth  flex_column_div  '     ><style type=\"text\/css\" data-created_by=\"avia_inline_auto\" id=\"style-css-av-lvgdmadp-e1bd4d235bc07b8bd7afe75af7e07ea7\">\n.avia-image-container.av-lvgdmadp-e1bd4d235bc07b8bd7afe75af7e07ea7 img.avia_image{\nbox-shadow:none;\n}\n.avia-image-container.av-lvgdmadp-e1bd4d235bc07b8bd7afe75af7e07ea7 .av-image-caption-overlay-center{\ncolor:#ffffff;\n}\n<\/style>\n<div  class='avia-image-container av-lvgdmadp-e1bd4d235bc07b8bd7afe75af7e07ea7 av-styling- avia-align-center  avia-builder-el-3  avia-builder-el-no-sibling '   itemprop=\"image\" itemscope=\"itemscope\" itemtype=\"https:\/\/schema.org\/ImageObject\" ><div class=\"avia-image-container-inner\"><div class=\"avia-image-overlay-wrap\"><img decoding=\"async\" fetchpriority=\"high\" class='wp-image-3689 avia-img-lazy-loading-not-3689 avia_image ' src=\"https:\/\/ref-badragaz.ch\/go\/wp-content\/uploads\/2024\/04\/DSC_5052-845x684.jpg\" alt='' title='DSC_5052'  height=\"684\" width=\"845\"  itemprop=\"thumbnailUrl\" srcset=\"https:\/\/ref-badragaz.ch\/go\/wp-content\/uploads\/2024\/04\/DSC_5052-845x684.jpg 845w, https:\/\/ref-badragaz.ch\/go\/wp-content\/uploads\/2024\/04\/DSC_5052-495x400.jpg 495w\" sizes=\"(max-width: 845px) 100vw, 845px\" \/><\/div><\/div><\/div><\/div><\/p>\n<div  class='flex_column av-7m0tt1-c6600b721f6010cc86c46dd94910c7f9 av_one_fourth  avia-builder-el-4  el_after_av_one_half  el_before_av_one_fourth  first flex_column_div  column-top-margin'     ><style type=\"text\/css\" data-created_by=\"avia_inline_auto\" id=\"style-css-av-lvjt468z-6b08c5e691de457b1cecdd61f1275655\">\n.avia-image-container.av-lvjt468z-6b08c5e691de457b1cecdd61f1275655 img.avia_image{\nbox-shadow:none;\n}\n.avia-image-container.av-lvjt468z-6b08c5e691de457b1cecdd61f1275655 .av-image-caption-overlay-center{\ncolor:#ffffff;\n}\n<\/style>\n<div  class='avia-image-container av-lvjt468z-6b08c5e691de457b1cecdd61f1275655 av-styling- avia-align-center  avia-builder-el-5  avia-builder-el-no-sibling '   itemprop=\"image\" itemscope=\"itemscope\" itemtype=\"https:\/\/schema.org\/ImageObject\" ><div class=\"avia-image-container-inner\"><div class=\"avia-image-overlay-wrap\"><img decoding=\"async\" fetchpriority=\"high\" class='wp-image-3569 avia-img-lazy-loading-not-3569 avia_image ' src=\"https:\/\/ref-badragaz.ch\/go\/wp-content\/uploads\/2024\/04\/DSC_5016-845x684.jpg\" alt='' title='DSC_5016'  height=\"684\" width=\"845\"  itemprop=\"thumbnailUrl\" srcset=\"https:\/\/ref-badragaz.ch\/go\/wp-content\/uploads\/2024\/04\/DSC_5016-845x684.jpg 845w, https:\/\/ref-badragaz.ch\/go\/wp-content\/uploads\/2024\/04\/DSC_5016-495x400.jpg 495w\" sizes=\"(max-width: 845px) 100vw, 845px\" \/><\/div><\/div><\/div><\/div>\n<div  class='flex_column av-5u3y0l-fc17197f00b295178e2a308b017d7640 av_one_fourth  avia-builder-el-6  el_after_av_one_fourth  el_before_av_one_fourth  flex_column_div  column-top-margin'     ><style type=\"text\/css\" data-created_by=\"avia_inline_auto\" id=\"style-css-av-lvjt4xdg-173269794b672c3afb4c1e34cdb14701\">\n.avia-image-container.av-lvjt4xdg-173269794b672c3afb4c1e34cdb14701 img.avia_image{\nbox-shadow:none;\n}\n.avia-image-container.av-lvjt4xdg-173269794b672c3afb4c1e34cdb14701 .av-image-caption-overlay-center{\ncolor:#ffffff;\n}\n<\/style>\n<div  class='avia-image-container av-lvjt4xdg-173269794b672c3afb4c1e34cdb14701 av-styling- avia-align-center  avia-builder-el-7  avia-builder-el-no-sibling '   itemprop=\"image\" itemscope=\"itemscope\" itemtype=\"https:\/\/schema.org\/ImageObject\" ><div class=\"avia-image-container-inner\"><div class=\"avia-image-overlay-wrap\"><img decoding=\"async\" fetchpriority=\"high\" class='wp-image-3691 avia-img-lazy-loading-not-3691 avia_image ' src=\"https:\/\/ref-badragaz.ch\/go\/wp-content\/uploads\/2024\/04\/DSC_5073-495x400.jpg\" alt='' title='DSC_5073'  height=\"400\" width=\"495\"  itemprop=\"thumbnailUrl\" srcset=\"https:\/\/ref-badragaz.ch\/go\/wp-content\/uploads\/2024\/04\/DSC_5073-495x400.jpg 495w, https:\/\/ref-badragaz.ch\/go\/wp-content\/uploads\/2024\/04\/DSC_5073-845x684.jpg 845w\" sizes=\"(max-width: 495px) 100vw, 495px\" \/><\/div><\/div><\/div><\/div>\n<div  class='flex_column av-3h73px-7cd7e9a1a76766cb987b1e322d56ce34 av_one_fourth  avia-builder-el-8  el_after_av_one_fourth  el_before_av_one_fourth  flex_column_div  column-top-margin'     ><style type=\"text\/css\" data-created_by=\"avia_inline_auto\" id=\"style-css-av-lvjt5wwc-e960f268e9ecaf903286bd428bc19c7a\">\n.avia-image-container.av-lvjt5wwc-e960f268e9ecaf903286bd428bc19c7a img.avia_image{\nbox-shadow:none;\n}\n.avia-image-container.av-lvjt5wwc-e960f268e9ecaf903286bd428bc19c7a .av-image-caption-overlay-center{\ncolor:#ffffff;\n}\n<\/style>\n<div  class='avia-image-container av-lvjt5wwc-e960f268e9ecaf903286bd428bc19c7a av-styling- avia-align-center  avia-builder-el-9  avia-builder-el-no-sibling '   itemprop=\"image\" itemscope=\"itemscope\" itemtype=\"https:\/\/schema.org\/ImageObject\" ><div class=\"avia-image-container-inner\"><div class=\"avia-image-overlay-wrap\"><img decoding=\"async\" fetchpriority=\"high\" class='wp-image-3688 avia-img-lazy-loading-not-3688 avia_image ' src=\"https:\/\/ref-badragaz.ch\/go\/wp-content\/uploads\/2024\/04\/DSC_5048-495x400.jpg\" alt='' title='DSC_5048'  height=\"400\" width=\"495\"  itemprop=\"thumbnailUrl\" srcset=\"https:\/\/ref-badragaz.ch\/go\/wp-content\/uploads\/2024\/04\/DSC_5048-495x400.jpg 495w, https:\/\/ref-badragaz.ch\/go\/wp-content\/uploads\/2024\/04\/DSC_5048-845x684.jpg 845w\" sizes=\"(max-width: 495px) 100vw, 495px\" \/><\/div><\/div><\/div><\/div>\n<div  class='flex_column av-25r2it-c17ec04d56401b5118440d7b822f6968 av_one_fourth  avia-builder-el-10  el_after_av_one_fourth  avia-builder-el-last  flex_column_div  column-top-margin'     ><style type=\"text\/css\" data-created_by=\"avia_inline_auto\" id=\"style-css-av-lvjt70pr-d5b153c6b60667ddaf19b374950c3fe8\">\n.avia-image-container.av-lvjt70pr-d5b153c6b60667ddaf19b374950c3fe8 img.avia_image{\nbox-shadow:none;\n}\n.avia-image-container.av-lvjt70pr-d5b153c6b60667ddaf19b374950c3fe8 .av-image-caption-overlay-center{\ncolor:#ffffff;\n}\n<\/style>\n<div  class='avia-image-container av-lvjt70pr-d5b153c6b60667ddaf19b374950c3fe8 av-styling- avia-align-center  avia-builder-el-11  avia-builder-el-no-sibling '   itemprop=\"image\" itemscope=\"itemscope\" itemtype=\"https:\/\/schema.org\/ImageObject\" ><div class=\"avia-image-container-inner\"><div class=\"avia-image-overlay-wrap\"><img decoding=\"async\" fetchpriority=\"high\" class='wp-image-3539 avia-img-lazy-loading-not-3539 avia_image ' src=\"https:\/\/ref-badragaz.ch\/go\/wp-content\/uploads\/2024\/04\/DSC_4950-495x400.jpg\" alt='' title='DSC_4950'  height=\"400\" width=\"495\"  itemprop=\"thumbnailUrl\" srcset=\"https:\/\/ref-badragaz.ch\/go\/wp-content\/uploads\/2024\/04\/DSC_4950-495x400.jpg 495w, https:\/\/ref-badragaz.ch\/go\/wp-content\/uploads\/2024\/04\/DSC_4950-845x684.jpg 845w\" sizes=\"(max-width: 495px) 100vw, 495px\" \/><\/div><\/div><\/div><\/div>\n","protected":false},"excerpt":{"rendered":"","protected":false},"author":1,"featured_media":0,"parent":0,"menu_order":0,"comment_status":"closed","ping_status":"closed","template":"","meta":{"footnotes":"","_links_to":"","_links_to_target":""},"class_list":["post-3413","page","type-page","status-publish","hentry"],"_links":{"self":[{"href":"https:\/\/ref-badragaz.ch\/go\/wp-json\/wp\/v2\/pages\/3413","targetHints":{"allow":["GET"]}}],"collection":[{"href":"https:\/\/ref-badragaz.ch\/go\/wp-json\/wp\/v2\/pages"}],"about":[{"href":"https:\/\/ref-badragaz.ch\/go\/wp-json\/wp\/v2\/types\/page"}],"author":[{"embeddable":true,"href":"https:\/\/ref-badragaz.ch\/go\/wp-json\/wp\/v2\/users\/1"}],"replies":[{"embeddable":true,"href":"https:\/\/ref-badragaz.ch\/go\/wp-json\/wp\/v2\/comments?post=3413"}],"version-history":[{"count":44,"href":"https:\/\/ref-badragaz.ch\/go\/wp-json\/wp\/v2\/pages\/3413\/revisions"}],"predecessor-version":[{"id":4110,"href":"https:\/\/ref-badragaz.ch\/go\/wp-json\/wp\/v2\/pages\/3413\/revisions\/4110"}],"wp:attachment":[{"href":"https:\/\/ref-badragaz.ch\/go\/wp-json\/wp\/v2\/media?parent=3413"}],"curies":[{"name":"wp","href":"https:\/\/api.w.org\/{rel}","templated":true}]}}