{"id":3416,"date":"2024-04-11T12:29:32","date_gmt":"2024-04-11T12:29:32","guid":{"rendered":"https:\/\/ref-badragaz.ch.sora.ch-meta.net\/go\/?page_id=3416"},"modified":"2024-04-28T18:29:00","modified_gmt":"2024-04-28T18:29:00","slug":"glasfenster","status":"publish","type":"page","link":"https:\/\/ref-badragaz.ch\/go\/glasfenster\/","title":{"rendered":"Glasfenster"},"content":{"rendered":"<div  class='flex_column av-3wtimw-2e189b1fc62c7c96f535d2b38cac42b2 av_one_third  avia-builder-el-0  el_before_av_two_third  avia-builder-el-first  first flex_column_div  '     ><section  class='av_textblock_section av-lvge67zg-d5d18989ffbcc0cedc1a3b9a220ca0f7 '   itemscope=\"itemscope\" itemtype=\"https:\/\/schema.org\/CreativeWork\" ><div class='avia_textblock'  itemprop=\"text\" ><h3><strong>Glasfenster<\/strong><\/h3>\n<p>Besonders beeindruckend sind die farbigen Fenster, die von der k\u00f6niglichen Mayerschen Hofkunstanstalt in M\u00fcnchen angefertigt worden sind.<\/p>\n<h5>Grosses Rundfenster<\/h5>\n<p>Das grosse Rundfenster, welches die R\u00fcckwand des Chores ziert, enth\u00e4lt eine Darstellung der Verkl\u00e4rung Jesu auf dem Berg Tabor (Matth\u00e4us 17, 1-9). Links von Jesus sitzt Moses mit Gesetzestafeln. In Bildern wurde er fr\u00fcher oft mit H\u00f6rnern dargestellt, weil sein Namens\u00adzusatz \u00abder Erleuchtete\u00bb in der lateinischen Bibel\u00fcber\u00adsetzung mit \u00abder Geh\u00f6rnte\u00bb \u00fcbersetzt wurde. Rechts sitzt der Prophet Elia, der als Mittler zwischen Gott und den Menschen Gottes Botschaften \u00fcber\u00adbringt. Zu F\u00fcssen von Jesu sind die J\u00fcnger Petrus, Jakobus und Johannes.<\/p>\n<\/div><\/section><\/div>\n<div  class='flex_column av-1wes1k-97827de343e200fb0693d9a51cc234f4 av_two_third  avia-builder-el-2  el_after_av_one_third  el_before_av_one_full  flex_column_div  '     ><style type=\"text\/css\" data-created_by=\"avia_inline_auto\" id=\"style-css-av-lvge7aw2-6b985ec9e56392f3d9cbd4fbf6782deb\">\n.avia-image-container.av-lvge7aw2-6b985ec9e56392f3d9cbd4fbf6782deb img.avia_image{\nbox-shadow:none;\n}\n.avia-image-container.av-lvge7aw2-6b985ec9e56392f3d9cbd4fbf6782deb .av-image-caption-overlay-center{\ncolor:#ffffff;\n}\n<\/style>\n<div  class='avia-image-container av-lvge7aw2-6b985ec9e56392f3d9cbd4fbf6782deb av-styling- avia-align-center  avia-builder-el-3  avia-builder-el-no-sibling  av-has-copyright av-copyright-always'   itemprop=\"image\" itemscope=\"itemscope\" itemtype=\"https:\/\/schema.org\/ImageObject\" ><div class=\"avia-image-container-inner\"><div class=\"avia-image-overlay-wrap\"><img decoding=\"async\" fetchpriority=\"high\" class='wp-image-3499 avia-img-lazy-loading-not-3499 avia_image ' src=\"https:\/\/ref-badragaz.ch\/go\/wp-content\/uploads\/2024\/04\/ff_007-710x375.jpg\" alt='' title='ff_007'  height=\"375\" width=\"710\"  itemprop=\"thumbnailUrl\"  \/><\/div><small class=\"avia-copyright\">Werner Fetzer<\/small><\/div><\/div><\/div>\n<div  class='flex_column av-i0uhew-8a1a1abde91610039649159e22717b9a av_one_full  avia-builder-el-4  el_after_av_two_third  el_before_av_one_fourth  first flex_column_div  column-top-margin'     ><section  class='av_textblock_section av-lvjtwp25-82b93aa25f707928be0787da3d45aeb6 '   itemscope=\"itemscope\" itemtype=\"https:\/\/schema.org\/CreativeWork\" ><div class='avia_textblock'  itemprop=\"text\" ><h5>Seitenfenster<\/h5>\n<p>Die je vier Seitenfenster enthalten leichten farbenreichen ornamentalen Schmuck; im oberen, dunkler gehaltenen Kreis sind Spr\u00fcche der Heiligen Schrift und Liedanf\u00e4nge aus dem Gesangbuch zu lesen.<\/p>\n<p><strong>Seitenfenster auf der Kanzelseite von vorn nach hinten<\/strong>: <em>Eine feste Burg ist unser Gott; Wir glauben all an einen Gott; Der Herr ist mein Hirte; Befiehl dem Herrn deine Wege.<\/em><\/p>\n<\/div><\/section><\/div>\n<div  class='flex_column av-f79ago-5933bb5e6ac05e1a68d2bf7073958be0 av_one_fourth  avia-builder-el-6  el_after_av_one_full  el_before_av_one_fourth  first flex_column_div  column-top-margin'     ><style type=\"text\/css\" data-created_by=\"avia_inline_auto\" id=\"style-css-av-lvju1qzv-ef0835921df3b2a763d4ac99f0405fc7\">\n.avia-image-container.av-lvju1qzv-ef0835921df3b2a763d4ac99f0405fc7 img.avia_image{\nbox-shadow:none;\n}\n.avia-image-container.av-lvju1qzv-ef0835921df3b2a763d4ac99f0405fc7 .av-image-caption-overlay-center{\ncolor:#ffffff;\n}\n<\/style>\n<div  class='avia-image-container av-lvju1qzv-ef0835921df3b2a763d4ac99f0405fc7 av-styling- avia-align-center  avia-builder-el-7  avia-builder-el-no-sibling  av-has-copyright av-copyright-always'   itemprop=\"image\" itemscope=\"itemscope\" itemtype=\"https:\/\/schema.org\/ImageObject\" ><div class=\"avia-image-container-inner\"><div class=\"avia-image-overlay-wrap\"><img decoding=\"async\" fetchpriority=\"high\" class='wp-image-3778 avia-img-lazy-loading-not-3778 avia_image ' src=\"https:\/\/ref-badragaz.ch\/go\/wp-content\/uploads\/2024\/04\/Fenster_7-705x705.jpg\" alt='' title='Fenster_7'  height=\"705\" width=\"705\"  itemprop=\"thumbnailUrl\" srcset=\"https:\/\/ref-badragaz.ch\/go\/wp-content\/uploads\/2024\/04\/Fenster_7-705x705.jpg 705w, https:\/\/ref-badragaz.ch\/go\/wp-content\/uploads\/2024\/04\/Fenster_7-300x300.jpg 300w, https:\/\/ref-badragaz.ch\/go\/wp-content\/uploads\/2024\/04\/Fenster_7-1030x1030.jpg 1030w, https:\/\/ref-badragaz.ch\/go\/wp-content\/uploads\/2024\/04\/Fenster_7-80x80.jpg 80w, https:\/\/ref-badragaz.ch\/go\/wp-content\/uploads\/2024\/04\/Fenster_7-768x768.jpg 768w, https:\/\/ref-badragaz.ch\/go\/wp-content\/uploads\/2024\/04\/Fenster_7-1536x1536.jpg 1536w, https:\/\/ref-badragaz.ch\/go\/wp-content\/uploads\/2024\/04\/Fenster_7-36x36.jpg 36w, https:\/\/ref-badragaz.ch\/go\/wp-content\/uploads\/2024\/04\/Fenster_7-180x180.jpg 180w, https:\/\/ref-badragaz.ch\/go\/wp-content\/uploads\/2024\/04\/Fenster_7-1500x1500.jpg 1500w, https:\/\/ref-badragaz.ch\/go\/wp-content\/uploads\/2024\/04\/Fenster_7.jpg 2000w\" sizes=\"(max-width: 705px) 100vw, 705px\" \/><\/div><small class=\"avia-copyright\">Werner Fetzer<\/small><\/div><\/div><\/div>\n<div  class='flex_column av-es1g8o-65668356436ac30de51e4231ed69eeb4 av_one_fourth  avia-builder-el-8  el_after_av_one_fourth  el_before_av_one_fourth  flex_column_div  column-top-margin'     ><style type=\"text\/css\" data-created_by=\"avia_inline_auto\" id=\"style-css-av-lvju2ktn-8fe3762364c622368b2b68d712493efc\">\n.avia-image-container.av-lvju2ktn-8fe3762364c622368b2b68d712493efc img.avia_image{\nbox-shadow:none;\n}\n.avia-image-container.av-lvju2ktn-8fe3762364c622368b2b68d712493efc .av-image-caption-overlay-center{\ncolor:#ffffff;\n}\n<\/style>\n<div  class='avia-image-container av-lvju2ktn-8fe3762364c622368b2b68d712493efc av-styling- avia-align-center  avia-builder-el-9  avia-builder-el-no-sibling  av-has-copyright av-copyright-always'   itemprop=\"image\" itemscope=\"itemscope\" itemtype=\"https:\/\/schema.org\/ImageObject\" ><div class=\"avia-image-container-inner\"><div class=\"avia-image-overlay-wrap\"><img decoding=\"async\" fetchpriority=\"high\" class='wp-image-3773 avia-img-lazy-loading-not-3773 avia_image ' src=\"https:\/\/ref-badragaz.ch\/go\/wp-content\/uploads\/2024\/04\/Fenster_1-705x705.jpg\" alt='' title='Fenster_1'  height=\"705\" width=\"705\"  itemprop=\"thumbnailUrl\" srcset=\"https:\/\/ref-badragaz.ch\/go\/wp-content\/uploads\/2024\/04\/Fenster_1-705x705.jpg 705w, https:\/\/ref-badragaz.ch\/go\/wp-content\/uploads\/2024\/04\/Fenster_1-300x300.jpg 300w, https:\/\/ref-badragaz.ch\/go\/wp-content\/uploads\/2024\/04\/Fenster_1-1030x1030.jpg 1030w, https:\/\/ref-badragaz.ch\/go\/wp-content\/uploads\/2024\/04\/Fenster_1-80x80.jpg 80w, https:\/\/ref-badragaz.ch\/go\/wp-content\/uploads\/2024\/04\/Fenster_1-768x768.jpg 768w, https:\/\/ref-badragaz.ch\/go\/wp-content\/uploads\/2024\/04\/Fenster_1-1536x1536.jpg 1536w, https:\/\/ref-badragaz.ch\/go\/wp-content\/uploads\/2024\/04\/Fenster_1-36x36.jpg 36w, https:\/\/ref-badragaz.ch\/go\/wp-content\/uploads\/2024\/04\/Fenster_1-180x180.jpg 180w, https:\/\/ref-badragaz.ch\/go\/wp-content\/uploads\/2024\/04\/Fenster_1-1500x1500.jpg 1500w, https:\/\/ref-badragaz.ch\/go\/wp-content\/uploads\/2024\/04\/Fenster_1.jpg 2000w\" sizes=\"(max-width: 705px) 100vw, 705px\" \/><\/div><small class=\"avia-copyright\">Werner Fetzer<\/small><\/div><\/div><\/div>\n<div  class='flex_column av-c37q4o-dac81b261cac349a6248786e048fe19d av_one_fourth  avia-builder-el-10  el_after_av_one_fourth  el_before_av_one_fourth  flex_column_div  column-top-margin'     ><style type=\"text\/css\" data-created_by=\"avia_inline_auto\" id=\"style-css-av-lvju3dbu-1262e4d57860d27b314cfeb071d49692\">\n.avia-image-container.av-lvju3dbu-1262e4d57860d27b314cfeb071d49692 img.avia_image{\nbox-shadow:none;\n}\n.avia-image-container.av-lvju3dbu-1262e4d57860d27b314cfeb071d49692 .av-image-caption-overlay-center{\ncolor:#ffffff;\n}\n<\/style>\n<div  class='avia-image-container av-lvju3dbu-1262e4d57860d27b314cfeb071d49692 av-styling- avia-align-center  avia-builder-el-11  avia-builder-el-no-sibling  av-has-copyright av-copyright-always'   itemprop=\"image\" itemscope=\"itemscope\" itemtype=\"https:\/\/schema.org\/ImageObject\" ><div class=\"avia-image-container-inner\"><div class=\"avia-image-overlay-wrap\"><img decoding=\"async\" fetchpriority=\"high\" class='wp-image-3774 avia-img-lazy-loading-not-3774 avia_image ' src=\"https:\/\/ref-badragaz.ch\/go\/wp-content\/uploads\/2024\/04\/Fenster_3-705x705.jpg\" alt='' title='Fenster_3'  height=\"705\" width=\"705\"  itemprop=\"thumbnailUrl\" srcset=\"https:\/\/ref-badragaz.ch\/go\/wp-content\/uploads\/2024\/04\/Fenster_3-705x705.jpg 705w, https:\/\/ref-badragaz.ch\/go\/wp-content\/uploads\/2024\/04\/Fenster_3-300x300.jpg 300w, https:\/\/ref-badragaz.ch\/go\/wp-content\/uploads\/2024\/04\/Fenster_3-1030x1030.jpg 1030w, https:\/\/ref-badragaz.ch\/go\/wp-content\/uploads\/2024\/04\/Fenster_3-80x80.jpg 80w, https:\/\/ref-badragaz.ch\/go\/wp-content\/uploads\/2024\/04\/Fenster_3-768x768.jpg 768w, https:\/\/ref-badragaz.ch\/go\/wp-content\/uploads\/2024\/04\/Fenster_3-1536x1536.jpg 1536w, https:\/\/ref-badragaz.ch\/go\/wp-content\/uploads\/2024\/04\/Fenster_3-36x36.jpg 36w, https:\/\/ref-badragaz.ch\/go\/wp-content\/uploads\/2024\/04\/Fenster_3-180x180.jpg 180w, https:\/\/ref-badragaz.ch\/go\/wp-content\/uploads\/2024\/04\/Fenster_3-1500x1500.jpg 1500w, https:\/\/ref-badragaz.ch\/go\/wp-content\/uploads\/2024\/04\/Fenster_3.jpg 2000w\" sizes=\"(max-width: 705px) 100vw, 705px\" \/><\/div><small class=\"avia-copyright\">Werner Fetzer<\/small><\/div><\/div><\/div>\n<div  class='flex_column av-10dnp4-948e7ad44530ff4c25b4f7a0e7e65e30 av_one_fourth  avia-builder-el-12  el_after_av_one_fourth  el_before_av_one_full  flex_column_div  column-top-margin'     ><style type=\"text\/css\" data-created_by=\"avia_inline_auto\" id=\"style-css-av-lvju43y3-29dc07aa16a2584f62d7a6960239307c\">\n.avia-image-container.av-lvju43y3-29dc07aa16a2584f62d7a6960239307c img.avia_image{\nbox-shadow:none;\n}\n.avia-image-container.av-lvju43y3-29dc07aa16a2584f62d7a6960239307c .av-image-caption-overlay-center{\ncolor:#ffffff;\n}\n<\/style>\n<div  class='avia-image-container av-lvju43y3-29dc07aa16a2584f62d7a6960239307c av-styling- avia-align-center  avia-builder-el-13  avia-builder-el-no-sibling  av-has-copyright av-copyright-always'   itemprop=\"image\" itemscope=\"itemscope\" itemtype=\"https:\/\/schema.org\/ImageObject\" ><div class=\"avia-image-container-inner\"><div class=\"avia-image-overlay-wrap\"><img decoding=\"async\" fetchpriority=\"high\" class='wp-image-3776 avia-img-lazy-loading-not-3776 avia_image ' src=\"https:\/\/ref-badragaz.ch\/go\/wp-content\/uploads\/2024\/04\/Fenster_5-705x705.jpg\" alt='' title='Fenster_5'  height=\"705\" width=\"705\"  itemprop=\"thumbnailUrl\" srcset=\"https:\/\/ref-badragaz.ch\/go\/wp-content\/uploads\/2024\/04\/Fenster_5-705x705.jpg 705w, https:\/\/ref-badragaz.ch\/go\/wp-content\/uploads\/2024\/04\/Fenster_5-300x300.jpg 300w, https:\/\/ref-badragaz.ch\/go\/wp-content\/uploads\/2024\/04\/Fenster_5-1030x1030.jpg 1030w, https:\/\/ref-badragaz.ch\/go\/wp-content\/uploads\/2024\/04\/Fenster_5-80x80.jpg 80w, https:\/\/ref-badragaz.ch\/go\/wp-content\/uploads\/2024\/04\/Fenster_5-768x768.jpg 768w, https:\/\/ref-badragaz.ch\/go\/wp-content\/uploads\/2024\/04\/Fenster_5-1536x1536.jpg 1536w, https:\/\/ref-badragaz.ch\/go\/wp-content\/uploads\/2024\/04\/Fenster_5-36x36.jpg 36w, https:\/\/ref-badragaz.ch\/go\/wp-content\/uploads\/2024\/04\/Fenster_5-180x180.jpg 180w, https:\/\/ref-badragaz.ch\/go\/wp-content\/uploads\/2024\/04\/Fenster_5-1500x1500.jpg 1500w, https:\/\/ref-badragaz.ch\/go\/wp-content\/uploads\/2024\/04\/Fenster_5.jpg 2000w\" sizes=\"(max-width: 705px) 100vw, 705px\" \/><\/div><small class=\"avia-copyright\">Werner Fetzer<\/small><\/div><\/div><\/div>\n\n<style type=\"text\/css\" data-created_by=\"avia_inline_auto\" id=\"style-css-av-9whd3c-53f6df7ba24dbf97b18c3cfae068adda\">\n.flex_column.av-9whd3c-53f6df7ba24dbf97b18c3cfae068adda{\nwidth:100%;\n}\n<\/style>\n<div  class='flex_column av-9whd3c-53f6df7ba24dbf97b18c3cfae068adda av_one_full  avia-builder-el-14  el_after_av_one_fourth  el_before_av_one_fourth  first flex_column_div  column-top-margin'     ><section  class='av_textblock_section av-lvju6wle-ccaf50d59ae5b4242b564d0e19032c8e '   itemscope=\"itemscope\" itemtype=\"https:\/\/schema.org\/CreativeWork\" ><div class='avia_textblock'  itemprop=\"text\" ><p><strong>Seitenfenster auf der gegen\u00fcberliegenden Seite:<\/strong>\u00a0 <em>Dein Wille geschehe; Es werde Licht; Gott ist mein Lied; Friede sei mit euch.<\/em><\/p>\n<\/div><\/section><\/div><div  class='flex_column av-7cxr48-e9bcae8eccb1cc8d0cd99cc0df7915b3 av_one_fourth  avia-builder-el-16  el_after_av_one_full  el_before_av_one_fourth  first flex_column_div  column-top-margin'     ><style type=\"text\/css\" data-created_by=\"avia_inline_auto\" id=\"style-css-av-lvju8g2i-5ed54b4e1930c16c581c26e3f84c8fac\">\n.avia-image-container.av-lvju8g2i-5ed54b4e1930c16c581c26e3f84c8fac img.avia_image{\nbox-shadow:none;\n}\n.avia-image-container.av-lvju8g2i-5ed54b4e1930c16c581c26e3f84c8fac .av-image-caption-overlay-center{\ncolor:#ffffff;\n}\n<\/style>\n<div  class='avia-image-container av-lvju8g2i-5ed54b4e1930c16c581c26e3f84c8fac av-styling- avia-align-center  avia-builder-el-17  avia-builder-el-no-sibling '   itemprop=\"image\" itemscope=\"itemscope\" itemtype=\"https:\/\/schema.org\/ImageObject\" ><div class=\"avia-image-container-inner\"><div class=\"avia-image-overlay-wrap\"><img decoding=\"async\" fetchpriority=\"high\" class='wp-image-3779 avia-img-lazy-loading-not-3779 avia_image ' src=\"https:\/\/ref-badragaz.ch\/go\/wp-content\/uploads\/2024\/04\/Fenster_8-705x705.jpg\" alt='' title='Fenster_8'  height=\"705\" width=\"705\"  itemprop=\"thumbnailUrl\" srcset=\"https:\/\/ref-badragaz.ch\/go\/wp-content\/uploads\/2024\/04\/Fenster_8-705x705.jpg 705w, https:\/\/ref-badragaz.ch\/go\/wp-content\/uploads\/2024\/04\/Fenster_8-300x300.jpg 300w, https:\/\/ref-badragaz.ch\/go\/wp-content\/uploads\/2024\/04\/Fenster_8-1030x1030.jpg 1030w, https:\/\/ref-badragaz.ch\/go\/wp-content\/uploads\/2024\/04\/Fenster_8-80x80.jpg 80w, https:\/\/ref-badragaz.ch\/go\/wp-content\/uploads\/2024\/04\/Fenster_8-768x768.jpg 768w, https:\/\/ref-badragaz.ch\/go\/wp-content\/uploads\/2024\/04\/Fenster_8-1536x1536.jpg 1536w, https:\/\/ref-badragaz.ch\/go\/wp-content\/uploads\/2024\/04\/Fenster_8-36x36.jpg 36w, https:\/\/ref-badragaz.ch\/go\/wp-content\/uploads\/2024\/04\/Fenster_8-180x180.jpg 180w, https:\/\/ref-badragaz.ch\/go\/wp-content\/uploads\/2024\/04\/Fenster_8-1500x1500.jpg 1500w, https:\/\/ref-badragaz.ch\/go\/wp-content\/uploads\/2024\/04\/Fenster_8.jpg 2000w\" sizes=\"(max-width: 705px) 100vw, 705px\" \/><\/div><\/div><\/div><\/div><\/p>\n<div  class='flex_column av-54liqw-abdeaa1ebe9e2e8628bea3a287ccb1aa av_one_fourth  avia-builder-el-18  el_after_av_one_fourth  el_before_av_one_fourth  flex_column_div  column-top-margin'     ><style type=\"text\/css\" data-created_by=\"avia_inline_auto\" id=\"style-css-av-lvju8vec-645800c38683b83b34472b7c062ab53a\">\n.avia-image-container.av-lvju8vec-645800c38683b83b34472b7c062ab53a img.avia_image{\nbox-shadow:none;\n}\n.avia-image-container.av-lvju8vec-645800c38683b83b34472b7c062ab53a .av-image-caption-overlay-center{\ncolor:#ffffff;\n}\n<\/style>\n<div  class='avia-image-container av-lvju8vec-645800c38683b83b34472b7c062ab53a av-styling- avia-align-center  avia-builder-el-19  avia-builder-el-no-sibling  av-has-copyright av-copyright-always'   itemprop=\"image\" itemscope=\"itemscope\" itemtype=\"https:\/\/schema.org\/ImageObject\" ><div class=\"avia-image-container-inner\"><div class=\"avia-image-overlay-wrap\"><img decoding=\"async\" fetchpriority=\"high\" class='wp-image-3780 avia-img-lazy-loading-not-3780 avia_image ' src=\"https:\/\/ref-badragaz.ch\/go\/wp-content\/uploads\/2024\/04\/Fenster_2-705x705.jpg\" alt='' title='Fenster_2'  height=\"705\" width=\"705\"  itemprop=\"thumbnailUrl\" srcset=\"https:\/\/ref-badragaz.ch\/go\/wp-content\/uploads\/2024\/04\/Fenster_2-705x705.jpg 705w, https:\/\/ref-badragaz.ch\/go\/wp-content\/uploads\/2024\/04\/Fenster_2-300x300.jpg 300w, https:\/\/ref-badragaz.ch\/go\/wp-content\/uploads\/2024\/04\/Fenster_2-1030x1030.jpg 1030w, https:\/\/ref-badragaz.ch\/go\/wp-content\/uploads\/2024\/04\/Fenster_2-80x80.jpg 80w, https:\/\/ref-badragaz.ch\/go\/wp-content\/uploads\/2024\/04\/Fenster_2-768x768.jpg 768w, https:\/\/ref-badragaz.ch\/go\/wp-content\/uploads\/2024\/04\/Fenster_2-1536x1536.jpg 1536w, https:\/\/ref-badragaz.ch\/go\/wp-content\/uploads\/2024\/04\/Fenster_2-36x36.jpg 36w, https:\/\/ref-badragaz.ch\/go\/wp-content\/uploads\/2024\/04\/Fenster_2-180x180.jpg 180w, https:\/\/ref-badragaz.ch\/go\/wp-content\/uploads\/2024\/04\/Fenster_2-1500x1500.jpg 1500w, https:\/\/ref-badragaz.ch\/go\/wp-content\/uploads\/2024\/04\/Fenster_2.jpg 2000w\" sizes=\"(max-width: 705px) 100vw, 705px\" \/><\/div><small class=\"avia-copyright\">Werner Fetzer<\/small><\/div><\/div><\/div>\n<div  class='flex_column av-3sf4h4-9a7308c272f81002affe0c76f0de5c27 av_one_fourth  avia-builder-el-20  el_after_av_one_fourth  el_before_av_one_fourth  flex_column_div  column-top-margin'     ><style type=\"text\/css\" data-created_by=\"avia_inline_auto\" id=\"style-css-av-lvjuanbu-532d80408741927976383cf31f4672b7\">\n.avia-image-container.av-lvjuanbu-532d80408741927976383cf31f4672b7 img.avia_image{\nbox-shadow:none;\n}\n.avia-image-container.av-lvjuanbu-532d80408741927976383cf31f4672b7 .av-image-caption-overlay-center{\ncolor:#ffffff;\n}\n<\/style>\n<div  class='avia-image-container av-lvjuanbu-532d80408741927976383cf31f4672b7 av-styling- avia-align-center  avia-builder-el-21  avia-builder-el-no-sibling  av-has-copyright av-copyright-always'   itemprop=\"image\" itemscope=\"itemscope\" itemtype=\"https:\/\/schema.org\/ImageObject\" ><div class=\"avia-image-container-inner\"><div class=\"avia-image-overlay-wrap\"><img decoding=\"async\" fetchpriority=\"high\" class='wp-image-3775 avia-img-lazy-loading-not-3775 avia_image ' src=\"https:\/\/ref-badragaz.ch\/go\/wp-content\/uploads\/2024\/04\/Fenster_4-705x705.jpg\" alt='' title='Fenster_4'  height=\"705\" width=\"705\"  itemprop=\"thumbnailUrl\" srcset=\"https:\/\/ref-badragaz.ch\/go\/wp-content\/uploads\/2024\/04\/Fenster_4-705x705.jpg 705w, https:\/\/ref-badragaz.ch\/go\/wp-content\/uploads\/2024\/04\/Fenster_4-300x300.jpg 300w, https:\/\/ref-badragaz.ch\/go\/wp-content\/uploads\/2024\/04\/Fenster_4-1030x1030.jpg 1030w, https:\/\/ref-badragaz.ch\/go\/wp-content\/uploads\/2024\/04\/Fenster_4-80x80.jpg 80w, https:\/\/ref-badragaz.ch\/go\/wp-content\/uploads\/2024\/04\/Fenster_4-768x768.jpg 768w, https:\/\/ref-badragaz.ch\/go\/wp-content\/uploads\/2024\/04\/Fenster_4-1536x1536.jpg 1536w, https:\/\/ref-badragaz.ch\/go\/wp-content\/uploads\/2024\/04\/Fenster_4-36x36.jpg 36w, https:\/\/ref-badragaz.ch\/go\/wp-content\/uploads\/2024\/04\/Fenster_4-180x180.jpg 180w, https:\/\/ref-badragaz.ch\/go\/wp-content\/uploads\/2024\/04\/Fenster_4-1500x1500.jpg 1500w, https:\/\/ref-badragaz.ch\/go\/wp-content\/uploads\/2024\/04\/Fenster_4.jpg 2000w\" sizes=\"(max-width: 705px) 100vw, 705px\" \/><\/div><small class=\"avia-copyright\">Werner Fetzer<\/small><\/div><\/div><\/div>\n<div  class='flex_column av-2o85fc-092ae0fe6391e8d766a67fa1fd898f6a av_one_fourth  avia-builder-el-22  el_after_av_one_fourth  avia-builder-el-last  flex_column_div  column-top-margin'     ><style type=\"text\/css\" data-created_by=\"avia_inline_auto\" id=\"style-css-av-lvjuaww4-497956ad5cd555804635484484ec2067\">\n.avia-image-container.av-lvjuaww4-497956ad5cd555804635484484ec2067 img.avia_image{\nbox-shadow:none;\n}\n.avia-image-container.av-lvjuaww4-497956ad5cd555804635484484ec2067 .av-image-caption-overlay-center{\ncolor:#ffffff;\n}\n<\/style>\n<div  class='avia-image-container av-lvjuaww4-497956ad5cd555804635484484ec2067 av-styling- avia-align-center  avia-builder-el-23  avia-builder-el-no-sibling  av-has-copyright av-copyright-always'   itemprop=\"image\" itemscope=\"itemscope\" itemtype=\"https:\/\/schema.org\/ImageObject\" ><div class=\"avia-image-container-inner\"><div class=\"avia-image-overlay-wrap\"><img decoding=\"async\" fetchpriority=\"high\" class='wp-image-3777 avia-img-lazy-loading-not-3777 avia_image ' src=\"https:\/\/ref-badragaz.ch\/go\/wp-content\/uploads\/2024\/04\/Fenster_6-705x705.jpg\" alt='' title='Fenster_6'  height=\"705\" width=\"705\"  itemprop=\"thumbnailUrl\" srcset=\"https:\/\/ref-badragaz.ch\/go\/wp-content\/uploads\/2024\/04\/Fenster_6-705x705.jpg 705w, https:\/\/ref-badragaz.ch\/go\/wp-content\/uploads\/2024\/04\/Fenster_6-300x300.jpg 300w, https:\/\/ref-badragaz.ch\/go\/wp-content\/uploads\/2024\/04\/Fenster_6-1030x1030.jpg 1030w, https:\/\/ref-badragaz.ch\/go\/wp-content\/uploads\/2024\/04\/Fenster_6-80x80.jpg 80w, https:\/\/ref-badragaz.ch\/go\/wp-content\/uploads\/2024\/04\/Fenster_6-768x768.jpg 768w, https:\/\/ref-badragaz.ch\/go\/wp-content\/uploads\/2024\/04\/Fenster_6-1536x1536.jpg 1536w, https:\/\/ref-badragaz.ch\/go\/wp-content\/uploads\/2024\/04\/Fenster_6-36x36.jpg 36w, https:\/\/ref-badragaz.ch\/go\/wp-content\/uploads\/2024\/04\/Fenster_6-180x180.jpg 180w, https:\/\/ref-badragaz.ch\/go\/wp-content\/uploads\/2024\/04\/Fenster_6-1500x1500.jpg 1500w, https:\/\/ref-badragaz.ch\/go\/wp-content\/uploads\/2024\/04\/Fenster_6.jpg 2000w\" sizes=\"(max-width: 705px) 100vw, 705px\" \/><\/div><small class=\"avia-copyright\">Werner Fetzer<\/small><\/div><\/div><\/div>\n","protected":false},"excerpt":{"rendered":"","protected":false},"author":1,"featured_media":0,"parent":0,"menu_order":0,"comment_status":"closed","ping_status":"closed","template":"","meta":{"footnotes":"","_links_to":"","_links_to_target":""},"class_list":["post-3416","page","type-page","status-publish","hentry"],"_links":{"self":[{"href":"https:\/\/ref-badragaz.ch\/go\/wp-json\/wp\/v2\/pages\/3416","targetHints":{"allow":["GET"]}}],"collection":[{"href":"https:\/\/ref-badragaz.ch\/go\/wp-json\/wp\/v2\/pages"}],"about":[{"href":"https:\/\/ref-badragaz.ch\/go\/wp-json\/wp\/v2\/types\/page"}],"author":[{"embeddable":true,"href":"https:\/\/ref-badragaz.ch\/go\/wp-json\/wp\/v2\/users\/1"}],"replies":[{"embeddable":true,"href":"https:\/\/ref-badragaz.ch\/go\/wp-json\/wp\/v2\/comments?post=3416"}],"version-history":[{"count":33,"href":"https:\/\/ref-badragaz.ch\/go\/wp-json\/wp\/v2\/pages\/3416\/revisions"}],"predecessor-version":[{"id":4082,"href":"https:\/\/ref-badragaz.ch\/go\/wp-json\/wp\/v2\/pages\/3416\/revisions\/4082"}],"wp:attachment":[{"href":"https:\/\/ref-badragaz.ch\/go\/wp-json\/wp\/v2\/media?parent=3416"}],"curies":[{"name":"wp","href":"https:\/\/api.w.org\/{rel}","templated":true}]}}