{"id":3419,"date":"2024-04-11T12:30:33","date_gmt":"2024-04-11T12:30:33","guid":{"rendered":"https:\/\/ref-badragaz.ch.sora.ch-meta.net\/go\/?page_id=3419"},"modified":"2024-05-17T20:54:03","modified_gmt":"2024-05-17T20:54:03","slug":"kirchturm-glocken","status":"publish","type":"page","link":"https:\/\/ref-badragaz.ch\/go\/kirchturm-glocken\/","title":{"rendered":"Glocken, Kirchturm"},"content":{"rendered":"<div  class='flex_column av-3wcl2j-eddc86d44997fc3cbc21ef3a75d9ea61 av_one_third  avia-builder-el-0  el_before_av_one_third  avia-builder-el-first  first flex_column_div  '     ><section  class='av_textblock_section av-lvgi4cv1-c19b73bd08dea04324410b48182a3450 '   itemscope=\"itemscope\" itemtype=\"https:\/\/schema.org\/CreativeWork\" ><div class='avia_textblock'  itemprop=\"text\" ><h3>Glocken &amp; Kirchturm<\/h3>\n<p>Der Turm baut sich durch jeweils eingezogene Stockwerke dreigeschossig auf, wobei die Glockenstube nochmals eingezogen ist. Das Turmdach entwickelt sich aus dem quadratischen unteren Teil zu einer achtseitigen Spitze und erreicht bis zur Spitze des Kreuzes eine H\u00f6he von 49.20 Meter. Der Turm ist im unteren Teil 6.50 Meter breit; bei Anfang des Helmes sind es noch 5.00 Meter. Die Helmh\u00f6he betr\u00e4gt 21.60 Meter.<\/p>\n<p>Im Kirchturm h\u00e4ngen vier Glocken, die 1890 von der Aarauer Firma R\u00fcetschi gegossen wurden. Von den Fachexperten wurde ein melodisches Gel\u00e4ute in \u00abCis, Fis, Gis, Ais\u00bb vorgeschlagen, das zu dem katholischen Gel\u00e4ute gut passt. Nach altem Brauch zieren die Glocken Verse aus der Heiligen Schrift.<\/p>\n<ul>\n<li><strong>Glocke 1<\/strong> (Cis, 2215 Kilogramm Gewicht): \u00abO Land, Land, Land, \u00a0H\u00f6re des Herrn Wort!\u00bb<\/li>\n<li><strong>Glocke 2<\/strong> (Fis, 963 Kilogramm Gewicht): \u00abChristus ist der Weg, die Wahrheit und das Leben!\u00bb<\/li>\n<li><strong>Glocke 3<\/strong> (Gis, 680 Kilogramm Gewicht): \u00abBete und arbeite!\u00bb<\/li>\n<li><strong>Glocke 4<\/strong> (Ais, 447 Kilogramm Gewicht): \u00abSelig sind, die reinen Herzen sind.\u00bb<\/li>\n<\/ul>\n<p>Der Glockenstuhl wurde im Jahr 2023 komplett saniert. Ein aus dem Jahr 2020 stammender <a href=\"https:\/\/www.youtube.com\/watch?v=OEQI6L2KzeQ\">Youtube-Beitrag<\/a> &#8211; also noch vor der Sanierung &#8211; zeigt das Gel\u00e4ute und l\u00e4sst es erklingen. Der Film ist auch auf dieser Seite eingebettet.<\/p>\n<\/div><\/section><\/div><div  class='flex_column av-7eeozf-b0e3cf581cb605658f753d83eaea526b av_one_third  avia-builder-el-2  el_after_av_one_third  el_before_av_one_third  flex_column_div  '     ><style type=\"text\/css\" data-created_by=\"avia_inline_auto\" id=\"style-css-av-lvgjlykc-afa996ae20892ae2e91fe4d1c49ddb8a\">\n.avia-image-container.av-lvgjlykc-afa996ae20892ae2e91fe4d1c49ddb8a img.avia_image{\nbox-shadow:none;\n}\n.avia-image-container.av-lvgjlykc-afa996ae20892ae2e91fe4d1c49ddb8a .av-image-caption-overlay-center{\ncolor:#ffffff;\n}\n<\/style>\n<div  class='avia-image-container av-lvgjlykc-afa996ae20892ae2e91fe4d1c49ddb8a av-styling- avia-align-center  avia-builder-el-3  avia-builder-el-no-sibling '   itemprop=\"image\" itemscope=\"itemscope\" itemtype=\"https:\/\/schema.org\/ImageObject\" ><div class=\"avia-image-container-inner\"><div class=\"avia-image-overlay-wrap\"><img decoding=\"async\" fetchpriority=\"high\" class='wp-image-3590 avia-img-lazy-loading-not-3590 avia_image ' src=\"https:\/\/ref-badragaz.ch\/go\/wp-content\/uploads\/2024\/04\/DSC_4768-687x1030.jpg\" alt='' title='DSC_4768'  height=\"1030\" width=\"687\"  itemprop=\"thumbnailUrl\" srcset=\"https:\/\/ref-badragaz.ch\/go\/wp-content\/uploads\/2024\/04\/DSC_4768-687x1030.jpg 687w, https:\/\/ref-badragaz.ch\/go\/wp-content\/uploads\/2024\/04\/DSC_4768-200x300.jpg 200w, https:\/\/ref-badragaz.ch\/go\/wp-content\/uploads\/2024\/04\/DSC_4768-768x1151.jpg 768w, https:\/\/ref-badragaz.ch\/go\/wp-content\/uploads\/2024\/04\/DSC_4768-1025x1536.jpg 1025w, https:\/\/ref-badragaz.ch\/go\/wp-content\/uploads\/2024\/04\/DSC_4768-1367x2048.jpg 1367w, https:\/\/ref-badragaz.ch\/go\/wp-content\/uploads\/2024\/04\/DSC_4768-1001x1500.jpg 1001w, https:\/\/ref-badragaz.ch\/go\/wp-content\/uploads\/2024\/04\/DSC_4768-470x705.jpg 470w, https:\/\/ref-badragaz.ch\/go\/wp-content\/uploads\/2024\/04\/DSC_4768-scaled.jpg 1708w\" sizes=\"(max-width: 687px) 100vw, 687px\" \/><\/div><\/div><\/div><\/div><\/p>\n<div  class='flex_column av-5piwnv-57aef43446ef99bf50bd58aefce6c081 av_one_third  avia-builder-el-4  el_after_av_one_third  el_before_av_one_third  flex_column_div  '     ><style type=\"text\/css\" data-created_by=\"avia_inline_auto\" id=\"style-css-av-lvgjh3g6-ab55e2dcf5acb3900d3dda86c51caada\">\n.avia-image-container.av-lvgjh3g6-ab55e2dcf5acb3900d3dda86c51caada img.avia_image{\nbox-shadow:none;\n}\n.avia-image-container.av-lvgjh3g6-ab55e2dcf5acb3900d3dda86c51caada .av-image-caption-overlay-center{\ncolor:#ffffff;\n}\n<\/style>\n<div  class='avia-image-container av-lvgjh3g6-ab55e2dcf5acb3900d3dda86c51caada av-styling- avia-align-center  avia-builder-el-5  avia-builder-el-no-sibling '   itemprop=\"image\" itemscope=\"itemscope\" itemtype=\"https:\/\/schema.org\/ImageObject\" ><div class=\"avia-image-container-inner\"><div class=\"avia-image-overlay-wrap\"><img decoding=\"async\" fetchpriority=\"high\" class='wp-image-3591 avia-img-lazy-loading-not-3591 avia_image ' src=\"https:\/\/ref-badragaz.ch\/go\/wp-content\/uploads\/2024\/04\/DSC_5144-687x1030.jpg\" alt='' title='DSC_5144'  height=\"1030\" width=\"687\"  itemprop=\"thumbnailUrl\" srcset=\"https:\/\/ref-badragaz.ch\/go\/wp-content\/uploads\/2024\/04\/DSC_5144-687x1030.jpg 687w, https:\/\/ref-badragaz.ch\/go\/wp-content\/uploads\/2024\/04\/DSC_5144-200x300.jpg 200w, https:\/\/ref-badragaz.ch\/go\/wp-content\/uploads\/2024\/04\/DSC_5144-768x1151.jpg 768w, https:\/\/ref-badragaz.ch\/go\/wp-content\/uploads\/2024\/04\/DSC_5144-1025x1536.jpg 1025w, https:\/\/ref-badragaz.ch\/go\/wp-content\/uploads\/2024\/04\/DSC_5144-1367x2048.jpg 1367w, https:\/\/ref-badragaz.ch\/go\/wp-content\/uploads\/2024\/04\/DSC_5144-1001x1500.jpg 1001w, https:\/\/ref-badragaz.ch\/go\/wp-content\/uploads\/2024\/04\/DSC_5144-470x705.jpg 470w, https:\/\/ref-badragaz.ch\/go\/wp-content\/uploads\/2024\/04\/DSC_5144-scaled.jpg 1708w\" sizes=\"(max-width: 687px) 100vw, 687px\" \/><\/div><\/div><\/div><\/div>\n<div  class='flex_column av-33smwb-2f0754bbaf0fb7f107e613a714ea4f02 av_one_third  avia-builder-el-6  el_after_av_one_third  el_before_av_one_third  first flex_column_div  column-top-margin'     ><style type=\"text\/css\" data-created_by=\"avia_inline_auto\" id=\"style-css-av-lvgjgfrm-ce9394df608ebec7d0f1aa2f3d71fc2b\">\n.avia-image-container.av-lvgjgfrm-ce9394df608ebec7d0f1aa2f3d71fc2b img.avia_image{\nbox-shadow:none;\n}\n.avia-image-container.av-lvgjgfrm-ce9394df608ebec7d0f1aa2f3d71fc2b .av-image-caption-overlay-center{\ncolor:#ffffff;\n}\n<\/style>\n<div  class='avia-image-container av-lvgjgfrm-ce9394df608ebec7d0f1aa2f3d71fc2b av-styling- avia-align-center  avia-builder-el-7  avia-builder-el-no-sibling '   itemprop=\"image\" itemscope=\"itemscope\" itemtype=\"https:\/\/schema.org\/ImageObject\" ><div class=\"avia-image-container-inner\"><div class=\"avia-image-overlay-wrap\"><img decoding=\"async\" fetchpriority=\"high\" class='wp-image-3532 avia-img-lazy-loading-not-3532 avia_image ' src=\"https:\/\/ref-badragaz.ch\/go\/wp-content\/uploads\/2024\/04\/DSC_4857-495x400.jpg\" alt='' title='DSC_4857'  height=\"400\" width=\"495\"  itemprop=\"thumbnailUrl\" srcset=\"https:\/\/ref-badragaz.ch\/go\/wp-content\/uploads\/2024\/04\/DSC_4857-495x400.jpg 495w, https:\/\/ref-badragaz.ch\/go\/wp-content\/uploads\/2024\/04\/DSC_4857-845x684.jpg 845w\" sizes=\"(max-width: 495px) 100vw, 495px\" \/><\/div><\/div><\/div><\/div>\n<div  class='flex_column av-4ikhd7-7bb484943d45c4af9943af71e80c5f2e av_one_third  avia-builder-el-8  el_after_av_one_third  el_before_av_one_third  flex_column_div  column-top-margin'     ><style type=\"text\/css\" data-created_by=\"avia_inline_auto\" id=\"style-css-av-lvgjgrfx-7ebc166ca38ee388ebb39acec3d70859\">\n.avia-image-container.av-lvgjgrfx-7ebc166ca38ee388ebb39acec3d70859 img.avia_image{\nbox-shadow:none;\n}\n.avia-image-container.av-lvgjgrfx-7ebc166ca38ee388ebb39acec3d70859 .av-image-caption-overlay-center{\ncolor:#ffffff;\n}\n<\/style>\n<div  class='avia-image-container av-lvgjgrfx-7ebc166ca38ee388ebb39acec3d70859 av-styling- avia-align-center  avia-builder-el-9  avia-builder-el-no-sibling '   itemprop=\"image\" itemscope=\"itemscope\" itemtype=\"https:\/\/schema.org\/ImageObject\" ><div class=\"avia-image-container-inner\"><div class=\"avia-image-overlay-wrap\"><img decoding=\"async\" fetchpriority=\"high\" class='wp-image-3530 avia-img-lazy-loading-not-3530 avia_image ' src=\"https:\/\/ref-badragaz.ch\/go\/wp-content\/uploads\/2024\/04\/DSC_4827-495x400.jpg\" alt='' title='DSC_4827'  height=\"400\" width=\"495\"  itemprop=\"thumbnailUrl\" srcset=\"https:\/\/ref-badragaz.ch\/go\/wp-content\/uploads\/2024\/04\/DSC_4827-495x400.jpg 495w, https:\/\/ref-badragaz.ch\/go\/wp-content\/uploads\/2024\/04\/DSC_4827-845x684.jpg 845w\" sizes=\"(max-width: 495px) 100vw, 495px\" \/><\/div><\/div><\/div><\/div>\n<div  class='flex_column av-2eqabv-8d6ac8146313d452ed8f468bdf8aefa5 av_one_third  avia-builder-el-10  el_after_av_one_third  el_before_av_one_third  flex_column_div  column-top-margin'     ><style type=\"text\/css\" data-created_by=\"avia_inline_auto\" id=\"style-css-av-lvgjnhbv-5aacde14b5efa4cc1a1abd20e0a80ac2\">\n.avia-image-container.av-lvgjnhbv-5aacde14b5efa4cc1a1abd20e0a80ac2 img.avia_image{\nbox-shadow:none;\n}\n.avia-image-container.av-lvgjnhbv-5aacde14b5efa4cc1a1abd20e0a80ac2 .av-image-caption-overlay-center{\ncolor:#ffffff;\n}\n<\/style>\n<div  class='avia-image-container av-lvgjnhbv-5aacde14b5efa4cc1a1abd20e0a80ac2 av-styling- avia-align-center  avia-builder-el-11  avia-builder-el-no-sibling '   itemprop=\"image\" itemscope=\"itemscope\" itemtype=\"https:\/\/schema.org\/ImageObject\" ><div class=\"avia-image-container-inner\"><div class=\"avia-image-overlay-wrap\"><img decoding=\"async\" fetchpriority=\"high\" class='wp-image-3533 avia-img-lazy-loading-not-3533 avia_image ' src=\"https:\/\/ref-badragaz.ch\/go\/wp-content\/uploads\/2024\/04\/DSC_4850-495x400.jpg\" alt='' title='DSC_4850'  height=\"400\" width=\"495\"  itemprop=\"thumbnailUrl\" srcset=\"https:\/\/ref-badragaz.ch\/go\/wp-content\/uploads\/2024\/04\/DSC_4850-495x400.jpg 495w, https:\/\/ref-badragaz.ch\/go\/wp-content\/uploads\/2024\/04\/DSC_4850-845x684.jpg 845w\" sizes=\"(max-width: 495px) 100vw, 495px\" \/><\/div><\/div><\/div><\/div>\n<div  class='flex_column av-1z7il7-79837fe055e1873976d4fffc1f372e7f av_one_third  avia-builder-el-12  el_after_av_one_third  avia-builder-el-last  first flex_column_div  column-top-margin'     ><section  class='av_textblock_section av-lwb4ztr7-ed7f3b702695c7b43a9d37c08b21fdf0 '   itemscope=\"itemscope\" itemtype=\"https:\/\/schema.org\/CreativeWork\" ><div class='avia_textblock'  itemprop=\"text\" ><p><iframe loading=\"lazy\" width=\"560\" height=\"315\" src=\"https:\/\/www.youtube.com\/embed\/OEQI6L2KzeQ?si=sDP6Ic2qwurxNwaK\" title=\"YouTube video player\" frameborder=\"0\" allow=\"accelerometer; autoplay; clipboard-write; encrypted-media; gyroscope; picture-in-picture; web-share\" referrerpolicy=\"strict-origin-when-cross-origin\" allowfullscreen><\/iframe><\/p>\n<\/div><\/section><\/div>\n","protected":false},"excerpt":{"rendered":"","protected":false},"author":1,"featured_media":0,"parent":0,"menu_order":0,"comment_status":"closed","ping_status":"closed","template":"","meta":{"footnotes":"","_links_to":"","_links_to_target":""},"class_list":["post-3419","page","type-page","status-publish","hentry"],"_links":{"self":[{"href":"https:\/\/ref-badragaz.ch\/go\/wp-json\/wp\/v2\/pages\/3419","targetHints":{"allow":["GET"]}}],"collection":[{"href":"https:\/\/ref-badragaz.ch\/go\/wp-json\/wp\/v2\/pages"}],"about":[{"href":"https:\/\/ref-badragaz.ch\/go\/wp-json\/wp\/v2\/types\/page"}],"author":[{"embeddable":true,"href":"https:\/\/ref-badragaz.ch\/go\/wp-json\/wp\/v2\/users\/1"}],"replies":[{"embeddable":true,"href":"https:\/\/ref-badragaz.ch\/go\/wp-json\/wp\/v2\/comments?post=3419"}],"version-history":[{"count":24,"href":"https:\/\/ref-badragaz.ch\/go\/wp-json\/wp\/v2\/pages\/3419\/revisions"}],"predecessor-version":[{"id":4904,"href":"https:\/\/ref-badragaz.ch\/go\/wp-json\/wp\/v2\/pages\/3419\/revisions\/4904"}],"wp:attachment":[{"href":"https:\/\/ref-badragaz.ch\/go\/wp-json\/wp\/v2\/media?parent=3419"}],"curies":[{"name":"wp","href":"https:\/\/api.w.org\/{rel}","templated":true}]}}