{"id":3431,"date":"2024-04-11T12:34:12","date_gmt":"2024-04-11T12:34:12","guid":{"rendered":"https:\/\/ref-badragaz.ch.sora.ch-meta.net\/go\/?page_id=3431"},"modified":"2024-06-06T16:08:57","modified_gmt":"2024-06-06T16:08:57","slug":"raeume-mieten","status":"publish","type":"page","link":"https:\/\/ref-badragaz.ch\/go\/raeume-mieten\/","title":{"rendered":"R\u00e4ume mieten"},"content":{"rendered":"<div  class='flex_column av-5tvddz-0f85e082f5744664920aec7526c0b593 av_one_third  avia-builder-el-0  el_before_av_one_third  avia-builder-el-first  first flex_column_div  '     ><section  class='av_textblock_section av-lvgo6c07-9a76b65603a55c8a653c30d5c6a42e6a '   itemscope=\"itemscope\" itemtype=\"https:\/\/schema.org\/CreativeWork\" ><div class='avia_textblock'  itemprop=\"text\" ><h3>R\u00e4ume mieten<\/h3>\n<p>Einige R\u00e4ume der Kirchgemeinde, namentlich der Saal und der Jugendraum, k\u00f6nnen gemietet werden. So finden regelm\u00e4ssig Gymnastik- und Yogastunden im Kirchgemeindehaus statt, aber auch ein Chor und eine Musikgruppe proben bei uns. Wir freuen uns \u00fcber Ihr Interesse und Ihre Anfrage.<\/p>\n<p><a href=\"https:\/\/ref-badragaz.ch.sora.ch-meta.net\/go\/?page_id=3425\">Weitere Bilder finden Sie auf der Seite &#8222;Kirchgemeindehaus&#8220;.<\/a><\/p>\n<\/div><\/section><\/div><div  class='flex_column av-3pvtg7-31099ef6528e8e6dde868d8c371456e3 av_one_third  avia-builder-el-2  el_after_av_one_third  el_before_av_one_third  flex_column_div  '     ><style type=\"text\/css\" data-created_by=\"avia_inline_auto\" id=\"style-css-av-lvgo7gv8-aa877d6d9e18965debd77bb9d10cd94c\">\n.avia-image-container.av-lvgo7gv8-aa877d6d9e18965debd77bb9d10cd94c img.avia_image{\nbox-shadow:none;\n}\n.avia-image-container.av-lvgo7gv8-aa877d6d9e18965debd77bb9d10cd94c .av-image-caption-overlay-center{\ncolor:#ffffff;\n}\n<\/style>\n<div  class='avia-image-container av-lvgo7gv8-aa877d6d9e18965debd77bb9d10cd94c av-styling- avia-align-center  avia-builder-el-3  avia-builder-el-no-sibling '   itemprop=\"image\" itemscope=\"itemscope\" itemtype=\"https:\/\/schema.org\/ImageObject\" ><div class=\"avia-image-container-inner\"><div class=\"avia-image-overlay-wrap\"><img decoding=\"async\" fetchpriority=\"high\" class='wp-image-3661 avia-img-lazy-loading-not-3661 avia_image ' src=\"https:\/\/ref-badragaz.ch\/go\/wp-content\/uploads\/2024\/04\/DSC_4695-495x400.jpg\" alt='' title='DSC_4695'  height=\"400\" width=\"495\"  itemprop=\"thumbnailUrl\" srcset=\"https:\/\/ref-badragaz.ch\/go\/wp-content\/uploads\/2024\/04\/DSC_4695-495x400.jpg 495w, https:\/\/ref-badragaz.ch\/go\/wp-content\/uploads\/2024\/04\/DSC_4695-845x684.jpg 845w\" sizes=\"(max-width: 495px) 100vw, 495px\" \/><\/div><\/div><\/div><\/div><\/p>\n<div  class='flex_column av-2gjnqf-243e46d074bfddaaf6cebccb918c1041 av_one_third  avia-builder-el-4  el_after_av_one_third  avia-builder-el-last  flex_column_div  '     ><style type=\"text\/css\" data-created_by=\"avia_inline_auto\" id=\"style-css-av-lvgo7yi5-877b852f868608d0438d1351be14ddff\">\n.avia-image-container.av-lvgo7yi5-877b852f868608d0438d1351be14ddff img.avia_image{\nbox-shadow:none;\n}\n.avia-image-container.av-lvgo7yi5-877b852f868608d0438d1351be14ddff .av-image-caption-overlay-center{\ncolor:#ffffff;\n}\n<\/style>\n<div  class='avia-image-container av-lvgo7yi5-877b852f868608d0438d1351be14ddff av-styling- avia-align-center  avia-builder-el-5  avia-builder-el-no-sibling '   itemprop=\"image\" itemscope=\"itemscope\" itemtype=\"https:\/\/schema.org\/ImageObject\" ><div class=\"avia-image-container-inner\"><div class=\"avia-image-overlay-wrap\"><img decoding=\"async\" fetchpriority=\"high\" class='wp-image-3667 avia-img-lazy-loading-not-3667 avia_image ' src=\"https:\/\/ref-badragaz.ch\/go\/wp-content\/uploads\/2024\/04\/DSC_4725-495x400.jpg\" alt='' title='DSC_4725'  height=\"400\" width=\"495\"  itemprop=\"thumbnailUrl\" srcset=\"https:\/\/ref-badragaz.ch\/go\/wp-content\/uploads\/2024\/04\/DSC_4725-495x400.jpg 495w, https:\/\/ref-badragaz.ch\/go\/wp-content\/uploads\/2024\/04\/DSC_4725-845x684.jpg 845w\" sizes=\"(max-width: 495px) 100vw, 495px\" \/><\/div><\/div><\/div><\/div>\n<div class=\"verowa-persons-events-container persons-events-container\" ><div class=\"person-container single-persons\">\n<div class=\"person\">\r\n\t\r\n\t\r\n\t\t\t<div class=\"person_image\"><a href=\"https:\/\/ref-badragaz.ch\/go\/person\/13\/\"><img decoding=\"async\" src=\"https:\/\/secure.verowa.ch\/users\/ref-badragaz\/images\/comp\/LPztUkhive2fE7eHxZ6ath.jpg\" \/><\/a><\/div>\r\n\t\t\r\n\t<div class=\"person_description\">\r\n\t\t<h4 class=\"name\"><a href=\"https:\/\/ref-badragaz.ch\/go\/person\/13\/\">Andreas G\u00e4umann<\/a><\/h4>\r\n\t\t\r\n\t\t<p class=\"short_desc\">am Donnerstag in der Regel abwesend<\/p>\r\n\t\t<p class=\"profession\">Pfarrer<\/p>\r\n\t\t<div class=\"person_meta\">\r\n\t\t\t<ul>\r\n\t\t\t\t\r\n\t\t\t\t\r\n\t\t\t\t<li class=\"email\"><a href=\"mailto:andreas.gaeumann@ref-badragaz.ch\">E-Mail<\/a><\/li>\r\n\t\t\t\t\r\n\t\t\t\t<li class=\"phone\">081 302 71 89<\/li>\r\n\t\t\t<\/ul>\r\n\t\t<\/div>\r\n\t<\/div>\r\n<\/div><\/div>\n<\/div>","protected":false},"excerpt":{"rendered":"<p>Andreas G\u00e4umann am Donnerstag in der Regel abwesend Pfarrer E-Mail 081 302 71 89<\/p>\n","protected":false},"author":1,"featured_media":0,"parent":0,"menu_order":0,"comment_status":"closed","ping_status":"closed","template":"","meta":{"footnotes":"","_links_to":"","_links_to_target":""},"class_list":["post-3431","page","type-page","status-publish","hentry"],"_links":{"self":[{"href":"https:\/\/ref-badragaz.ch\/go\/wp-json\/wp\/v2\/pages\/3431","targetHints":{"allow":["GET"]}}],"collection":[{"href":"https:\/\/ref-badragaz.ch\/go\/wp-json\/wp\/v2\/pages"}],"about":[{"href":"https:\/\/ref-badragaz.ch\/go\/wp-json\/wp\/v2\/types\/page"}],"author":[{"embeddable":true,"href":"https:\/\/ref-badragaz.ch\/go\/wp-json\/wp\/v2\/users\/1"}],"replies":[{"embeddable":true,"href":"https:\/\/ref-badragaz.ch\/go\/wp-json\/wp\/v2\/comments?post=3431"}],"version-history":[{"count":4,"href":"https:\/\/ref-badragaz.ch\/go\/wp-json\/wp\/v2\/pages\/3431\/revisions"}],"predecessor-version":[{"id":4105,"href":"https:\/\/ref-badragaz.ch\/go\/wp-json\/wp\/v2\/pages\/3431\/revisions\/4105"}],"wp:attachment":[{"href":"https:\/\/ref-badragaz.ch\/go\/wp-json\/wp\/v2\/media?parent=3431"}],"curies":[{"name":"wp","href":"https:\/\/api.w.org\/{rel}","templated":true}]}}