{"id":3440,"date":"2024-04-15T11:29:01","date_gmt":"2024-04-15T11:29:01","guid":{"rendered":"https:\/\/ref-badragaz.ch.sora.ch-meta.net\/go\/?page_id=3440"},"modified":"2024-08-07T16:52:17","modified_gmt":"2024-08-07T16:52:17","slug":"ueber-uns","status":"publish","type":"page","link":"https:\/\/ref-badragaz.ch\/go\/ueber-uns\/","title":{"rendered":"\u00dcber uns"},"content":{"rendered":"<div  class='flex_column av-4kwpsg-cc4033655b29031703ad61e42fe974af av_one_half  avia-builder-el-0  el_before_av_one_fourth  avia-builder-el-first  first flex_column_div  '     ><section  class='av_textblock_section av-lvgp08nt-b836d91f26061739251d4b6f76345b4f '   itemscope=\"itemscope\" itemtype=\"https:\/\/schema.org\/CreativeWork\" ><div class='avia_textblock'  itemprop=\"text\" ><h3>Wer sind wir<\/h3>\n<p>Wir sind eine offene, evangelische Kirchgemeinde in Bad Ragaz und im Taminatal. Bei uns treffen sich Menschen unterschiedlicher Pr\u00e4gung.<\/p>\n<p>Wir laden zu Gottesdiensten, Andachten und Konzerten ein. In unserem Kirchgemeindehaus treffen sich regelm\u00e4ssig Gruppen und finden Veranstaltungen statt.<\/p>\n<p>M\u00f6chten Sie Ihr Kind taufen? M\u00f6chten Sie mehr wissen \u00fcber Unterricht und Konfirmation? Planen Sie eine Hochzeit? Haben Sie einen lieben Angeh\u00f6rigen verloren und\u00a0 m\u00fcssen die Beisetzung organisieren?\u00a0 M\u00f6chten Sie mit jemandem reden, der Ihnen zuh\u00f6rt und es f\u00fcr sich beh\u00e4lt? F\u00fcr alle diese Anliegen steht Ihnen unser Pfarrehepaar G\u00e4umann zur Verf\u00fcgung.<\/p>\n<p>Informieren Sie sich auf der Gemeindeseite des Kirchenboten, auf\u00a0 unserer Webseite <a href=\"http:\/\/www.ref-badragaz.ch\">www.ref-badragaz.ch<\/a> oder in der Freitagsausgabe des Sarganserl\u00e4nders \u00fcber unser Gemeindeleben!<\/p>\n<h3>\u00dcber uns<\/h3>\n<p>Rund 1200 Kirchb\u00fcrger z\u00e4hlt die Evangelisch Reformierte Kirchgemeinde Bad Ragaz-Pf\u00e4fers Sie wohnen auf dem Gebiet der Politischen Gemeinden <a href=\"https:\/\/www.badragaz.ch\/\">Bad Ragaz<\/a> und <a href=\"https:\/\/www.pfaefers.ch\/\">Pf\u00e4fers<\/a>.<\/p>\n<p>Die Kirchenvorsteherschaft leitet die Kirchgemeinde in Zusammenarbeit mit den Pfarrern. Alle stimmberechtigten Kirchb\u00fcrgerinnen und Kirchb\u00fcrger zusammen verk\u00f6rpern den Souver\u00e4n, der an der Kirchgemeindeversammlung \u00fcber die traktandierten Gesch\u00e4fte entscheidet.<\/p>\n<p>Unsere Kirchgemeinde geh\u00f6rt als \u00f6ffentlich-rechtliche K\u00f6rperschaft der <a href=\"https:\/\/www.ref-sg.ch\/start.html\">Evangelisch-reformierten Kirche des Kantons St. Gallen<\/a> an und ist in deren Rechtssystem eingebettet. Unsere <a href=\"https:\/\/ref-badragaz.ch\/go\/wp-content\/uploads\/2024\/08\/20170327-Kirchgemeindeordnung-unterschrieben.pdf\">Kirchgemeindeordnung vom 27. M\u00e4rz 2017<\/a> regelt das Zusammenleben in unserer Kirchgemeinde.<\/p>\n<\/div><\/section><\/div>\n<style type=\"text\/css\" data-created_by=\"avia_inline_auto\" id=\"style-css-av-2wbfk0-f141eff290fbbacb4422b8bf25700e46\">\n.flex_column.av-2wbfk0-f141eff290fbbacb4422b8bf25700e46{\nborder-radius:40px 40px 40px 40px;\n}\n<\/style>\n<div  class='flex_column av-2wbfk0-f141eff290fbbacb4422b8bf25700e46 av_one_fourth  avia-builder-el-2  el_after_av_one_half  el_before_av_one_fourth  flex_column_div  '     ><style type=\"text\/css\" data-created_by=\"avia_inline_auto\" id=\"style-css-av-lvlcfw1t-c1cbb27239a01c279ed43cb6be74ed36\">\n.avia-image-container.av-lvlcfw1t-c1cbb27239a01c279ed43cb6be74ed36 img.avia_image{\nbox-shadow:none;\n}\n.avia-image-container.av-lvlcfw1t-c1cbb27239a01c279ed43cb6be74ed36 .av-image-caption-overlay-center{\ncolor:#ffffff;\n}\n<\/style>\n<div  class='avia-image-container av-lvlcfw1t-c1cbb27239a01c279ed43cb6be74ed36 av-styling- avia_animated_image av-animated-when-visible-95 right-to-left avia-align-center  avia-builder-el-3  avia-builder-el-no-sibling '   itemprop=\"image\" itemscope=\"itemscope\" itemtype=\"https:\/\/schema.org\/ImageObject\" ><div class=\"avia-image-container-inner\"><div class=\"avia-image-overlay-wrap\"><img decoding=\"async\" fetchpriority=\"high\" class='wp-image-4313 avia-img-lazy-loading-not-4313 avia_image ' src=\"https:\/\/ref-badragaz.ch\/go\/wp-content\/uploads\/2024\/04\/Logo_Solo-300x283.png\" alt='' title='Logo_Solo'  height=\"283\" width=\"300\"  itemprop=\"thumbnailUrl\" srcset=\"https:\/\/ref-badragaz.ch\/go\/wp-content\/uploads\/2024\/04\/Logo_Solo-300x283.png 300w, https:\/\/ref-badragaz.ch\/go\/wp-content\/uploads\/2024\/04\/Logo_Solo.png 615w\" sizes=\"(max-width: 300px) 100vw, 300px\" \/><\/div><\/div><\/div><\/div><\/p>\n<div  class='flex_column av-2yc3ao-acfcc93a469185e7d50d6bd0329c44c7 av_one_fourth  avia-builder-el-4  el_after_av_one_fourth  avia-builder-el-last  flex_column_div  '     ><style type=\"text\/css\" data-created_by=\"avia_inline_auto\" id=\"style-css-av-lx8yve9a-e8efa56eb4db3bf43b4d8760244a24a9\">\n.avia-image-container.av-lx8yve9a-e8efa56eb4db3bf43b4d8760244a24a9 img.avia_image{\nbox-shadow:none;\n}\n.avia-image-container.av-lx8yve9a-e8efa56eb4db3bf43b4d8760244a24a9 .av-image-caption-overlay-center{\ncolor:#ffffff;\n}\n<\/style>\n<div  class='avia-image-container av-lx8yve9a-e8efa56eb4db3bf43b4d8760244a24a9 av-styling- avia-align-center  avia-builder-el-5  avia-builder-el-no-sibling '   itemprop=\"image\" itemscope=\"itemscope\" itemtype=\"https:\/\/schema.org\/ImageObject\" ><div class=\"avia-image-container-inner\"><div class=\"avia-image-overlay-wrap\"><img decoding=\"async\" fetchpriority=\"high\" class='wp-image-4938 avia-img-lazy-loading-not-4938 avia_image ' src=\"https:\/\/ref-badragaz.ch\/go\/wp-content\/uploads\/2024\/05\/Kirche-vom-Guschakopf-gesehen-645x1030.jpg\" alt='' title='Kirche vom Guschakopf gesehen'  height=\"1030\" width=\"645\"  itemprop=\"thumbnailUrl\" srcset=\"https:\/\/ref-badragaz.ch\/go\/wp-content\/uploads\/2024\/05\/Kirche-vom-Guschakopf-gesehen-645x1030.jpg 645w, https:\/\/ref-badragaz.ch\/go\/wp-content\/uploads\/2024\/05\/Kirche-vom-Guschakopf-gesehen-188x300.jpg 188w, https:\/\/ref-badragaz.ch\/go\/wp-content\/uploads\/2024\/05\/Kirche-vom-Guschakopf-gesehen-768x1226.jpg 768w, https:\/\/ref-badragaz.ch\/go\/wp-content\/uploads\/2024\/05\/Kirche-vom-Guschakopf-gesehen-940x1500.jpg 940w, https:\/\/ref-badragaz.ch\/go\/wp-content\/uploads\/2024\/05\/Kirche-vom-Guschakopf-gesehen-442x705.jpg 442w, https:\/\/ref-badragaz.ch\/go\/wp-content\/uploads\/2024\/05\/Kirche-vom-Guschakopf-gesehen.jpg 960w\" sizes=\"(max-width: 645px) 100vw, 645px\" \/><\/div><\/div><\/div><\/div>\n<div class=\"verowa-persons-events-container persons-events-container\" ><div class=\"person-container single-persons\">\n<div class=\"person\">\r\n\t\r\n\t\r\n\t\t\t<div class=\"person_image\"><a href=\"https:\/\/ref-badragaz.ch\/go\/person\/13\/\"><img decoding=\"async\" src=\"https:\/\/secure.verowa.ch\/users\/ref-badragaz\/images\/comp\/LPztUkhive2fE7eHxZ6ath.jpg\" \/><\/a><\/div>\r\n\t\t\r\n\t<div class=\"person_description\">\r\n\t\t<h4 class=\"name\"><a href=\"https:\/\/ref-badragaz.ch\/go\/person\/13\/\">Andreas G\u00e4umann<\/a><\/h4>\r\n\t\t\r\n\t\t<p class=\"short_desc\">am Donnerstag in der Regel abwesend<\/p>\r\n\t\t<p class=\"profession\">Pfarrer<\/p>\r\n\t\t<div class=\"person_meta\">\r\n\t\t\t<ul>\r\n\t\t\t\t\r\n\t\t\t\t\r\n\t\t\t\t<li class=\"email\"><a href=\"mailto:andreas.gaeumann@ref-badragaz.ch\">E-Mail<\/a><\/li>\r\n\t\t\t\t\r\n\t\t\t\t<li class=\"phone\">081 302 71 89<\/li>\r\n\t\t\t<\/ul>\r\n\t\t<\/div>\r\n\t<\/div>\r\n<\/div><div class=\"person\">\r\n\t\r\n\t\r\n\t\t\t<div class=\"person_image\"><a href=\"https:\/\/ref-badragaz.ch\/go\/person\/17\/\"><img decoding=\"async\" src=\"https:\/\/secure.verowa.ch\/users\/ref-badragaz\/images\/comp\/EG4AM4oaDAUvHCqgNoPuth.jpg\" \/><\/a><\/div>\r\n\t\t\r\n\t<div class=\"person_description\">\r\n\t\t<h4 class=\"name\"><a href=\"https:\/\/ref-badragaz.ch\/go\/person\/17\/\">Sabine G\u00e4umann<\/a><\/h4>\r\n\t\t\r\n\t\t\r\n\t\t<p class=\"profession\">Pfarrerin<\/p>\r\n\t\t<div class=\"person_meta\">\r\n\t\t\t<ul>\r\n\t\t\t\t\r\n\t\t\t\t\r\n\t\t\t\t<li class=\"email\"><a href=\"mailto:sabine.gaeumann@ref-badragaz.ch\">E-Mail<\/a><\/li>\r\n\t\t\t\t\r\n\t\t\t\t<li class=\"phone\">081 302 71 89<\/li>\r\n\t\t\t<\/ul>\r\n\t\t<\/div>\r\n\t<\/div>\r\n<\/div><div class=\"person\">\r\n\t\r\n\t\r\n\t\t\t<div class=\"person_image\"><a href=\"https:\/\/ref-badragaz.ch\/go\/person\/20\/\"><img decoding=\"async\" src=\"https:\/\/secure.verowa.ch\/users\/ref-badragaz\/images\/comp\/WRtAnLo3DwZ8RQZsrIWPth.jpg\" \/><\/a><\/div>\r\n\t\t\r\n\t<div class=\"person_description\">\r\n\t\t<h4 class=\"name\"><a href=\"https:\/\/ref-badragaz.ch\/go\/person\/20\/\">Erika Spitz<\/a><\/h4>\r\n\t\t\r\n\t\t\r\n\t\t<p class=\"profession\">Pr\u00e4sidentin der Kirchenvorsteherschaft<\/p>\r\n\t\t<div class=\"person_meta\">\r\n\t\t\t<ul>\r\n\t\t\t\t\r\n\t\t\t\t\r\n\t\t\t\t<li class=\"email\"><a href=\"mailto:praesidium@ref-badragaz.ch\">E-Mail<\/a><\/li>\r\n\t\t\t\t\r\n\t\t\t\t<li class=\"phone\">079 481 99 77<\/li>\r\n\t\t\t<\/ul>\r\n\t\t<\/div>\r\n\t<\/div>\r\n<\/div><\/div>\n<\/div>","protected":false},"excerpt":{"rendered":"<p>Andreas G\u00e4umann am Donnerstag in der Regel abwesend Pfarrer E-Mail 081 302 71 89 Sabine G\u00e4umann Pfarrerin E-Mail 081 302 71 89 Erika Spitz Pr\u00e4sidentin der Kirchenvorsteherschaft E-Mail 079 481 99 77<\/p>\n","protected":false},"author":1,"featured_media":0,"parent":0,"menu_order":0,"comment_status":"closed","ping_status":"closed","template":"","meta":{"footnotes":"","_links_to":"","_links_to_target":""},"class_list":["post-3440","page","type-page","status-publish","hentry"],"_links":{"self":[{"href":"https:\/\/ref-badragaz.ch\/go\/wp-json\/wp\/v2\/pages\/3440","targetHints":{"allow":["GET"]}}],"collection":[{"href":"https:\/\/ref-badragaz.ch\/go\/wp-json\/wp\/v2\/pages"}],"about":[{"href":"https:\/\/ref-badragaz.ch\/go\/wp-json\/wp\/v2\/types\/page"}],"author":[{"embeddable":true,"href":"https:\/\/ref-badragaz.ch\/go\/wp-json\/wp\/v2\/users\/1"}],"replies":[{"embeddable":true,"href":"https:\/\/ref-badragaz.ch\/go\/wp-json\/wp\/v2\/comments?post=3440"}],"version-history":[{"count":17,"href":"https:\/\/ref-badragaz.ch\/go\/wp-json\/wp\/v2\/pages\/3440\/revisions"}],"predecessor-version":[{"id":5062,"href":"https:\/\/ref-badragaz.ch\/go\/wp-json\/wp\/v2\/pages\/3440\/revisions\/5062"}],"wp:attachment":[{"href":"https:\/\/ref-badragaz.ch\/go\/wp-json\/wp\/v2\/media?parent=3440"}],"curies":[{"name":"wp","href":"https:\/\/api.w.org\/{rel}","templated":true}]}}