{"id":3442,"date":"2024-04-15T11:30:18","date_gmt":"2024-04-15T11:30:18","guid":{"rendered":"https:\/\/ref-badragaz.ch.sora.ch-meta.net\/go\/?page_id=3442"},"modified":"2024-06-06T16:05:28","modified_gmt":"2024-06-06T16:05:28","slug":"das-ist-uns-wichtig","status":"publish","type":"page","link":"https:\/\/ref-badragaz.ch\/go\/das-ist-uns-wichtig\/","title":{"rendered":"Das ist uns wichtig"},"content":{"rendered":"<div  class='flex_column av-4ixzhu-43deb50a6ef7692230b4e72805714d35 av_one_half  avia-builder-el-0  el_before_av_one_half  avia-builder-el-first  first flex_column_div  '     ><section  class='av_textblock_section av-lvgwpcyw-38254d64c1baf038dae76e6dac6ef68e '   itemscope=\"itemscope\" itemtype=\"https:\/\/schema.org\/CreativeWork\" ><div class='avia_textblock'  itemprop=\"text\" ><h3>Das ist uns wichtig<\/h3>\n<p>Die Evangelisch Reformierte Kirchgemeinde Bad Ragaz-Pf\u00e4fers verk\u00fcndigt das Evangelium von Jesus Christus in den Gottesdiensten, in der Seelsorge, im Unterricht und im Einsatz f\u00fcr andere. Wir m\u00f6chten Menschen im Bestreben unterst\u00fctzen, den Glauben an Jesus Christus zu vertiefen und als Christen zu leben. Wir m\u00f6chten Menschen mit verschiedenen Positionen des christlichen Glaubens Raum geben.<\/p>\n<p>Ausgehend vom Evangelium engagieren wir uns f\u00fcr die kirchliche Gemeinschaft, die Mission, die Wahrung der Menschenrechte und die Verantwortung gegen\u00fcber der Sch\u00f6pfung.<\/p>\n<p>Wir bezeichnen uns als evangelisch, weil wir den Grund und die Verpflichtung zum Glauben und zum Handeln im Evangelium erkennen. Reformiert sind wir durch die Herkunft unserer Kirche aus der Reformation Huldrych Zwinglis.<\/p>\n<\/div><\/section><\/div><div  class='flex_column av-2fu5j6-84c139752ab16588a2b8bce11553bc82 av_one_half  avia-builder-el-2  el_after_av_one_half  avia-builder-el-last  flex_column_div  '     ><style type=\"text\/css\" data-created_by=\"avia_inline_auto\" id=\"style-css-av-lvgwrafx-744c306079aeed357cf90f0cde1f08b1\">\n.avia-image-container.av-lvgwrafx-744c306079aeed357cf90f0cde1f08b1 img.avia_image{\nbox-shadow:none;\n}\n.avia-image-container.av-lvgwrafx-744c306079aeed357cf90f0cde1f08b1 .av-image-caption-overlay-center{\ncolor:#ffffff;\n}\n<\/style>\n<div  class='avia-image-container av-lvgwrafx-744c306079aeed357cf90f0cde1f08b1 av-styling- avia-align-center  avia-builder-el-3  avia-builder-el-no-sibling '   itemprop=\"image\" itemscope=\"itemscope\" itemtype=\"https:\/\/schema.org\/ImageObject\" ><div class=\"avia-image-container-inner\"><div class=\"avia-image-overlay-wrap\"><img decoding=\"async\" fetchpriority=\"high\" class='wp-image-3543 avia-img-lazy-loading-not-3543 avia_image ' src=\"https:\/\/ref-badragaz.ch\/go\/wp-content\/uploads\/2024\/04\/DSC_5143-710x375.jpg\" alt='' title='DSC_5143'  height=\"375\" width=\"710\"  itemprop=\"thumbnailUrl\"  \/><\/div><\/div><\/div><\/div><\/p>\n<div class=\"verowa-persons-events-container persons-events-container\" ><div class=\"person-container single-persons\">\n<div class=\"person\">\r\n\t\r\n\t\r\n\t\t\t<div class=\"person_image\"><a href=\"https:\/\/ref-badragaz.ch\/go\/person\/13\/\"><img decoding=\"async\" src=\"https:\/\/secure.verowa.ch\/users\/ref-badragaz\/images\/comp\/LPztUkhive2fE7eHxZ6ath.jpg\" \/><\/a><\/div>\r\n\t\t\r\n\t<div class=\"person_description\">\r\n\t\t<h4 class=\"name\"><a href=\"https:\/\/ref-badragaz.ch\/go\/person\/13\/\">Andreas G\u00e4umann<\/a><\/h4>\r\n\t\t\r\n\t\t<p class=\"short_desc\">am Donnerstag in der Regel abwesend<\/p>\r\n\t\t<p class=\"profession\">Pfarrer<\/p>\r\n\t\t<div class=\"person_meta\">\r\n\t\t\t<ul>\r\n\t\t\t\t\r\n\t\t\t\t\r\n\t\t\t\t<li class=\"email\"><a href=\"mailto:andreas.gaeumann@ref-badragaz.ch\">E-Mail<\/a><\/li>\r\n\t\t\t\t\r\n\t\t\t\t<li class=\"phone\">081 302 71 89<\/li>\r\n\t\t\t<\/ul>\r\n\t\t<\/div>\r\n\t<\/div>\r\n<\/div><div class=\"person\">\r\n\t\r\n\t\r\n\t\t\t<div class=\"person_image\"><a href=\"https:\/\/ref-badragaz.ch\/go\/person\/17\/\"><img decoding=\"async\" src=\"https:\/\/secure.verowa.ch\/users\/ref-badragaz\/images\/comp\/EG4AM4oaDAUvHCqgNoPuth.jpg\" \/><\/a><\/div>\r\n\t\t\r\n\t<div class=\"person_description\">\r\n\t\t<h4 class=\"name\"><a href=\"https:\/\/ref-badragaz.ch\/go\/person\/17\/\">Sabine G\u00e4umann<\/a><\/h4>\r\n\t\t\r\n\t\t\r\n\t\t<p class=\"profession\">Pfarrerin<\/p>\r\n\t\t<div class=\"person_meta\">\r\n\t\t\t<ul>\r\n\t\t\t\t\r\n\t\t\t\t\r\n\t\t\t\t<li class=\"email\"><a href=\"mailto:sabine.gaeumann@ref-badragaz.ch\">E-Mail<\/a><\/li>\r\n\t\t\t\t\r\n\t\t\t\t<li class=\"phone\">081 302 71 89<\/li>\r\n\t\t\t<\/ul>\r\n\t\t<\/div>\r\n\t<\/div>\r\n<\/div><\/div>\n<\/div>","protected":false},"excerpt":{"rendered":"<p>Andreas G\u00e4umann am Donnerstag in der Regel abwesend Pfarrer E-Mail 081 302 71 89 Sabine G\u00e4umann Pfarrerin E-Mail 081 302 71 89<\/p>\n","protected":false},"author":1,"featured_media":0,"parent":0,"menu_order":0,"comment_status":"closed","ping_status":"closed","template":"","meta":{"footnotes":"","_links_to":"","_links_to_target":""},"class_list":["post-3442","page","type-page","status-publish","hentry"],"_links":{"self":[{"href":"https:\/\/ref-badragaz.ch\/go\/wp-json\/wp\/v2\/pages\/3442","targetHints":{"allow":["GET"]}}],"collection":[{"href":"https:\/\/ref-badragaz.ch\/go\/wp-json\/wp\/v2\/pages"}],"about":[{"href":"https:\/\/ref-badragaz.ch\/go\/wp-json\/wp\/v2\/types\/page"}],"author":[{"embeddable":true,"href":"https:\/\/ref-badragaz.ch\/go\/wp-json\/wp\/v2\/users\/1"}],"replies":[{"embeddable":true,"href":"https:\/\/ref-badragaz.ch\/go\/wp-json\/wp\/v2\/comments?post=3442"}],"version-history":[{"count":4,"href":"https:\/\/ref-badragaz.ch\/go\/wp-json\/wp\/v2\/pages\/3442\/revisions"}],"predecessor-version":[{"id":4809,"href":"https:\/\/ref-badragaz.ch\/go\/wp-json\/wp\/v2\/pages\/3442\/revisions\/4809"}],"wp:attachment":[{"href":"https:\/\/ref-badragaz.ch\/go\/wp-json\/wp\/v2\/media?parent=3442"}],"curies":[{"name":"wp","href":"https:\/\/api.w.org\/{rel}","templated":true}]}}