{"id":3444,"date":"2024-04-15T11:30:36","date_gmt":"2024-04-15T11:30:36","guid":{"rendered":"https:\/\/ref-badragaz.ch.sora.ch-meta.net\/go\/?page_id=3444"},"modified":"2026-02-27T12:45:47","modified_gmt":"2026-02-27T12:45:47","slug":"kirchgemeindeversammlung","status":"publish","type":"page","link":"https:\/\/ref-badragaz.ch\/go\/kirchgemeindeversammlung\/","title":{"rendered":"Kirchgemeindeversammlung"},"content":{"rendered":"<div  class='flex_column av-5qnmqc-61b5d51ee124c73a329193c477ab6b19 av_one_half  avia-builder-el-0  el_before_av_one_fourth  avia-builder-el-first  first flex_column_div  '     ><section  class='av_textblock_section av-lvgpa147-f0ee570942abcc9142bb012e8e48a6e6 '   itemscope=\"itemscope\" itemtype=\"https:\/\/schema.org\/CreativeWork\" ><div class='avia_textblock'  itemprop=\"text\" ><h3>Kirchgemeindeversammlung<\/h3>\n<p>Die <a href=\"https:\/\/ref-badragaz.ch.sora.ch-meta.net\/go\/?page_id=3460\">Kirchenvorsteherschaft<\/a> leitet die Kirchgemeinde in Zusammenarbeit mit den <a href=\"https:\/\/ref-badragaz.ch.sora.ch-meta.net\/go\/?page_id=3456\">Pfarrpersonen<\/a>. Alle stimmberechtigten Kirchb\u00fcrgerinnen und Kirchb\u00fcrger zusammen verk\u00f6rpern den Souver\u00e4n, der an der Kirchgemeindeversammlung \u00fcber die traktandierten Gesch\u00e4fte entscheidet.<\/p>\n<p>Die Kirchgemeindeversammlung tritt in der Regel ein Mal j\u00e4hrlich zusammen. In der im Vorfeld verschickten Botschaft werden die Kirchb\u00fcrgerinnen und Kirchb\u00fcrger \u00fcber die anstehenden Gesch\u00e4fte informiert.<\/p>\n<ul>\n<li><a href=\"https:\/\/ref-badragaz.ch\/go\/wp-content\/uploads\/2024\/04\/Jahresrechnung-2021-Voranschlag-2022.pdf\">Jahresrechnung 2021, Voranschlag 2022<\/a><\/li>\n<li><a href=\"https:\/\/ref-badragaz.ch\/go\/wp-content\/uploads\/2024\/04\/Jahresrechnung-2022-Voranschlag-2023.pdf\">Jahresrechnung 2022, Voranschlag 2023<\/a><\/li>\n<li><a href=\"https:\/\/ref-badragaz.ch\/go\/wp-content\/uploads\/2024\/04\/Jahresrechnung-2023-Voranschlag-2024.pdf\">Jahresrechnung 2023, Voranschlag 2024<\/a><\/li>\n<li><a href=\"https:\/\/ref-badragaz.ch\/go\/wp-content\/uploads\/2025\/02\/Jahresrechnung-2024-FINAL.pdf\">Jahresrechnung 2024, Voranschlag 2025<\/a><\/li>\n<li><a href=\"https:\/\/ref-badragaz.ch\/go\/wp-content\/uploads\/2026\/02\/Jahresrechnung-2025.pdf\">Jahresrechnung 2025, Voranschlag 2026<\/a><\/li>\n<li><a href=\"https:\/\/ref-badragaz.ch\/go\/wp-content\/uploads\/2024\/08\/20170327-Kirchgemeindeordnung-unterschrieben.pdf\">Kirchgemeindeordnung vom 27. M\u00e4rz 2017<\/a><\/li>\n<\/ul>\n<hr \/>\n<\/div><\/section><\/div><div  class='flex_column av-3mu2uc-b7420ca9b434c9d0af4ffb48d0645338 av_one_fourth  avia-builder-el-2  el_after_av_one_half  el_before_av_one_fourth  flex_column_div  '     ><style type=\"text\/css\" data-created_by=\"avia_inline_auto\" id=\"style-css-av-lvgpbig4-6bead79a31bf4a99987982f3a745f62b\">\n.avia-image-container.av-lvgpbig4-6bead79a31bf4a99987982f3a745f62b img.avia_image{\nbox-shadow:none;\n}\n.avia-image-container.av-lvgpbig4-6bead79a31bf4a99987982f3a745f62b .av-image-caption-overlay-center{\ncolor:#ffffff;\n}\n<\/style>\n<div  class='avia-image-container av-lvgpbig4-6bead79a31bf4a99987982f3a745f62b av-styling- avia-align-center  avia-builder-el-3  avia-builder-el-no-sibling '   itemprop=\"image\" itemscope=\"itemscope\" itemtype=\"https:\/\/schema.org\/ImageObject\" ><div class=\"avia-image-container-inner\"><div class=\"avia-image-overlay-wrap\"><img decoding=\"async\" fetchpriority=\"high\" class='wp-image-3320 avia-img-lazy-loading-not-3320 avia_image ' src=\"https:\/\/ref-badragaz.ch\/go\/wp-content\/uploads\/2024\/04\/Ico-300x300.png\" alt='' title='Ico'  height=\"300\" width=\"300\"  itemprop=\"thumbnailUrl\" srcset=\"https:\/\/ref-badragaz.ch\/go\/wp-content\/uploads\/2024\/04\/Ico-300x300.png 300w, https:\/\/ref-badragaz.ch\/go\/wp-content\/uploads\/2024\/04\/Ico-1030x1030.png 1030w, https:\/\/ref-badragaz.ch\/go\/wp-content\/uploads\/2024\/04\/Ico-80x80.png 80w, https:\/\/ref-badragaz.ch\/go\/wp-content\/uploads\/2024\/04\/Ico-768x768.png 768w, https:\/\/ref-badragaz.ch\/go\/wp-content\/uploads\/2024\/04\/Ico-1536x1536.png 1536w, https:\/\/ref-badragaz.ch\/go\/wp-content\/uploads\/2024\/04\/Ico-2048x2048.png 2048w, https:\/\/ref-badragaz.ch\/go\/wp-content\/uploads\/2024\/04\/Ico-36x36.png 36w, https:\/\/ref-badragaz.ch\/go\/wp-content\/uploads\/2024\/04\/Ico-180x180.png 180w, https:\/\/ref-badragaz.ch\/go\/wp-content\/uploads\/2024\/04\/Ico-1500x1500.png 1500w, https:\/\/ref-badragaz.ch\/go\/wp-content\/uploads\/2024\/04\/Ico-705x705.png 705w\" sizes=\"(max-width: 300px) 100vw, 300px\" \/><\/div><\/div><\/div><\/div><\/p>\n<div  class='flex_column av-2fd7ys-6c63275b7150f8d5808c0ae7b3eb7da5 av_one_fourth  avia-builder-el-4  el_after_av_one_fourth  avia-builder-el-last  flex_column_div  '     ><style type=\"text\/css\" data-created_by=\"avia_inline_auto\" id=\"style-css-av-lx4h43by-b68170a6906d14ac940452ea9471f1a3\">\n.avia-image-container.av-lx4h43by-b68170a6906d14ac940452ea9471f1a3 img.avia_image{\nbox-shadow:none;\n}\n.avia-image-container.av-lx4h43by-b68170a6906d14ac940452ea9471f1a3 .av-image-caption-overlay-center{\ncolor:#ffffff;\n}\n<\/style>\n<div  class='avia-image-container av-lx4h43by-b68170a6906d14ac940452ea9471f1a3 av-styling- avia-align-center  avia-builder-el-5  avia-builder-el-no-sibling '   itemprop=\"image\" itemscope=\"itemscope\" itemtype=\"https:\/\/schema.org\/ImageObject\" ><div class=\"avia-image-container-inner\"><div class=\"avia-image-overlay-wrap\"><img decoding=\"async\" fetchpriority=\"high\" class='wp-image-4938 avia-img-lazy-loading-not-4938 avia_image ' src=\"https:\/\/ref-badragaz.ch\/go\/wp-content\/uploads\/2024\/05\/Kirche-vom-Guschakopf-gesehen-645x1030.jpg\" alt='' title='Kirche vom Guschakopf gesehen'  height=\"1030\" width=\"645\"  itemprop=\"thumbnailUrl\" srcset=\"https:\/\/ref-badragaz.ch\/go\/wp-content\/uploads\/2024\/05\/Kirche-vom-Guschakopf-gesehen-645x1030.jpg 645w, https:\/\/ref-badragaz.ch\/go\/wp-content\/uploads\/2024\/05\/Kirche-vom-Guschakopf-gesehen-188x300.jpg 188w, https:\/\/ref-badragaz.ch\/go\/wp-content\/uploads\/2024\/05\/Kirche-vom-Guschakopf-gesehen-768x1226.jpg 768w, https:\/\/ref-badragaz.ch\/go\/wp-content\/uploads\/2024\/05\/Kirche-vom-Guschakopf-gesehen-940x1500.jpg 940w, https:\/\/ref-badragaz.ch\/go\/wp-content\/uploads\/2024\/05\/Kirche-vom-Guschakopf-gesehen-442x705.jpg 442w, https:\/\/ref-badragaz.ch\/go\/wp-content\/uploads\/2024\/05\/Kirche-vom-Guschakopf-gesehen.jpg 960w\" sizes=\"(max-width: 645px) 100vw, 645px\" \/><\/div><\/div><\/div><\/div>\n<div class=\"verowa-persons-events-container persons-events-container\" ><div class=\"person-container single-persons\">\n<div class=\"person\">\r\n\t\r\n\t\r\n\t\t\t<div class=\"person_image\"><a href=\"https:\/\/ref-badragaz.ch\/go\/person\/20\/\"><img decoding=\"async\" src=\"https:\/\/secure.verowa.ch\/users\/ref-badragaz\/images\/comp\/WRtAnLo3DwZ8RQZsrIWPth.jpg\" \/><\/a><\/div>\r\n\t\t\r\n\t<div class=\"person_description\">\r\n\t\t<h4 class=\"name\"><a href=\"https:\/\/ref-badragaz.ch\/go\/person\/20\/\">Erika Spitz<\/a><\/h4>\r\n\t\t\r\n\t\t\r\n\t\t<p class=\"profession\">Pr\u00e4sidentin der Kirchenvorsteherschaft<\/p>\r\n\t\t<div class=\"person_meta\">\r\n\t\t\t<ul>\r\n\t\t\t\t\r\n\t\t\t\t\r\n\t\t\t\t<li class=\"email\"><a href=\"mailto:praesidium@ref-badragaz.ch\">E-Mail<\/a><\/li>\r\n\t\t\t\t\r\n\t\t\t\t<li class=\"phone\">079 481 99 77<\/li>\r\n\t\t\t<\/ul>\r\n\t\t<\/div>\r\n\t<\/div>\r\n<\/div><div class=\"person\">\r\n\t\r\n\t\r\n\t\t\t<div class=\"person_image\"><a href=\"https:\/\/ref-badragaz.ch\/go\/person\/22\/\"><img decoding=\"async\" src=\"https:\/\/secure.verowa.ch\/users\/ref-badragaz\/images\/comp\/arEpJA5eZ5ch5UqQ87ujth.jpg\" \/><\/a><\/div>\r\n\t\t\r\n\t<div class=\"person_description\">\r\n\t\t<h4 class=\"name\"><a href=\"https:\/\/ref-badragaz.ch\/go\/person\/22\/\">Martin G\u00fcmpel<\/a><\/h4>\r\n\t\t\r\n\t\t\r\n\t\t<p class=\"profession\">Aktuar<\/p>\r\n\t\t<div class=\"person_meta\">\r\n\t\t\t<ul>\r\n\t\t\t\t\r\n\t\t\t\t\r\n\t\t\t\t<li class=\"email\"><a href=\"mailto:aktuar@ref-badragaz.ch\">E-Mail<\/a><\/li>\r\n\t\t\t\t\r\n\t\t\t\t\r\n\t\t\t<\/ul>\r\n\t\t<\/div>\r\n\t<\/div>\r\n<\/div><\/div>\n<\/div>","protected":false},"excerpt":{"rendered":"<p>Erika Spitz Pr\u00e4sidentin der Kirchenvorsteherschaft E-Mail 079 481 99 77 Martin G\u00fcmpel Aktuar E-Mail<\/p>\n","protected":false},"author":1,"featured_media":0,"parent":0,"menu_order":0,"comment_status":"closed","ping_status":"closed","template":"","meta":{"footnotes":"","_links_to":"","_links_to_target":""},"class_list":["post-3444","page","type-page","status-publish","hentry"],"_links":{"self":[{"href":"https:\/\/ref-badragaz.ch\/go\/wp-json\/wp\/v2\/pages\/3444","targetHints":{"allow":["GET"]}}],"collection":[{"href":"https:\/\/ref-badragaz.ch\/go\/wp-json\/wp\/v2\/pages"}],"about":[{"href":"https:\/\/ref-badragaz.ch\/go\/wp-json\/wp\/v2\/types\/page"}],"author":[{"embeddable":true,"href":"https:\/\/ref-badragaz.ch\/go\/wp-json\/wp\/v2\/users\/1"}],"replies":[{"embeddable":true,"href":"https:\/\/ref-badragaz.ch\/go\/wp-json\/wp\/v2\/comments?post=3444"}],"version-history":[{"count":36,"href":"https:\/\/ref-badragaz.ch\/go\/wp-json\/wp\/v2\/pages\/3444\/revisions"}],"predecessor-version":[{"id":5929,"href":"https:\/\/ref-badragaz.ch\/go\/wp-json\/wp\/v2\/pages\/3444\/revisions\/5929"}],"wp:attachment":[{"href":"https:\/\/ref-badragaz.ch\/go\/wp-json\/wp\/v2\/media?parent=3444"}],"curies":[{"name":"wp","href":"https:\/\/api.w.org\/{rel}","templated":true}]}}