{"id":3448,"date":"2024-04-15T11:31:17","date_gmt":"2024-04-15T11:31:17","guid":{"rendered":"https:\/\/ref-badragaz.ch.sora.ch-meta.net\/go\/?page_id=3448"},"modified":"2024-05-10T07:46:29","modified_gmt":"2024-05-10T07:46:29","slug":"aus-der-geschichte","status":"publish","type":"page","link":"https:\/\/ref-badragaz.ch\/go\/aus-der-geschichte\/","title":{"rendered":"Aus der Geschichte der Kirchgemeinde"},"content":{"rendered":"<div  class='flex_column av-8jg3qg-e04b5777dcac2be4eeaf1bacaff8916f av_one_half  avia-builder-el-0  el_before_av_one_fourth  avia-builder-el-first  first flex_column_div  '     ><section  class='av_textblock_section av-lvgqmaek-4c81a51c396c6f298a1c8988bccffbff '   itemscope=\"itemscope\" itemtype=\"https:\/\/schema.org\/CreativeWork\" ><div class='avia_textblock'  itemprop=\"text\" ><h3>Aus der Geschichte der Kirchgemeinde<\/h3>\n<p>Im Sarganserland konnte die Reformation keinen Einzug halten. Noch im Jahr 1809 war im Sarganserland kein einziger Protestant zu finden. 1831 lebten im Sarganserland lediglich 38 evangelische B\u00fcrger. Im Bad Pf\u00e4fers war es f\u00fcr evangelische Badeg\u00e4ste aus Z\u00fcrich immerhin seit 1740 m\u00f6glich, evangelische Gottesdienste abzuhalten. Im Obergeschoss des Bades befand sich der Versammlungsort, der wegen der ausw\u00e4rtigen Badeg\u00e4ste \u00abZ\u00fcriboden\u00bb genannt wurde.<\/p>\n<p>Das Werden der Evangelischen Kirchgemeinde in Bad Ragaz deckt sich mit der raschen Entwicklung des Dorfes zum Kurort. Ab 1840 kamen evangelische Handwerker und Fachkr\u00e4fte aus der Gastronomie\/Hotellerie nach Bad Ragaz. Ausserdem wurde Ragaz 1858 an die Eisenbahn angeschlossen, was den protestantischen Zuzug noch einmal beschleunigte. W\u00e4hrend 1837 man noch 11 Evangelische z\u00e4hlte, waren es 1860 bereits 180 und 1888 schon 423 Personen. 1910 standen 1481 Katholiken 506 Evangelische gegen\u00fcber.<\/p>\n<p>Seit 1856 fanden in einer Hauskapelle im &#8222;Hotel Hof Ragaz&#8220; Gottesdienste vierzehnt\u00e4glich statt. Die Kirchgemeinde wurde am 8. M\u00e4rz 1863 gegr\u00fcndet. Zu ihr geh\u00f6rten nicht nur die Protestanten aus dem Taminatal, sondern auch aus dem Sarganserland. Als erster Pfarrer wurde Ernst Otto Steiger gew\u00e4hlt, der im ganzen Sarganserland als Geistlicher wirkte. Nach dessen Demission im Jahr 1875 bestimmte die Kirchgemeinde Pfr. Wilhelm Sulser als Nachfolger.<\/p>\n<p>Die Hauskapelle im \u00abHotel Hof Ragaz\u00bb konnte die Bed\u00fcrfnisse der Gl\u00e4ubigen nicht mehr abdecken. Bernhard Simon, der eigentliche Begr\u00fcnder des Kurorts, liess einen gr\u00f6sseren Betsaal f\u00fcr deutsch- und englischsprachige Gottesdienste einrichten und gew\u00e4hrte der evangelischen Kirchgemeinde freies Benutzungsrecht. Der Betsaal stellte zwar eine erhebliche Verbesserung, aber der rege Hotelbetrieb st\u00f6rte den Gottesdienst; auch war der Raum sehr dunkel. Das Fernziel war ein eigenes Gotteshaus.<\/p>\n<p>Allerdings behinderten Schwierigkeiten innerhalb der Kirchgemeinde die Baupl\u00e4ne. 1875 war es zu einer Trennung unter den Gl\u00e4ubigen gekommen. Von den 802 Seelen z\u00e4hlten sich 70 zu der &#8222;Minorit\u00e4t&#8220;, die sogar einen eigenen Pastor w\u00e4hlte. 1883 brachte die Baufrage die beiden Gruppen wieder etwas n\u00e4her. Mit einem Vertrage legten sie das Vorgehen beim Kirchenbau fest und teilten sich die Zeiten der Kirchenben\u00fctzung zu. Die &#8222;Minorit\u00e4t&#8220; musste den Gottesdienst um 9.45 Uhr abgeschlossen haben, und ab 10 Uhr stand der Raum der Majorit\u00e4t zur Verf\u00fcgung.<\/p>\n<p>Die 1878 zugestandene M\u00f6glichkeit der Steuererhebung und das Zusammenr\u00fccken brachten die Baufrage voran. Bereits 1883 lagen Baupl\u00e4ne vor. Mit dem Bauvorhaben sollte erst begonnen werden, nachdem 80 Prozent der Bausumme beisammen war. Im August 1889 fand die Grundsteinlegung statt, und am 19. Oktober 1890 konnte das evangelische Gotteshaus von Ragaz eingeweiht werden. Die Kirche war das erste, von einer evangelischen Kirchgemeinde erstellte Gotteshaus im Sarganserland.<\/p>\n<p><em>nach Pius Dudler, Bad Ragaz &#8211; mein Dorf. Bad Ragaz 1987. S. 151-154 und Arnold Lobeck, Festschrift &#8222;<a href=\"https:\/\/ref-badragaz.ch\/go\/wp-content\/uploads\/2024\/04\/Festschrift-150-Jahre-Kirchgemeinde.pdf\">150 Jahre Evangelisch Reformierte Kirchgemeinde Bad Ragaz-Pf\u00e4fers&#8220;<\/a>, 2013, S. 20-22<\/em><\/p>\n<\/div><\/section><\/div><div  class='flex_column av-owmw8-f58df219caac511c1b4667fb17aa63b6 av_one_fourth  avia-builder-el-2  el_after_av_one_half  el_before_av_one_fourth  flex_column_div  '     ><section  class='av_textblock_section av-lvgrwitt-09ed27bafa22582d54ac156f755e433c '   itemscope=\"itemscope\" itemtype=\"https:\/\/schema.org\/CreativeWork\" ><div class='avia_textblock'  itemprop=\"text\" ><h3>Pfarrer seit 1863<\/h3>\n<ul>\n<li>Ernst Otto Steiger 1863 \u2013 1875<\/li>\n<li>Philipp Wilhelm Sulser 1875 \u2013 1885<\/li>\n<li>Emil Br\u00e4ndli 1885 \u2013 1891<\/li>\n<li>Georg B\u00fchrer 1891 \u2013 1905<\/li>\n<li>Julius Waldburger 1905 \u2013 1916<\/li>\n<li>Arnold Furrer 1916 \u2013 1928<\/li>\n<li>Christian Lendi 1928 \u2013 1936<\/li>\n<li>Christian Eggenberger 1936 \u2013 1941<\/li>\n<li>Hans Diem 1941 \u2013 1942<\/li>\n<li>vakant 1942 \u2013 1945<\/li>\n<li>Alfred Meyer 1945 \u2013 1953<\/li>\n<li>Joos Weber 1953 \u2013 1959<\/li>\n<li>Johannes Sch\u00e4r 1959 \u2013 1964<\/li>\n<li>Heinrich Berger 1964 \u2013 1968<\/li>\n<li>Peter Eggenberger 1968 \u2013 1991<\/li>\n<li>Hans J\u00fcrgen Martin 1991 \u2013 2006<\/li>\n<li>Jan Reintjes 2006 \u2013 2010<\/li>\n<li>J. J\u00fcrgen Seidel, Prof., ad interim 2010 \u2013 2011<\/li>\n<li>Eric Hub, 2011 \u2013 2013<\/li>\n<li>vakant 2014 \u2013 2015<\/li>\n<li>Christoph Sauer, 2015 \u2013 2022<\/li>\n<li>Rolf K\u00fchni, ad interim 2022 \u2013 2024<\/li>\n<li>Sabine G\u00e4umann, seit 2024<\/li>\n<li>Andreas G\u00e4umann, seit 2024<\/li>\n<\/ul>\n<p><em>Erg\u00e4nzte Aufstellung aus der Festschrift <a href=\"https:\/\/ref-badragaz.ch\/go\/wp-content\/uploads\/2024\/04\/Festschrift-150-Jahre-Kirchgemeinde.pdf\">&#8222;150 Jahre Evangelisch Reformierte Kirchgemeinde Bad Ragaz-Pf\u00e4fers&#8220;<\/a> (2013)<\/em><\/p>\n<\/div><\/section><\/div><div  class='flex_column av-5ctimw-1f33ee2f3b3bb3c18d98769aa11ee95d av_one_fourth  avia-builder-el-4  el_after_av_one_fourth  el_before_av_hr  flex_column_div  '     ><section  class='av_textblock_section av-lvgs0qd2-f4f17c7e33a81497deaebf1f5166628c '   itemscope=\"itemscope\" itemtype=\"https:\/\/schema.org\/CreativeWork\" ><div class='avia_textblock'  itemprop=\"text\" ><h3>Pr\u00e4sidenten<\/h3>\n<ul>\n<li>Otto Steiger, Pfarrer 1863 \u2013 1875<\/li>\n<li>August Kreis, Telegrafist 1875 \u2013 1880<\/li>\n<li>Leonhard Weber, Gemeinderat 1880 \u2013 1886<\/li>\n<li>Fridolin Simon, Kantonsrat 1886 \u2013 1922<\/li>\n<li>Emil Diem, Direktor 1922 \u2013 1926<\/li>\n<li>Heinrich Oertli, Sargans 1926 \u2013 1928<\/li>\n<li>Hans Hilty, F\u00f6rster 1928 \u2013 1934<\/li>\n<li>Emil Zimmermann, Sattler 1934 \u2013 1936<\/li>\n<li>Edmund Fetzer, Fotograf 1936 \u2013 1942<\/li>\n<li>Paul Ilg, Werkmeister 1942 \u2013 1954<\/li>\n<li>Werner Leuthold, Dr. phil. 1954 \u2013 1958<\/li>\n<li>Bernhard Appenzeller, Pfleger 1958 \u2013 1962<\/li>\n<li>Walter Frei, Dir. EW 1962 \u2013 1986<\/li>\n<li>Hermann M\u00fcller, Betriebsleiter 1986 \u2013 1995<\/li>\n<li>Christoph Gressbach, Dipl. Ing. FH 1995 \u2013 2001<\/li>\n<li>Max Leibundgut, Dipl. Ing. 2001 \u2013 2007<\/li>\n<li>Verena Kesselring, Dr. med. 2007 \u2013 2010<\/li>\n<li>Arnold Lobeck, Dr. phil. 2010 \u2013 2016<\/li>\n<li>Christoph Gressbach, Dipl. Ing. FH 2016 \u2013 2019<\/li>\n<li>Martin G\u00fcmpel 2019 \u2013 2020<\/li>\n<li>Erika Spitz seit 2020<\/li>\n<\/ul>\n<p><em>* Pr\u00e4sidenten der Kirchenvorsteherschaft. Erg\u00e4nzte Aufstellung aus der Festschrift\u00a0 <a href=\"https:\/\/ref-badragaz.ch\/go\/wp-content\/uploads\/2024\/04\/Festschrift-150-Jahre-Kirchgemeinde.pdf\">&#8222;150 Jahre Evangelisch Reformierte Kirchgemeinde Bad Ragaz-Pf\u00e4fers&#8220;<\/a> (2013)<\/em><\/p>\n<\/div><\/section><\/div><div  class='hr av-7ldw7s-9ace21002d36fa135dffbb4f14fbd8a3 hr-default  avia-builder-el-6  el_after_av_one_fourth  el_before_av_one_third '><span class='hr-inner '><span class=\"hr-inner-style\"><\/span><\/span><\/div><\/p>\n<div  class='flex_column av-5p0h3s-b86eb25f56fe3bbb106c61f8304205bc av_one_third  avia-builder-el-7  el_after_av_hr  el_before_av_one_third  first flex_column_div  '     ><style type=\"text\/css\" data-created_by=\"avia_inline_auto\" id=\"style-css-av-lvl0epo6-6c88179b83272e4f1a610d8925eae440\">\n.avia-image-container.av-lvl0epo6-6c88179b83272e4f1a610d8925eae440 img.avia_image{\nbox-shadow:none;\n}\n.avia-image-container.av-lvl0epo6-6c88179b83272e4f1a610d8925eae440 .av-image-caption-overlay-center{\ncolor:#ffffff;\n}\n<\/style>\n<div  class='avia-image-container av-lvl0epo6-6c88179b83272e4f1a610d8925eae440 av-styling- avia-align-center  avia-builder-el-8  avia-builder-el-no-sibling '   itemprop=\"image\" itemscope=\"itemscope\" itemtype=\"https:\/\/schema.org\/ImageObject\" ><div class=\"avia-image-container-inner\"><div class=\"avia-image-overlay-wrap\"><img decoding=\"async\" fetchpriority=\"high\" class='wp-image-3521 avia-img-lazy-loading-not-3521 avia_image ' src=\"https:\/\/ref-badragaz.ch\/go\/wp-content\/uploads\/2024\/04\/Evangelische-Kirche-1890-eingeweiht-473x400.jpg\" alt='' title='Evangelische Kirche (1890 eingeweiht)'  height=\"400\" width=\"473\"  itemprop=\"thumbnailUrl\"  \/><\/div><\/div><\/div><\/div>\n<div  class='flex_column av-4wt66g-8789032701cdbf13b8a31f1920b39a42 av_one_third  avia-builder-el-9  el_after_av_one_third  el_before_av_one_third  flex_column_div  '     ><style type=\"text\/css\" data-created_by=\"avia_inline_auto\" id=\"style-css-av-lvl0feee-54d08f5ec8d00453babbab3f4d0715d2\">\n.avia-image-container.av-lvl0feee-54d08f5ec8d00453babbab3f4d0715d2 img.avia_image{\nbox-shadow:none;\n}\n.avia-image-container.av-lvl0feee-54d08f5ec8d00453babbab3f4d0715d2 .av-image-caption-overlay-center{\ncolor:#ffffff;\n}\n<\/style>\n<div  class='avia-image-container av-lvl0feee-54d08f5ec8d00453babbab3f4d0715d2 av-styling- avia-align-center  avia-builder-el-10  avia-builder-el-no-sibling '   itemprop=\"image\" itemscope=\"itemscope\" itemtype=\"https:\/\/schema.org\/ImageObject\" ><div class=\"avia-image-container-inner\"><div class=\"avia-image-overlay-wrap\"><img decoding=\"async\" fetchpriority=\"high\" class='wp-image-3519 avia-img-lazy-loading-not-3519 avia_image ' src=\"https:\/\/ref-badragaz.ch\/go\/wp-content\/uploads\/2024\/04\/WR-36-ev-Kirche-495x400.jpg\" alt='' title='LEAD Technologies Inc. V1.01'  height=\"400\" width=\"495\"  itemprop=\"thumbnailUrl\"  \/><\/div><\/div><\/div><\/div>\n<div  class='flex_column av-2ghavc-5b33ca016c4343952dad9e645726a8df av_one_third  avia-builder-el-11  el_after_av_one_third  avia-builder-el-last  flex_column_div  '     ><style type=\"text\/css\" data-created_by=\"avia_inline_auto\" id=\"style-css-av-lvl0fyu5-011481a8959ca4b226fbda95ce114a4d\">\n.avia-image-container.av-lvl0fyu5-011481a8959ca4b226fbda95ce114a4d img.avia_image{\nbox-shadow:none;\n}\n.avia-image-container.av-lvl0fyu5-011481a8959ca4b226fbda95ce114a4d .av-image-caption-overlay-center{\ncolor:#ffffff;\n}\n<\/style>\n<div  class='avia-image-container av-lvl0fyu5-011481a8959ca4b226fbda95ce114a4d av-styling- avia-align-center  avia-builder-el-12  avia-builder-el-no-sibling '   itemprop=\"image\" itemscope=\"itemscope\" itemtype=\"https:\/\/schema.org\/ImageObject\" ><div class=\"avia-image-container-inner\"><div class=\"avia-image-overlay-wrap\"><img decoding=\"async\" fetchpriority=\"high\" class='wp-image-3522 avia-img-lazy-loading-not-3522 avia_image ' src=\"https:\/\/ref-badragaz.ch\/go\/wp-content\/uploads\/2024\/04\/Bad-Ragaz-PS-1930-495x400.jpg\" alt='' title='Bad Ragaz ( PS 1930)'  height=\"400\" width=\"495\"  itemprop=\"thumbnailUrl\"  \/><\/div><\/div><\/div><\/div>\n","protected":false},"excerpt":{"rendered":"","protected":false},"author":1,"featured_media":0,"parent":0,"menu_order":0,"comment_status":"closed","ping_status":"closed","template":"","meta":{"footnotes":"","_links_to":"","_links_to_target":""},"class_list":["post-3448","page","type-page","status-publish","hentry"],"_links":{"self":[{"href":"https:\/\/ref-badragaz.ch\/go\/wp-json\/wp\/v2\/pages\/3448","targetHints":{"allow":["GET"]}}],"collection":[{"href":"https:\/\/ref-badragaz.ch\/go\/wp-json\/wp\/v2\/pages"}],"about":[{"href":"https:\/\/ref-badragaz.ch\/go\/wp-json\/wp\/v2\/types\/page"}],"author":[{"embeddable":true,"href":"https:\/\/ref-badragaz.ch\/go\/wp-json\/wp\/v2\/users\/1"}],"replies":[{"embeddable":true,"href":"https:\/\/ref-badragaz.ch\/go\/wp-json\/wp\/v2\/comments?post=3448"}],"version-history":[{"count":31,"href":"https:\/\/ref-badragaz.ch\/go\/wp-json\/wp\/v2\/pages\/3448\/revisions"}],"predecessor-version":[{"id":4803,"href":"https:\/\/ref-badragaz.ch\/go\/wp-json\/wp\/v2\/pages\/3448\/revisions\/4803"}],"wp:attachment":[{"href":"https:\/\/ref-badragaz.ch\/go\/wp-json\/wp\/v2\/media?parent=3448"}],"curies":[{"name":"wp","href":"https:\/\/api.w.org\/{rel}","templated":true}]}}