{"id":3456,"date":"2024-04-15T11:34:06","date_gmt":"2024-04-15T11:34:06","guid":{"rendered":"https:\/\/ref-badragaz.ch.sora.ch-meta.net\/go\/?page_id=3456"},"modified":"2026-03-16T15:50:51","modified_gmt":"2026-03-16T15:50:51","slug":"pfarrpersonen","status":"publish","type":"page","link":"https:\/\/ref-badragaz.ch\/go\/pfarrpersonen\/","title":{"rendered":"Pfarrpersonen"},"content":{"rendered":"<div  class='flex_column av-1zc0nk-c4bdac7e44940d64cb66c9c30cb6768d av_one_full  avia-builder-el-0  el_before_av_one_full  avia-builder-el-first  first flex_column_div  '     ><section  class='av_textblock_section av-lvo3ckdh-7900442fd75f61590968f22fba820a71 '   itemscope=\"itemscope\" itemtype=\"https:\/\/schema.org\/CreativeWork\" ><div class='avia_textblock'  itemprop=\"text\" ><h3>Pfarrpersonen<\/h3>\n<div class=\"person-container single-persons\">\n<div class=\"person\">\r\n\t\r\n\t\r\n\t\t\t<div class=\"person_image\"><a href=\"https:\/\/ref-badragaz.ch\/go\/person\/13\/\"><img decoding=\"async\" src=\"https:\/\/secure.verowa.ch\/users\/ref-badragaz\/images\/comp\/LPztUkhive2fE7eHxZ6apr.jpg\" \/><\/a><\/div>\r\n\t\t\r\n\t<div class=\"person_description\">\r\n\t\t<h4 class=\"name\"><a href=\"https:\/\/ref-badragaz.ch\/go\/person\/13\/\">Andreas G\u00e4umann<\/a><\/h4>\r\n\t\t\r\n\t\t<p class=\"short_desc\">am Donnerstag in der Regel abwesend<\/p>\r\n\t\t<p class=\"profession\">Pfarrer<\/p>\r\n\t\t<div class=\"person_meta\">\r\n\t\t\t<ul>\r\n\t\t\t\t<li class=\"address\">Maienfelderstrasse 13<\/li>\r\n\t\t\t\t<li class=\"postcode-town\">7310 Bad Ragaz<\/li>\r\n\t\t\t\t<li class=\"email\"><a href=\"mailto:andreas.gaeumann@ref-badragaz.ch\">E-Mail<\/a><\/li>\r\n\t\t\t\t\r\n\t\t\t\t<li class=\"phone\">081 302 71 89<\/li>\r\n\t\t\t<\/ul>\r\n\t\t<\/div>\r\n\t<\/div>\r\n<\/div><div class=\"person\">\r\n\t\r\n\t\r\n\t\t\t<div class=\"person_image\"><a href=\"https:\/\/ref-badragaz.ch\/go\/person\/17\/\"><img decoding=\"async\" src=\"https:\/\/secure.verowa.ch\/users\/ref-badragaz\/images\/comp\/EG4AM4oaDAUvHCqgNoPupr.jpg\" \/><\/a><\/div>\r\n\t\t\r\n\t<div class=\"person_description\">\r\n\t\t<h4 class=\"name\"><a href=\"https:\/\/ref-badragaz.ch\/go\/person\/17\/\">Sabine G\u00e4umann<\/a><\/h4>\r\n\t\t\r\n\t\t\r\n\t\t<p class=\"profession\">Pfarrerin<\/p>\r\n\t\t<div class=\"person_meta\">\r\n\t\t\t<ul>\r\n\t\t\t\t<li class=\"address\">Maienfelderstrasse 13<\/li>\r\n\t\t\t\t<li class=\"postcode-town\">7310 Bad Ragaz<\/li>\r\n\t\t\t\t<li class=\"email\"><a href=\"mailto:sabine.gaeumann@ref-badragaz.ch\">E-Mail<\/a><\/li>\r\n\t\t\t\t\r\n\t\t\t\t<li class=\"phone\">081 302 71 89<\/li>\r\n\t\t\t<\/ul>\r\n\t\t<\/div>\r\n\t<\/div>\r\n<\/div><\/div>\n\n<\/div><\/section><\/div>\n<div  class='flex_column av-8e2kw-246ef7358430411e1c1424b87af2f2f3 av_one_full  avia-builder-el-2  el_after_av_one_full  el_before_av_one_half  first flex_column_div  column-top-margin'     ><section  class='av_textblock_section av-lw0amaqu-1672df34e39a3bf51d1336dbb6efa680 '   itemscope=\"itemscope\" itemtype=\"https:\/\/schema.org\/CreativeWork\" ><div class='avia_textblock'  itemprop=\"text\" ><p>Seit 1. Februar 2024 arbeiten Sabine und Andreas G\u00e4umann in Bad Ragaz und Pf\u00e4fers. Zuvor wirkten sie drei Jahre in der <a href=\"https:\/\/evang-arbon.ch\/\">Evangelischen Kirchgemeinde Arbon<\/a>, dreizehn Jahre in der <a href=\"https:\/\/www.evang-steckborn.ch\/\">Evangelischen Kirchgemeinde Steckborn<\/a> und acht Jahre in der <a href=\"https:\/\/www.reformiert-glarus.ch\/\">Reformierten Kirchgemeinde Glarus-Riedern<\/a>.<\/p>\n<p>Ihre Vorlieben und St\u00e4rken liegen in unterschiedlichen Arbeitsfeldern, so dass sie einander gut erg\u00e4nzen und ein breites Spek\u00adtrum an Anforderungen abdecken k\u00f6nnen. Sabine und Andreas G\u00e4umann sind im Job-Sharing mit je einem 50%-Pensum angestellt. Neben den allgemeinen Pfarramtsaufgaben engagiert sich Sabine G\u00e4umann gerne in Angeboten f\u00fcr Kinder und Familien sowie in der Frauenarbeit, w\u00e4hrend Andreas G\u00e4umann sich in der \u00d6ffentlichkeitsarbeit, bei den Senioren und den Konfirmanden einbringt.<\/p>\n<p>Das Pfarrehepaar G\u00e4umann hat zwei erwachsene S\u00f6hne.<\/p>\n<\/div><\/section><\/div>\n<div  class='flex_column av-672c68-0613c8ffeb0bf60ba33a4fde5087b605 av_one_half  avia-builder-el-4  el_after_av_one_full  el_before_av_one_half  first flex_column_div  column-top-margin'     ><section  class='av_textblock_section av-lw0a7s3h-0ee8aca83bb3c142de6c9883ff9519bc '   itemscope=\"itemscope\" itemtype=\"https:\/\/schema.org\/CreativeWork\" ><div class='avia_textblock'  itemprop=\"text\" ><h5>Kurzportr\u00e4t von Andreas G\u00e4umann<\/h5>\n<p>Der aus dem St. Galler Rheintal stammende Andreas G\u00e4umann schloss das Theologiestudium und das Vikariat in Z\u00fcrich-Fluntern direkt nach der Matura ab und arbeitete eine kirchengeschichtliche Dissertation aus. W\u00e4hrend vieler Jahre pr\u00e4sidierte er eine Spitex-Organisation und die Gesch\u00e4ftspr\u00fcfungskommission der Synode\u00a0 der Thurgauer Kirche.<\/p>\n<p>Seit 2020 arbeitet Andreas G\u00e4umann als Gef\u00e4ngnisseelsorger. Im Auftrag der St. Galler Kantonalkirche ist er zust\u00e4ndig f\u00fcr die Seelsorge im Regionalgef\u00e4ngnis Altst\u00e4tten und in der Strafanstalt Saxerriet; sein aktuelles Pensum betr\u00e4gt 35%. Ausserdem leitet er das <a href=\"https:\/\/www.unibe.ch\/weiterbildungsangebote\/cas_seelsorge_im_straf__und_massnahmenvollzug_aws_schweiz\/index_ger.html\" data-cke-saved-href=\"https:\/\/www.unibe.ch\/weiterbildungsangebote\/cas_seelsorge_im_straf__und_massnahmenvollzug_aws_schweiz\/index_ger.html\">CAS Seelsorge im Straf- und Massnahmenvollzug AWS Schweiz<\/a><\/p>\n<p>Seine Hobbys sind Zeit mit Freunden und Familie verbringen, Reisen, Wandern, Velofahren und Zeitungen lesen.<\/p>\n<\/div><\/section><\/div><div  class='flex_column av-4feggg-f5b1d04b80044ebbf4132fe260900928 av_one_half  avia-builder-el-6  el_after_av_one_half  el_before_av_one_full  flex_column_div  column-top-margin'     ><section  class='av_textblock_section av-1vj23k-97653b084607076f1419ef097b040db4 '   itemscope=\"itemscope\" itemtype=\"https:\/\/schema.org\/CreativeWork\" ><div class='avia_textblock'  itemprop=\"text\" ><h5>Kurzportr\u00e4t von Sabine G\u00e4umann<\/h5>\n<p>Nach dem Abitur schloss Sabine G\u00e4umann ein Fachhochschulstudium ab und arbeitete als Verwaltungsbeamtin in Deutschland. Erst sp\u00e4ter studierte sie Theologie und wurde nach Vikariaten in Hannover und Sevelen ordiniert. Neben ihrer Arbeit im Pfarramt pr\u00e4sidierte sie w\u00e4hrend sieben Jahren den Thurgauischen Pfarrverein.<\/p>\n<p>Ihre Hobbys sind Zeit mit Freunden und Familie verbringen, Kochen, Wandern und Lesen.<\/p>\n<\/div><\/section><\/div><\/p>\n<div  class='flex_column av-2ak94g-3f48d1095ff965a773e60c8b82b7c282 av_one_full  avia-builder-el-8  el_after_av_one_half  el_before_av_one_full  first flex_column_div  column-top-margin'     ><section  class='av_textblock_section av-me9y8hyl-7f4b379142db273d4b50ccfb0ee9fc03 '   itemscope=\"itemscope\" itemtype=\"https:\/\/schema.org\/CreativeWork\" ><div class='avia_textblock'  itemprop=\"text\" ><p><a href=\"https:\/\/ref-badragaz.ch\/go\/aus-der-geschichte\/\">Liste der Pfarrpersonen seit 1863<\/a><\/p>\n<\/div><\/section><\/div>\n<div  class='flex_column av-9zxww-ca44888b589e9939eb2ff2a78fc84be2 av_one_full  avia-builder-el-10  el_after_av_one_full  avia-builder-el-last  first flex_column_div  column-top-margin'     ><section  class='av_textblock_section av-lw0fjdu5-c1639d4beb2bdba4e4c475330c2e2c08 '   itemscope=\"itemscope\" itemtype=\"https:\/\/schema.org\/CreativeWork\" ><div class='avia_textblock'  itemprop=\"text\" ><p><iframe loading=\"lazy\" style=\"border: 0;\" src=\"https:\/\/www.google.com\/maps\/embed?pb=!1m18!1m12!1m3!1d2720.946348904225!2d9.5044954!3d47.0020264!2m3!1f0!2f0!3f0!3m2!1i1024!2i768!4f13.1!3m3!1m2!1s0x4784cb8931a9f781%3A0x26ba7641cd4840c7!2sMaienfelderstrasse%2013%2C%207310%20Bad%20Ragaz!5e0!3m2!1sde!2sch!4v1715330742889!5m2!1sde!2sch\" width=\"600\" height=\"300\" allowfullscreen=\"allowfullscreen\"><\/iframe><\/p>\n<\/div><\/section><\/div>\n","protected":false},"excerpt":{"rendered":"","protected":false},"author":1,"featured_media":0,"parent":0,"menu_order":0,"comment_status":"closed","ping_status":"closed","template":"","meta":{"footnotes":"","_links_to":"","_links_to_target":""},"class_list":["post-3456","page","type-page","status-publish","hentry"],"_links":{"self":[{"href":"https:\/\/ref-badragaz.ch\/go\/wp-json\/wp\/v2\/pages\/3456","targetHints":{"allow":["GET"]}}],"collection":[{"href":"https:\/\/ref-badragaz.ch\/go\/wp-json\/wp\/v2\/pages"}],"about":[{"href":"https:\/\/ref-badragaz.ch\/go\/wp-json\/wp\/v2\/types\/page"}],"author":[{"embeddable":true,"href":"https:\/\/ref-badragaz.ch\/go\/wp-json\/wp\/v2\/users\/1"}],"replies":[{"embeddable":true,"href":"https:\/\/ref-badragaz.ch\/go\/wp-json\/wp\/v2\/comments?post=3456"}],"version-history":[{"count":33,"href":"https:\/\/ref-badragaz.ch\/go\/wp-json\/wp\/v2\/pages\/3456\/revisions"}],"predecessor-version":[{"id":5946,"href":"https:\/\/ref-badragaz.ch\/go\/wp-json\/wp\/v2\/pages\/3456\/revisions\/5946"}],"wp:attachment":[{"href":"https:\/\/ref-badragaz.ch\/go\/wp-json\/wp\/v2\/media?parent=3456"}],"curies":[{"name":"wp","href":"https:\/\/api.w.org\/{rel}","templated":true}]}}