{"id":3460,"date":"2024-04-15T11:34:40","date_gmt":"2024-04-15T11:34:40","guid":{"rendered":"https:\/\/ref-badragaz.ch.sora.ch-meta.net\/go\/?page_id=3460"},"modified":"2025-08-13T12:29:17","modified_gmt":"2025-08-13T12:29:17","slug":"kirchenvorsteherschaft","status":"publish","type":"page","link":"https:\/\/ref-badragaz.ch\/go\/kirchenvorsteherschaft\/","title":{"rendered":"Kirchenvorsteherschaft"},"content":{"rendered":"<div  class='flex_column av-35txtg-2120bbd9c978fde3b5762560fa91eb4b av_one_full  avia-builder-el-0  avia-builder-el-no-sibling  first flex_column_div  '     ><section  class='av_textblock_section av-lvo32a4t-bb9c978d77fa025c088697cddd00801b '   itemscope=\"itemscope\" itemtype=\"https:\/\/schema.org\/CreativeWork\" ><div class='avia_textblock'  itemprop=\"text\" ><h3>Kirchenvorsteherschaft<\/h3>\n<p>Die Kirchenvorsteherschaft leitet die Kirchgemeinde in Zusammenarbeit mit den Pfarrpersonen.<\/p>\n<p><a href=\"https:\/\/ref-badragaz.ch\/go\/aus-der-geschichte\/\">Liste der Pr\u00e4sidien seit 1863<\/a><\/p>\n<\/div><\/section><\/div>\n<div class=\"verowa-persons-events-container persons-events-container\" ><div class=\"person-container single-persons\">\n<div class=\"person\">\r\n\t\r\n\t\r\n\t\t\t<div class=\"person_image\"><img decoding=\"async\" src=\"https:\/\/secure.verowa.ch\/users\/ref-badragaz\/images\/comp\/WRtAnLo3DwZ8RQZsrIWPth.jpg\" \/><\/div>\r\n\t\t\r\n\t<div class=\"person_description\">\r\n\t\t<h4 class=\"name\">Erika Spitz<\/h4>\r\n\t\t<p class=\"group_function\">Pr\u00e4sidentin<\/p>\r\n\t\t\r\n\t\t\r\n\t\t<div class=\"person_meta\">\r\n\t\t\t<ul>\r\n\t\t\t\t\r\n\t\t\t\t\r\n\t\t\t\t<li class=\"email\"><a href=\"mailto:praesidium@ref-badragaz.ch\">E-Mail<\/a><\/li>\r\n\t\t\t\t\r\n\t\t\t\t<li class=\"phone\">079 481 99 77<\/li>\r\n\t\t\t<\/ul>\r\n\t\t<\/div>\r\n\t<\/div>\r\n<\/div><div class=\"person\">\r\n\t\r\n\t\r\n\t\t\t<div class=\"person_image\"><img decoding=\"async\" src=\"https:\/\/secure.verowa.ch\/users\/ref-badragaz\/images\/comp\/7qam9rOKNAJVwG721cSpth.jpg\" \/><\/div>\r\n\t\t\r\n\t<div class=\"person_description\">\r\n\t\t<h4 class=\"name\">Urs Cabalzar<\/h4>\r\n\t\t<p class=\"group_function\">Ressort Liegenschaften, Vize-Pr\u00e4sident<\/p>\r\n\t\t\r\n\t\t\r\n\t\t<div class=\"person_meta\">\r\n\t\t\t<ul>\r\n\t\t\t\t\r\n\t\t\t\t\r\n\t\t\t\t<li class=\"email\"><a href=\"mailto:urs.cabalzar@gmail.com\">E-Mail<\/a><\/li>\r\n\t\t\t\t\r\n\t\t\t\t\r\n\t\t\t<\/ul>\r\n\t\t<\/div>\r\n\t<\/div>\r\n<\/div><div class=\"person\">\r\n\t\r\n\t\r\n\t<div class=\"person_image_leer\"><img decoding=\"async\" src=\"\/go\/wp-content\/uploads\/2024\/05\/pers_leer.png\" alt=\"\"><\/div> \r\n\t\t\r\n\t<div class=\"person_description\">\r\n\t\t<h4 class=\"name\">Monika Benz<\/h4>\r\n\t\t<p class=\"group_function\">Ressort Religionsunterricht<\/p>\r\n\t\t\r\n\t\t\r\n\t\t<div class=\"person_meta\">\r\n\t\t\t<ul>\r\n\t\t\t\t\r\n\t\t\t\t\r\n\t\t\t\t<li class=\"email\"><a href=\"mailto:moni.benz@rsnweb.ch\">E-Mail<\/a><\/li>\r\n\t\t\t\t\r\n\t\t\t\t\r\n\t\t\t<\/ul>\r\n\t\t<\/div>\r\n\t<\/div>\r\n<\/div><div class=\"person\">\r\n\t\r\n\t\r\n\t\t\t<div class=\"person_image\"><img decoding=\"async\" src=\"https:\/\/secure.verowa.ch\/users\/ref-badragaz\/images\/comp\/uezX1tyimeV42naMWycZth.jpg\" \/><\/div>\r\n\t\t\r\n\t<div class=\"person_description\">\r\n\t\t<h4 class=\"name\">Marianne Bislin<\/h4>\r\n\t\t<p class=\"group_function\">Ressort Familie, Kinder, Jugend<\/p>\r\n\t\t\r\n\t\t\r\n\t\t<div class=\"person_meta\">\r\n\t\t\t<ul>\r\n\t\t\t\t\r\n\t\t\t\t\r\n\t\t\t\t<li class=\"email\"><a href=\"mailto:m.bislin@rsnweb.ch\">E-Mail<\/a><\/li>\r\n\t\t\t\t\r\n\t\t\t\t\r\n\t\t\t<\/ul>\r\n\t\t<\/div>\r\n\t<\/div>\r\n<\/div><div class=\"person\">\r\n\t\r\n\t\r\n\t\t\t<div class=\"person_image\"><img decoding=\"async\" src=\"https:\/\/secure.verowa.ch\/users\/ref-badragaz\/images\/comp\/LPztUkhive2fE7eHxZ6ath.jpg\" \/><\/div>\r\n\t\t\r\n\t<div class=\"person_description\">\r\n\t\t<h4 class=\"name\">Andreas G\u00e4umann<\/h4>\r\n\t\t<p class=\"group_function\">Pfarrer<\/p>\r\n\t\t<p class=\"short_desc\">am Donnerstag in der Regel abwesend<\/p>\r\n\t\t\r\n\t\t<div class=\"person_meta\">\r\n\t\t\t<ul>\r\n\t\t\t\t\r\n\t\t\t\t\r\n\t\t\t\t<li class=\"email\"><a href=\"mailto:andreas.gaeumann@ref-badragaz.ch\">E-Mail<\/a><\/li>\r\n\t\t\t\t\r\n\t\t\t\t<li class=\"phone\">081 302 71 89<\/li>\r\n\t\t\t<\/ul>\r\n\t\t<\/div>\r\n\t<\/div>\r\n<\/div><div class=\"person\">\r\n\t\r\n\t\r\n\t\t\t<div class=\"person_image\"><img decoding=\"async\" src=\"https:\/\/secure.verowa.ch\/users\/ref-badragaz\/images\/comp\/EG4AM4oaDAUvHCqgNoPuth.jpg\" \/><\/div>\r\n\t\t\r\n\t<div class=\"person_description\">\r\n\t\t<h4 class=\"name\">Sabine G\u00e4umann<\/h4>\r\n\t\t<p class=\"group_function\">Pfarrerin<\/p>\r\n\t\t\r\n\t\t\r\n\t\t<div class=\"person_meta\">\r\n\t\t\t<ul>\r\n\t\t\t\t\r\n\t\t\t\t\r\n\t\t\t\t<li class=\"email\"><a href=\"mailto:sabine.gaeumann@ref-badragaz.ch\">E-Mail<\/a><\/li>\r\n\t\t\t\t\r\n\t\t\t\t<li class=\"phone\">081 302 71 89<\/li>\r\n\t\t\t<\/ul>\r\n\t\t<\/div>\r\n\t<\/div>\r\n<\/div><div class=\"person\">\r\n\t\r\n\t\r\n\t<div class=\"person_image_leer\"><img decoding=\"async\" src=\"\/go\/wp-content\/uploads\/2024\/05\/pers_leer.png\" alt=\"\"><\/div> \r\n\t\t\r\n\t<div class=\"person_description\">\r\n\t\t<h4 class=\"name\">Robin Kaiser<\/h4>\r\n\t\t\r\n\t\t\r\n\t\t\r\n\t\t<div class=\"person_meta\">\r\n\t\t\t<ul>\r\n\t\t\t\t\r\n\t\t\t\t\r\n\t\t\t\t<li class=\"email\"><a href=\"mailto:kaiser.robin@hotmail.com\">E-Mail<\/a><\/li>\r\n\t\t\t\t\r\n\t\t\t\t\r\n\t\t\t<\/ul>\r\n\t\t<\/div>\r\n\t<\/div>\r\n<\/div><div class=\"person\">\r\n\t\r\n\t\r\n\t\t\t<div class=\"person_image\"><img decoding=\"async\" src=\"https:\/\/secure.verowa.ch\/users\/ref-badragaz\/images\/comp\/RumXCxIbWqmi5Sc3ZTEBth.jpg\" \/><\/div>\r\n\t\t\r\n\t<div class=\"person_description\">\r\n\t\t<h4 class=\"name\">Eduard Kellenberger<\/h4>\r\n\t\t<p class=\"group_function\">Ressort Kulturg\u00fcterschutz, Mission<\/p>\r\n\t\t\r\n\t\t\r\n\t\t<div class=\"person_meta\">\r\n\t\t\t<ul>\r\n\t\t\t\t\r\n\t\t\t\t\r\n\t\t\t\t<li class=\"email\"><a href=\"mailto:eduard.kellenberger@sunrise.ch\">E-Mail<\/a><\/li>\r\n\t\t\t\t\r\n\t\t\t\t\r\n\t\t\t<\/ul>\r\n\t\t<\/div>\r\n\t<\/div>\r\n<\/div><\/div>\n<\/div>","protected":false},"excerpt":{"rendered":"<p>Erika Spitz Pr\u00e4sidentin E-Mail 079 481 99 77 Urs Cabalzar Ressort Liegenschaften, Vize-Pr\u00e4sident E-Mail Monika Benz Ressort Religionsunterricht E-Mail Marianne Bislin Ressort Familie, Kinder, Jugend E-Mail Andreas G\u00e4umann Pfarrer am Donnerstag in der Regel abwesend E-Mail 081 302 71 89 Sabine G\u00e4umann Pfarrerin E-Mail 081 302 71 89 Robin Kaiser E-Mail Eduard Kellenberger Ressort Kulturg\u00fcterschutz, [&hellip;]<\/p>\n","protected":false},"author":1,"featured_media":0,"parent":0,"menu_order":0,"comment_status":"closed","ping_status":"closed","template":"","meta":{"footnotes":"","_links_to":"","_links_to_target":""},"class_list":["post-3460","page","type-page","status-publish","hentry"],"_links":{"self":[{"href":"https:\/\/ref-badragaz.ch\/go\/wp-json\/wp\/v2\/pages\/3460","targetHints":{"allow":["GET"]}}],"collection":[{"href":"https:\/\/ref-badragaz.ch\/go\/wp-json\/wp\/v2\/pages"}],"about":[{"href":"https:\/\/ref-badragaz.ch\/go\/wp-json\/wp\/v2\/types\/page"}],"author":[{"embeddable":true,"href":"https:\/\/ref-badragaz.ch\/go\/wp-json\/wp\/v2\/users\/1"}],"replies":[{"embeddable":true,"href":"https:\/\/ref-badragaz.ch\/go\/wp-json\/wp\/v2\/comments?post=3460"}],"version-history":[{"count":5,"href":"https:\/\/ref-badragaz.ch\/go\/wp-json\/wp\/v2\/pages\/3460\/revisions"}],"predecessor-version":[{"id":5600,"href":"https:\/\/ref-badragaz.ch\/go\/wp-json\/wp\/v2\/pages\/3460\/revisions\/5600"}],"wp:attachment":[{"href":"https:\/\/ref-badragaz.ch\/go\/wp-json\/wp\/v2\/media?parent=3460"}],"curies":[{"name":"wp","href":"https:\/\/api.w.org\/{rel}","templated":true}]}}