{"id":3462,"date":"2024-04-15T11:35:14","date_gmt":"2024-04-15T11:35:14","guid":{"rendered":"https:\/\/ref-badragaz.ch.sora.ch-meta.net\/go\/?page_id=3462"},"modified":"2024-05-21T17:57:08","modified_gmt":"2024-05-21T17:57:08","slug":"impressum","status":"publish","type":"page","link":"https:\/\/ref-badragaz.ch\/go\/impressum\/","title":{"rendered":"Impressum &#038; Datenschutz"},"content":{"rendered":"<div  class='flex_column av-7v6h4m-809cd2d5e0430dd0bde1c3abdfb5ed9a av_one_third  avia-builder-el-0  el_before_av_one_third  avia-builder-el-first  first flex_column_div  '     ><section  class='av_textblock_section av-lvl6411s-4d28bb4894c594113d48c8d7e790b3b3 '   itemscope=\"itemscope\" itemtype=\"https:\/\/schema.org\/CreativeWork\" ><div class='avia_textblock'  itemprop=\"text\" ><div class=\"wp-bootstrap-blocks-row row\">\n<div class=\"col-12 col-lg-6\">\n<div id=\"wysiwyg-block_60e6e8e81ee0d\" class=\"wysiwyg mt-medium-small mb-medium-small aos-init aos-animate\" data-aos=\"fade-up\">\n<h3 class=\"undefined\">Impressum<\/h3>\n<\/div>\n<\/div>\n<div class=\"col-12 col-lg-6\"><\/div>\n<\/div>\n<div class=\"wp-bootstrap-blocks-row row mb-big\">\n<div class=\"col-12 col-lg-6\">\n<div id=\"wysiwyg-block_60e6e8fb1ee0e\" class=\"wysiwyg aos-init aos-animate\" data-aos=\"fade-up\">\n<div class=\"wysiwyg\">\n<h5><strong>Bilder der Website<\/strong><\/h5>\n<p>Andreas G\u00e4umann, ferner Martin G\u00fcmpel und Marianne Bislin; Fensterbilder: Werner Fetzer<\/p>\n<h5><strong>Texte<\/strong><\/h5>\n<p>Die Texte stammen von Andreas G\u00e4umann (Lead), Sabine G\u00e4umann und Hansandres Egli. Einzelne Texte, insbesondere zur Kirche und zur lokalen Kirchengeschichte, bauen auf der Festschrift &#8222;<a href=\"https:\/\/ref-badragaz.ch.sora.ch-meta.net\/go\/wp-content\/uploads\/2024\/04\/Festschrift-150-Jahre-Kirchgemeinde.pdf\">150 Jahre Evangelisch Reformierte Kirchgemeinde Bad Ragaz-Pf\u00e4fers&#8220;, <\/a>\u00a0auf der Schrift &#8222;100 Jahre Evangelische Kirchgemeinde Bad Ragaz-Pf\u00e4fers, 1990&#8220; von Peter Eggenberger und auf einem Kirchenflyer aus dem Jahr 2011 von Gottlieb und Barbara Bachofner.<\/p>\n<\/div>\n<\/div>\n<\/div>\n<\/div>\n<\/div><\/section><\/div><div  class='flex_column av-5de3dy-78ab2d4bb6408b0b88efd3f5be546853 av_one_third  avia-builder-el-2  el_after_av_one_third  el_before_av_one_third  flex_column_div  '     ><section  class='av_textblock_section av-lvl6fy71-729cfb40552541d772650959d559c2a5 '   itemscope=\"itemscope\" itemtype=\"https:\/\/schema.org\/CreativeWork\" ><div class='avia_textblock'  itemprop=\"text\" ><div class=\"col-12 col-lg-5 offset-lg-1\">\n<div id=\"wysiwyg-block_60e6e9861ee0f\" class=\"wysiwyg my-desktop-lg-0 mt-medium aos-init aos-animate\" data-aos=\"fade-up\">\n<div class=\"wysiwyg\">\n<h5><strong>Konzeption und Redaktion der Website<\/strong><\/h5>\n<p>Pfr. Andreas G\u00e4umann, Webmaster, Maienfelderstr. 13, 7310 Bad Ragaz, <a href=\"mailto:andreas.gaeumann@evang-arbon.ch\">andreas.gaeumann@ref-badragaz.ch<\/a><\/p>\n<h5><strong>Webdesign und Programmierung<\/strong><\/h5>\n<p>Mosillus Media &#038; Publishing, Jos\u00e9 Carlos Federspiel, Buchwaldstrasse 11, 7312 Pf\u00e4fers, <a href=\"https:\/\/mosillus.com\">https:\/\/mosillus.com<\/a><\/p>\n<h5><strong>Termin- und Personen-Verwaltung<\/strong><\/h5>\n<p>Picture-Planet GmbH, Gertrudstrasse 17, 8400 Winterthur,<a href=\"https:\/\/verowa.ch\/\"> https:\/\/verowa.c<\/a>h\/<\/p>\n<\/div>\n<\/div>\n<\/div>\n<\/div><\/section><\/div><\/p>\n<div  class='flex_column av-3n7kyu-da839558528dd8da03fa87ae0dd51994 av_one_third  avia-builder-el-4  el_after_av_one_third  el_before_av_one_full  flex_column_div  '     ><style type=\"text\/css\" data-created_by=\"avia_inline_auto\" id=\"style-css-av-lvl6vv9t-54d4d7571a96bb10f21df65e87e20880\">\n.avia-image-container.av-lvl6vv9t-54d4d7571a96bb10f21df65e87e20880 img.avia_image{\nbox-shadow:none;\n}\n.avia-image-container.av-lvl6vv9t-54d4d7571a96bb10f21df65e87e20880 .av-image-caption-overlay-center{\ncolor:#ffffff;\n}\n<\/style>\n<div  class='avia-image-container av-lvl6vv9t-54d4d7571a96bb10f21df65e87e20880 av-styling- avia-align-center  avia-builder-el-5  avia-builder-el-no-sibling '   itemprop=\"image\" itemscope=\"itemscope\" itemtype=\"https:\/\/schema.org\/ImageObject\" ><div class=\"avia-image-container-inner\"><div class=\"avia-image-overlay-wrap\"><img decoding=\"async\" fetchpriority=\"high\" class='wp-image-4241 avia-img-lazy-loading-not-4241 avia_image ' src=\"https:\/\/ref-badragaz.ch\/go\/wp-content\/uploads\/2024\/04\/Logo_Solo_Master-300x300.jpg\" alt='' title='Logo_Solo_Master'  height=\"300\" width=\"300\"  itemprop=\"thumbnailUrl\" srcset=\"https:\/\/ref-badragaz.ch\/go\/wp-content\/uploads\/2024\/04\/Logo_Solo_Master-300x300.jpg 300w, https:\/\/ref-badragaz.ch\/go\/wp-content\/uploads\/2024\/04\/Logo_Solo_Master-1030x1030.jpg 1030w, https:\/\/ref-badragaz.ch\/go\/wp-content\/uploads\/2024\/04\/Logo_Solo_Master-80x80.jpg 80w, https:\/\/ref-badragaz.ch\/go\/wp-content\/uploads\/2024\/04\/Logo_Solo_Master-768x768.jpg 768w, https:\/\/ref-badragaz.ch\/go\/wp-content\/uploads\/2024\/04\/Logo_Solo_Master-1536x1536.jpg 1536w, https:\/\/ref-badragaz.ch\/go\/wp-content\/uploads\/2024\/04\/Logo_Solo_Master-2048x2048.jpg 2048w, https:\/\/ref-badragaz.ch\/go\/wp-content\/uploads\/2024\/04\/Logo_Solo_Master-36x36.jpg 36w, https:\/\/ref-badragaz.ch\/go\/wp-content\/uploads\/2024\/04\/Logo_Solo_Master-180x180.jpg 180w, https:\/\/ref-badragaz.ch\/go\/wp-content\/uploads\/2024\/04\/Logo_Solo_Master-1500x1500.jpg 1500w, https:\/\/ref-badragaz.ch\/go\/wp-content\/uploads\/2024\/04\/Logo_Solo_Master-705x705.jpg 705w\" sizes=\"(max-width: 300px) 100vw, 300px\" \/><\/div><\/div><\/div><\/div>\n<div  class='flex_column av-2ws5fa-1b8d22eab7996266e23db620e22ffb42 av_one_full  avia-builder-el-6  el_after_av_one_third  avia-builder-el-last  first flex_column_div  column-top-margin'     ><style type=\"text\/css\" data-created_by=\"avia_inline_auto\" id=\"style-css-av-lvl6u64n-42152e7264fbdee89829ae83f9f0a203\">\n#top .av_textblock_section.av-lvl6u64n-42152e7264fbdee89829ae83f9f0a203 .avia_textblock{\ncolumn-count:3;\n}\n<\/style>\n<section  class='av_textblock_section av-lvl6u64n-42152e7264fbdee89829ae83f9f0a203 '   itemscope=\"itemscope\" itemtype=\"https:\/\/schema.org\/CreativeWork\" ><div class='avia_textblock av_multi_colums'  itemprop=\"text\" ><div id=\"wysiwyg-block_876874e5b161b13b32c3157ae2ec7850\" class=\"wysiwyg mt-medium-small aos-init aos-animate\" data-aos=\"fade-up\">\n<h3 class=\"undefined\">Datenschutz<\/h3>\n<div class=\"wysiwyg\">\n<h5>Datenschutzerkl\u00e4rung<\/h5>\n<p>Die Website der Evangelisch-Reformierte Kirchgemeinde Bad Ragaz-Pf\u00e4fers unterliegt schweizerischem Datenschutzrecht, insbesondere gem\u00e4ss dem Bundesgesetz \u00fcber den Datenschutz (DSG) sowie allenfalls anwendbarem ausl\u00e4ndischem Datenschutzrecht wie beispielsweise der Datenschutz- Grundverordnung (DSGVO) der Europ\u00e4ischen Union (EU). Die EU anerkennt, dass das schweizerische Datenschutzrecht einen angemessenen Datenschutz gew\u00e4hrleistet.<\/p>\n<\/div>\n<\/div>\n<div id=\"wysiwyg-block_e142725393f319b99ea7293bf60c6f80\" class=\"wysiwyg mt-medium-small aos-init aos-animate\" data-aos=\"fade-up\">\n<div class=\"wysiwyg\">\n<h5>Der Zugriff auf unsere Website erfolgt mittels Transportverschl\u00fcsselung (SSL\/TLS).<\/h5>\n<p>Wir freuen uns sehr \u00fcber Ihr Interesse an unserer Kirche. Datenschutz hat einen besonders hohen Stellenwert f\u00fcr uns. Eine Nutzung unserer Website ist grunds\u00e4tzlich ohne jede Angabe personenbezogener Daten m\u00f6glich. Sofern eine betroffene Person besondere Services unserer Kirchgemeinde \u00fcber unsere Internetseite in Anspruch nehmen m\u00f6chte, k\u00f6nnte jedoch eine Verarbeitung personenbezogener Daten erforderlich werden. Ist die Verarbeitung personenbezogener Daten erforderlich und besteht f\u00fcr eine solche Verarbeitung keine gesetzliche Grundlage, holen wir generell eine Einwilligung der betroffenen Person ein.<\/p>\n<p>Die Verarbeitung personenbezogener Daten, beispielsweise des Namens, der Anschrift, E-Mail-Adresse oder Telefonnummer einer betroffenen Person, erfolgt stets im Einklang mit den gesetzlichen Datenschutzvorgaben. Mittels dieser Datenschutzerkl\u00e4rung m\u00f6chte unsere Kirchgemeinde die \u00d6ffentlichkeit \u00fcber Art, Umfang und Zweck der von uns erhobenen, genutzten und verarbeiteten personenbezogenen Daten informieren. Ferner werden betroffene Personen mittels dieser Datenschutzerkl\u00e4rung \u00fcber die ihnen zustehenden Rechte aufgekl\u00e4rt.<\/p>\n<p>Die Evangelisch-Reformierte Kirchgemeinde Bad Ragaz-Pf\u00e4fers hat als f\u00fcr die Verarbeitung verantwortliche Instanz zahlreiche technische und organisatorische Massnahmen umgesetzt, um einen m\u00f6glichst l\u00fcckenlosen Schutz der \u00fcber diese Internetseite verarbeiteten personenbezogenen Daten sicherzustellen. Dennoch k\u00f6nnen internetbasierte Daten\u00fcbertragungen grunds\u00e4tzlich Sicherheitsl\u00fccken aufweisen, sodass ein absoluter Schutz nicht gew\u00e4hrleistet werden kann. Aus diesem Grund steht es jeder betroffenen Person frei, personenbezogene Daten auch auf alternativen Wegen, beispielsweise telefonisch, an uns zu \u00fcbermitteln.<\/p>\n<\/div>\n<\/div>\n<div id=\"wysiwyg-block_cbd706d089d9d61fb56eb495279a2f88\" class=\"wysiwyg mt-medium-small aos-init\" data-aos=\"fade-up\">\n<div class=\"wysiwyg\">\n<h5>1. Name und Anschrift des Verantwortlichen<\/h5>\n<p>Der Verantwortliche im Sinne der Gesetze (im Weiteren \u00abBetreiber\u00bb genannt) ist die<\/p>\n<p>Evangelisch-Reformierte Kirchgemeinde Bad Ragaz-Pf\u00e4fers<br \/>\nMaienfelderstr. 13<br \/>\n7310 Bad Ragaz<\/p>\n<p><a href=\"mailto:andreas.gaeumann@ref-badragaz.ch\">andreas.gaeumann@ref-badragaz.ch<\/a><\/p>\n<p>Kontaktdaten bei Datenschutzfragen<\/p>\n<p>Bei Anfragen zum Datenschutz wenden Sie sich bitte an<br \/>\nE-Mail: <a href=\"mailto:andreas.gaeumann@ref-badragaz.ch\">andreas.gaeumann@ref-badragaz.ch<\/a><\/p>\n<\/div>\n<\/div>\n<div id=\"wysiwyg-block_5f6da686d843e214ed5916eb0f63df1d\" class=\"wysiwyg mt-medium-small aos-init\" data-aos=\"fade-up\">\n<div class=\"wysiwyg\">\n<h5>2. Allgemeines zur Datenverarbeitung<\/h5>\n<p>Wir erheben und verwenden bei einem Besuch unserer Website zun\u00e4chst nur die in Abschnitt 3 genannten Daten. Dar\u00fcber hinaus verarbeiten wir personenbezogene Daten unserer Nutzer grunds\u00e4tzlich nur, soweit dies zur Bereitstellung einer funktionsf\u00e4higen Website sowie unserer Inhalte und Leistungen erforderlich ist. Die Erhebung und Verwendung personenbezogener Daten unserer Nutzer erfolgt regelm\u00e4ssig nur nach Einwilligung des Nutzers. Eine Ausnahme gilt in solchen F\u00e4llen, in denen eine vorherige Einholung einer Einwilligung aus tats\u00e4chlichen Gr\u00fcnden nicht m\u00f6glich ist und die Verarbeitung der Daten durch gesetzliche Vorschriften gestattet ist.<\/p>\n<\/div>\n<\/div>\n<div id=\"wysiwyg-block_be18b1321efac91f9c13afe4df5bc47e\" class=\"wysiwyg mt-medium-small aos-init\" data-aos=\"fade-up\">\n<div class=\"wysiwyg\">\n<h5>2.1. Rechtsgrundlage f\u00fcr die Verarbeitung personenbezogener Daten<\/h5>\n<p>Soweit wir f\u00fcr Verarbeitungsvorg\u2002nge personenbezogener Daten eine Einwilligung der betroffenen Person einholen, dient das Bundesgesetz \u00fcber den Datenschutz (DSG) beziehungsweise, sofern und soweit anwendbar, Art. 6 Abs. 1 lit. a EU-Datenschutz-Grundverordnung (DSGVO) als Rechtsgrundlage f\u00fcr die Verarbeitung personenbezogener Daten.<\/p>\n<p>Bei der Verarbeitung von personenbezogenen Daten, die zur Erf\u00fcllung eines Vertrages, dessen Vertragspartei die betroffene Person ist, erforderlich ist, dient das Bundesgesetz \u00fcber den Datenschutz (DSG) beziehungsweise, sofern und soweit anwendbar, Art. 6 Abs. 1 lit. b DSGVO als Rechtsgrundlage. Dies gilt auch f\u00fcr Verarbeitungsvorg\u00e4nge, die zur Durchf\u00fchrung vorvertraglicher Massnahmen erforderlich sind.<\/p>\n<p>Soweit eine Verarbeitung personenbezogener Daten zur Erf\u00fcllung einer rechtlichen Verpflichtung erforderlich ist, welcher unser Unternehmen unterliegt, dient das Bundesgesetz \u00fcber den Datenschutz (DSG) beziehungsweise, sofern und soweit anwendbar, Art. 6 Abs. 1 lit. c DSGVO als Rechtsgrundlage.<\/p>\n<p>Ist die Verarbeitung zur Wahrung eines berechtigten Interesses unseres Unternehmens oder eines Dritten erforderlich und \u00fcberwiegen die Interessen, Grundrechte und Grundfreiheiten des Betroffenen das erstgenannte Interesse nicht, so dient das Bundesgesetz \u00fcber den Datenschutz (DSG) beziehungsweise, sofern und soweit anwendbar, Art. 6 Abs. 1 lit. f DSGVO als Rechtsgrundlage f\u00fcr die Verarbeitung.<\/p>\n<\/div>\n<\/div>\n<div id=\"wysiwyg-block_57e863173a12639ce3a14258092c8ae5\" class=\"wysiwyg mt-medium-small aos-init\" data-aos=\"fade-up\">\n<div class=\"wysiwyg\">\n<h5>2.2. Datenl\u00f6schung und Speicherdauer<\/h5>\n<p>Die personenbezogenen Daten der betroffenen Person werden gel\u00f6scht oder gesperrt, sobald der Zweck der Speicherung entf\u00e4llt. Eine Speicherung kann dar\u00fcber hinaus dann erfolgen, wenn dies durch den europ\u00e4ischen oder nationalen Gesetzgeber in unionsrechtlichen Verordnungen, Gesetzen oder sonstigen Vorschriften, denen der Verantwortliche unterliegt, vorgesehen wurde. Eine Sperrung oder L\u00f6schung der Daten erfolgt auch dann, wenn eine durch die genannten Normen vorgeschriebene Speicherfrist abl\u00e4uft, es sei denn, dass eine Erforderlichkeit zur weiteren Speicherung der Daten f\u00fcr einen Vertragsabschluss oder eine Vertragserf\u00fcllung besteht.<\/p>\n<\/div>\n<\/div>\n<div id=\"wysiwyg-block_b755a47a206a4cbc4d9aadb7f52cf5c7\" class=\"wysiwyg mt-medium-small aos-init\" data-aos=\"fade-up\">\n<div class=\"wysiwyg\">\n<h5>3. Bereitstellung der Website und Erstellung von Logfiles<\/h5>\n<p>3.1. Beschreibung, Zweck und Umfang der Datenverarbeitung Bei jedem Aufruf unserer Website erfasst unser System automatisiert Daten und Informationen vom Computersystem des aufrufenden Rechners.<\/p>\n<p>Folgende Daten werden hierbei erhoben:<\/p>\n<ul>\n<li>Informationen \u00fcber den Browsertyp und die verwendete Version<\/li>\n<li>Das Betriebssystem des Nutzers<\/li>\n<li>Die IP-Adresse des Nutzers<\/li>\n<li>Datum und Uhrzeit des Zugriffs<\/li>\n<li>Websites, von denen das System des Nutzers auf unsere Webseite gelangt<\/li>\n<li>Websites, die vom System des Nutzers \u00fcber unsere Website aufgerufen werden<\/li>\n<li>Username (falls der Benutzer angemeldet ist)<\/li>\n<\/ul>\n<p>Die vor\u00fcbergehende Speicherung der IP-Adresse durch das System ist notwendig, um eine Auslieferung der Website an den Rechner des Nutzers zu erm\u00f6glichen. Hierf\u00fcr muss die IP-Adresse des Nutzers f\u00fcr die Dauer der Sitzung gespeichert bleiben. Die Logfiles enthalten IP-Adressen oder sonstige Daten, die eine Zuordnung zu einem Nutzer erm\u00f6glichen. Dies k\u00f6nnte beispielsweise der Fall sein, wenn der Link zur Website, von welcher der Nutzer auf die Website gelangt, oder der Link zur Website, zu welcher der Nutzer wechselt, personenbezogene Daten enth\u00e4lt.<\/p>\n<p>Die Daten werden ebenfalls in den Logfiles unseres Systems gespeichert. Eine Speicherung dieser Daten zusammen mit anderen personenbezogenen Daten des Nutzers findet nicht statt. Die Speicherung in Logfiles erfolgt, um die Funktionsf\u00e4higkeit der Website sicherzustellen. Zudem dienen uns die Daten zur Optimierung der Website und zur Sicherstellung der Sicherheit unserer informationstechnischen Systeme. Eine Auswertung der Daten zu Marketingzwecken findet in diesem Zusammenhang nicht statt.<\/p>\n<p>Bei der Nutzung dieser allgemeinen Daten und Informationen zieht die Evangelisch-Reformierte Kirchgemeinde Bad Ragaz-Pf\u00e4fers keine R\u00fcckschl\u00fcsse auf die betroffene Person. Diese Informationen werden vielmehr ben\u00f6tigt, um (1) die Inhalte unserer Internetseite korrekt auszuliefern, (2) die Inhalte unserer Internetseite zu optimieren, (3) die dauerhafte Funktionsf\u00e4higkeit unserer informationstechnologischen Systeme und der Technik unserer Internetseite zu gew\u00e4hrleisten sowie (4) um Strafverfolgungsbeh\u00f6rden im Falle eines Cyberangriffes die zur Strafverfolgung notwendigen Informationen bereitzustellen<\/p>\n<\/div>\n<\/div>\n<div id=\"wysiwyg-block_398f8d4e8bb22624068c44ffef2614a1\" class=\"wysiwyg mt-medium-small aos-init\" data-aos=\"fade-up\">\n<div class=\"wysiwyg\">\n<h5>3.2. Rechtsgrundlage f\u00fcr die Datenverarbeitung<\/h5>\n<p>Rechtsgrundlage f\u00fcr die vor\u00fcbergehende Speicherung der Daten und der Logfiles ist das Bundesgesetz \u00fcber den Datenschutz (DSG) beziehungsweise, sofern und soweit anwendbar, Art. 6 Abs. 1 lit. f DSGVO.<\/p>\n<\/div>\n<\/div>\n<div id=\"wysiwyg-block_56bfb45987baea534073ca82d21316b8\" class=\"wysiwyg mt-medium-small aos-init\" data-aos=\"fade-up\">\n<div class=\"wysiwyg\">\n<h5>3.3. Dauer der Speicherung<\/h5>\n<p>Die Daten werden gel\u00f6scht, sobald sie f\u00fcr die Erreichung des Zweckes ihrer Erhebung nicht mehr erforderlich sind. Technische Server- Logfiles werden nach 365 Tagen automatisch gel\u00f6scht.<\/p>\n<\/div>\n<\/div>\n<div id=\"wysiwyg-block_8c731843a3f1611bf267dac26fbf04a3\" class=\"wysiwyg mt-medium-small aos-init\" data-aos=\"fade-up\">\n<div class=\"wysiwyg\">\n<h5>3.4. Widerspruchs- und Beseitigungsm\u00f6glichkeit<\/h5>\n<p>Die Erfassung der Daten zur Bereitstellung der Website und die Speicherung der Daten in Logfiles sind f\u00fcr den Betrieb der Website zwingend erforderlich. Es besteht folglich seitens des Nutzers keine Widerspruchsm\u00f6glichkeit.<\/p>\n<\/div>\n<\/div>\n<div id=\"wysiwyg-block_6b8d01ce0c70445e436fb4c09709a5cc\" class=\"wysiwyg mt-medium-small mb-medium-small aos-init\" data-aos=\"fade-up\">\n<div class=\"wysiwyg\">\n<h4>4. Verwendung von Cookies<\/h4>\n<p>Die Internetseiten verwenden teilweise so genannte Cookies. Cookies richten auf Ihrem Rechner keinen Schaden an und enthalten keine Viren. Cookies dienen dazu, unser Angebot nutzerfreundlicher, effektiver und sicherer zu machen. Cookies sind kleine Textdateien, die auf Ihrem Rechner abgelegt werden und die Ihr Browser speichert.<\/p>\n<p>Die meisten der von uns verwendeten Cookies sind so genannte \u201eSession-Cookies\u201c. Sie werden nach Ende Ihres Besuchs automatisch gel\u00f6scht. Andere Cookies bleiben auf Ihrem Endger\u00e4t gespeichert, bis Sie diese l\u00f6schen. Diese Cookies erm\u00f6glichen es uns, Ihren Browser beim n\u00e4chsten Besuch wiederzuerkennen.<br \/>\nSie k\u00f6nnen Ihren Browser so einstellen, dass Sie \u00fcber das Setzen von Cookies informiert werden und Cookies nur im Einzelfall erlauben, die Annahme von Cookies f\u00fcr bestimmte F\u00e4lle oder generell ausschlie\u00dfen sowie das automatische L\u00f6schen der Cookies beim Schlie\u00dfen des Browser aktivieren. Bei der Deaktivierung von Cookies kann die Funktionalit\u00e4t dieser Website eingeschr\u00e4nkt sein.<\/p>\n<p>Cookies, die zur Durchf\u00fchrung des elektronischen Kommunikationsvorgangs oder zur Bereitstellung bestimmter, von Ihnen erw\u00fcnschter Funktionen (z.B. Warenkorbfunktion) erforderlich sind, werden auf Grundlage von Art. 6 Abs. 1 lit. f DSGVO gespeichert. Der Websitebetreiber hat ein berechtigtes Interesse an der Speicherung von Cookies zur technisch fehlerfreien und optimierten Bereitstellung seiner Dienste. Soweit andere Cookies (z.B. Cookies zur Analyse Ihres Surfverhaltens) gespeichert werden, werden diese in dieser Datenschutzerkl\u00e4rung gesondert behandelt.<\/p>\n<p>Zur Verwaltung der eingesetzten Cookies und \u00e4hnlichen Technologien (Tracking-Pixel, Web-Beacons etc.) und diesbez\u00fcglicher Einwilligungen setzen wir das Consent Tool \u201eReal Cookie Banner\u201c ein. Details zur Funktionsweise von \u201eReal Cookie Banner\u201c findest du unter\u00a0<a class=\"customize-unpreviewable\" href=\"https:\/\/devowl.io\/de\/rcb\/datenverarbeitung\/\" target=\"_blank\" rel=\"noreferrer noopener\">https:\/\/devowl.io\/de\/rcb\/datenverarbeitung\/<\/a>.<\/p>\n<p>Rechtsgrundlagen f\u00fcr die Verarbeitung von personenbezogenen Daten in diesem Zusammenhang sind Art. 6 Abs. 1 lit. c DS-GVO und Art. 6 Abs. 1 lit. f DS-GVO. Unser berechtigtes Interesse ist die Verwaltung der eingesetzten Cookies und \u00e4hnlichen Technologien und der diesbez\u00fcglichen Einwilligungen.<\/p>\n<p>Die Bereitstellung der personenbezogenen Daten ist weder vertraglich vorgeschrieben noch f\u00fcr den Abschluss eines Vertrages notwendig. Du bist nicht verpflichtet die personenbezogenen Daten bereitzustellen. Wenn du die personenbezogenen Daten nicht bereitstellst, k\u00f6nnen wir deine Einwilligungen nicht verwalten.<\/p>\n<\/div>\n<\/div>\n<div id=\"wysiwyg-block_088ad60258e94c06437ea312b61c3772\" class=\"wysiwyg mt-medium-small mb-medium-small aos-init\" data-aos=\"fade-up\">\n<div class=\"wysiwyg\">\n<h5>5. <strong>Datenschutzbestimmungen zu Einsatz und Verwendung der Statistikfunktion von WordPress<br \/>\n<\/strong><\/h5>\n<p>Der f\u00fcr die Verarbeitung Verantwortliche hat auf dieser Internetseite eine Statistikfunktion von WordPress integriert. Die WordPress-Statistik-Funktion sind Web-Analyse-Dienste. Web-Analyse ist die Erhebung, Sammlung und Auswertung von Daten \u00fcber das Verhalten von Besuchern von Internetseiten. Ein Web-Analyse-Dienst erfasst unter anderem Daten dar\u00fcber, von welcher Internetseite eine betroffene Person auf eine Internetseite gekommen ist (sogenannte Referrer), auf welche Unterseiten der Internetseite zugegriffen oder wie oft und f\u00fcr welche Verweildauer eine Unterseite betrachtet wurde. Eine Web-Analyse wird \u00fcberwiegend zur Optimierung einer Internetseite und zur Kosten-Nutzen-Analyse von Internetwerbung eingesetzt.<\/p>\n<\/div>\n<\/div>\n<\/div><\/section><\/div>\n","protected":false},"excerpt":{"rendered":"","protected":false},"author":1,"featured_media":0,"parent":0,"menu_order":0,"comment_status":"closed","ping_status":"closed","template":"","meta":{"footnotes":"","_links_to":"","_links_to_target":""},"class_list":["post-3462","page","type-page","status-publish","hentry"],"_links":{"self":[{"href":"https:\/\/ref-badragaz.ch\/go\/wp-json\/wp\/v2\/pages\/3462","targetHints":{"allow":["GET"]}}],"collection":[{"href":"https:\/\/ref-badragaz.ch\/go\/wp-json\/wp\/v2\/pages"}],"about":[{"href":"https:\/\/ref-badragaz.ch\/go\/wp-json\/wp\/v2\/types\/page"}],"author":[{"embeddable":true,"href":"https:\/\/ref-badragaz.ch\/go\/wp-json\/wp\/v2\/users\/1"}],"replies":[{"embeddable":true,"href":"https:\/\/ref-badragaz.ch\/go\/wp-json\/wp\/v2\/comments?post=3462"}],"version-history":[{"count":12,"href":"https:\/\/ref-badragaz.ch\/go\/wp-json\/wp\/v2\/pages\/3462\/revisions"}],"predecessor-version":[{"id":4908,"href":"https:\/\/ref-badragaz.ch\/go\/wp-json\/wp\/v2\/pages\/3462\/revisions\/4908"}],"wp:attachment":[{"href":"https:\/\/ref-badragaz.ch\/go\/wp-json\/wp\/v2\/media?parent=3462"}],"curies":[{"name":"wp","href":"https:\/\/api.w.org\/{rel}","templated":true}]}}