{"id":3636,"date":"2024-04-16T12:15:09","date_gmt":"2024-04-16T12:15:09","guid":{"rendered":"https:\/\/ref-badragaz.ch.sora.ch-meta.net\/go\/?page_id=3636"},"modified":"2024-06-06T16:09:31","modified_gmt":"2024-06-06T16:09:31","slug":"synodale","status":"publish","type":"page","link":"https:\/\/ref-badragaz.ch\/go\/synodale\/","title":{"rendered":"Synodale"},"content":{"rendered":"<div  class='flex_column av-24acjo-5a1f4e936d358372f7e4127c32d48292 av_one_full  avia-builder-el-0  avia-builder-el-no-sibling  first flex_column_div  '     ><section  class='av_textblock_section av-lvo3guae-c227dde45bbfe2dc35a519097baea994 '   itemscope=\"itemscope\" itemtype=\"https:\/\/schema.org\/CreativeWork\" ><div class='avia_textblock'  itemprop=\"text\" ><h3>Synodale<\/h3>\n<p>Die Synode, das Parlament der <a href=\"https:\/\/www.ref-sg.ch\/start.html\">Evangelisch-reformierten Kirche des Kantons St.Gallen<\/a>, ist das oberste Organ der Kantonalkirche. Sie bildet die Legislative und z\u00e4hlt 180 Mitglieder. Die Synodalen werden von den Kirchgemeinden gew\u00e4hlt<\/p>\n<p>Die Synode entscheidet \u00fcber die Rechnung, das Budget und den Zentralsteuerfuss der Landeskirche. Das Parlament ist auch zust\u00e4ndig f\u00fcr den Erlass der landeskirchlichen Gesetze und Verordnungen und die Schaffung oder Aufhebung von landeskirchlichen Stellen und \u00c4mtern.<\/p>\n<\/div><\/section><\/div>\n<div class=\"verowa-persons-events-container persons-events-container\" ><div class=\"person-container single-persons\">\n<div class=\"person\">\r\n\t\r\n\t\r\n\t\t\t<div class=\"person_image\"><a href=\"https:\/\/ref-badragaz.ch\/go\/person\/17\/\"><img decoding=\"async\" src=\"https:\/\/secure.verowa.ch\/users\/ref-badragaz\/images\/comp\/EG4AM4oaDAUvHCqgNoPuth.jpg\" \/><\/a><\/div>\r\n\t\t\r\n\t<div class=\"person_description\">\r\n\t\t<h4 class=\"name\"><a href=\"https:\/\/ref-badragaz.ch\/go\/person\/17\/\">Sabine G\u00e4umann<\/a><\/h4>\r\n\t\t\r\n\t\t\r\n\t\t<p class=\"profession\">Pfarrerin<\/p>\r\n\t\t<div class=\"person_meta\">\r\n\t\t\t<ul>\r\n\t\t\t\t\r\n\t\t\t\t\r\n\t\t\t\t<li class=\"email\"><a href=\"mailto:sabine.gaeumann@ref-badragaz.ch\">E-Mail<\/a><\/li>\r\n\t\t\t\t\r\n\t\t\t\t<li class=\"phone\">081 302 71 89<\/li>\r\n\t\t\t<\/ul>\r\n\t\t<\/div>\r\n\t<\/div>\r\n<\/div><\/div>\n<\/div>","protected":false},"excerpt":{"rendered":"<p>Sabine G\u00e4umann Pfarrerin E-Mail 081 302 71 89<\/p>\n","protected":false},"author":1,"featured_media":0,"parent":0,"menu_order":0,"comment_status":"closed","ping_status":"closed","template":"","meta":{"footnotes":"","_links_to":"","_links_to_target":""},"class_list":["post-3636","page","type-page","status-publish","hentry"],"_links":{"self":[{"href":"https:\/\/ref-badragaz.ch\/go\/wp-json\/wp\/v2\/pages\/3636","targetHints":{"allow":["GET"]}}],"collection":[{"href":"https:\/\/ref-badragaz.ch\/go\/wp-json\/wp\/v2\/pages"}],"about":[{"href":"https:\/\/ref-badragaz.ch\/go\/wp-json\/wp\/v2\/types\/page"}],"author":[{"embeddable":true,"href":"https:\/\/ref-badragaz.ch\/go\/wp-json\/wp\/v2\/users\/1"}],"replies":[{"embeddable":true,"href":"https:\/\/ref-badragaz.ch\/go\/wp-json\/wp\/v2\/comments?post=3636"}],"version-history":[{"count":4,"href":"https:\/\/ref-badragaz.ch\/go\/wp-json\/wp\/v2\/pages\/3636\/revisions"}],"predecessor-version":[{"id":4626,"href":"https:\/\/ref-badragaz.ch\/go\/wp-json\/wp\/v2\/pages\/3636\/revisions\/4626"}],"wp:attachment":[{"href":"https:\/\/ref-badragaz.ch\/go\/wp-json\/wp\/v2\/media?parent=3636"}],"curies":[{"name":"wp","href":"https:\/\/api.w.org\/{rel}","templated":true}]}}