{"id":4593,"date":"2024-05-07T07:59:31","date_gmt":"2024-05-07T07:59:31","guid":{"rendered":"https:\/\/ref-badragaz.ch\/go\/?page_id=4593"},"modified":"2024-05-07T08:00:33","modified_gmt":"2024-05-07T08:00:33","slug":"anmeldungen","status":"publish","type":"page","link":"https:\/\/ref-badragaz.ch\/go\/anmeldungen\/","title":{"rendered":"Anmeldungen"},"content":{"rendered":"\n<p>F\u00fcr unten stehende Veranstaltungen ist es n\u00f6tig, sich anzumelden. Klicken Sie auf das entsprechende Anmeldeformular und \u00fcbermitteln Sie uns Ihre Angaben. F\u00fcr weitere Informationen w\u00e4hlen Sie die Veranstaltung an.<\/p>\n\n\n\n<p>Bei Fragen wenden Sie sich bitte an unsere <a href=\"\/kontakt\/\">Verwaltung<\/a>.<\/p>\n\n\n\n<p>Wir freuen uns auf Ihren Besuch!<\/p>\n\n\n<div class=\"event_list_wrapper\">\n<div class=\"event_list_item element-item event-1396 \" data-date=\"20260513\" data-id=\"1396\">\r\n\t<div class=\"event_date\"><a href=\"\/go\/veranstaltung\/1396\/\"><span class=\"weekday\">Mittwoch<\/span><span class=\"day\">13<\/span><span class=\"verowa-month month\">Mai<\/span><\/a><\/div>\r\n\t<div class=\"event_container\">\r\n\t\t<a href=\"\/go\/veranstaltung\/1396\/\">\r\n\t\t\t<div class=\"event_short_content\"><span class=\"time\">12.00&ndash;13.30&nbsp;Uhr<\/span>\r\n\t\t\t\t<span class=\"event_title\">Z\u00e4mme \u00e4sse<\/span>\r\n\t\t\t\t<span class=\"event_topic\">Gemeinsames Mittagessen im Restaurant \"R\u00f6ssli\" in Bad Ragaz<\/span>\r\n\t\t\t\t<span class=\"event_location\">Restaurant \"R\u00f6ssli\", Freihofweg 3, Bad Ragaz<\/span>\r\n\t\t\t<\/div>\r\n\t\t<\/a>\r\n\t\t<div class=\"event_image\"><img decoding=\"async\" src=\"https:\/\/www.verowa.ch\/ref-badragaz\/images\/comp\/vf5w0vR3yFQaoN7HUH3Tth.jpg\" alt=\"\" \/><\/div>\r\n\t<\/div>\r\n\t<div class=\"event_button_list_new\"><div class=\"buttons\"><span class=\"details-buttons\">\r\n\t<a class=\"verowa-subs-link\" href=\"https:\/\/ref-badragaz.ch\/go\/subscription-form?subs_event_id=1396\"><button class=\"subscription\">Anmeldung<\/button><\/a><\/span><\/div>\r\n\t<\/div>\r\n<\/div><div class=\"event_list_item element-item event-1397 \" data-date=\"20260617\" data-id=\"1397\">\r\n\t<div class=\"event_date\"><a href=\"\/go\/veranstaltung\/1397\/\"><span class=\"weekday\">Mittwoch<\/span><span class=\"day\">17<\/span><span class=\"verowa-month month\">Juni<\/span><\/a><\/div>\r\n\t<div class=\"event_container\">\r\n\t\t<a href=\"\/go\/veranstaltung\/1397\/\">\r\n\t\t\t<div class=\"event_short_content\"><span class=\"time\">12.00&ndash;13.30&nbsp;Uhr<\/span>\r\n\t\t\t\t<span class=\"event_title\">Z\u00e4mme \u00e4sse<\/span>\r\n\t\t\t\t<span class=\"event_topic\">Gemeinsames Mittagessen im Restaurant \"R\u00f6ssli\" in Bad Ragaz<\/span>\r\n\t\t\t\t<span class=\"event_location\">Restaurant \"R\u00f6ssli\", Freihofweg 3, Bad Ragaz<\/span>\r\n\t\t\t<\/div>\r\n\t\t<\/a>\r\n\t\t<div class=\"event_image\"><img decoding=\"async\" src=\"https:\/\/www.verowa.ch\/ref-badragaz\/images\/comp\/vf5w0vR3yFQaoN7HUH3Tth.jpg\" alt=\"\" \/><\/div>\r\n\t<\/div>\r\n\t<div class=\"event_button_list_new\"><div class=\"buttons\"><span class=\"details-buttons\">\r\n\t<a class=\"verowa-subs-link\" href=\"https:\/\/ref-badragaz.ch\/go\/subscription-form?subs_event_id=1397\"><button class=\"subscription\">Anmeldung<\/button><\/a><\/span><\/div>\r\n\t<\/div>\r\n<\/div><div class=\"event_list_item element-item event-1398 \" data-date=\"20260812\" data-id=\"1398\">\r\n\t<div class=\"event_date\"><a href=\"\/go\/veranstaltung\/1398\/\"><span class=\"weekday\">Mittwoch<\/span><span class=\"day\">12<\/span><span class=\"verowa-month month\">August<\/span><\/a><\/div>\r\n\t<div class=\"event_container\">\r\n\t\t<a href=\"\/go\/veranstaltung\/1398\/\">\r\n\t\t\t<div class=\"event_short_content\"><span class=\"time\">12.00&ndash;13.30&nbsp;Uhr<\/span>\r\n\t\t\t\t<span class=\"event_title\">Z\u00e4mme \u00e4sse<\/span>\r\n\t\t\t\t<span class=\"event_topic\">Gemeinsames Mittagessen im Restaurant \"R\u00f6ssli\" in Bad Ragaz<\/span>\r\n\t\t\t\t<span class=\"event_location\">Restaurant \"R\u00f6ssli\", Freihofweg 3, Bad Ragaz<\/span>\r\n\t\t\t<\/div>\r\n\t\t<\/a>\r\n\t\t<div class=\"event_image\"><img decoding=\"async\" src=\"https:\/\/www.verowa.ch\/ref-badragaz\/images\/comp\/vf5w0vR3yFQaoN7HUH3Tth.jpg\" alt=\"\" \/><\/div>\r\n\t<\/div>\r\n\t<div class=\"event_button_list_new\"><div class=\"buttons\"><span class=\"details-buttons\">\r\n\t<a class=\"verowa-subs-link\" href=\"https:\/\/ref-badragaz.ch\/go\/subscription-form?subs_event_id=1398\"><button class=\"subscription\">Anmeldung<\/button><\/a><\/span><\/div>\r\n\t<\/div>\r\n<\/div><div class=\"event_list_item element-item event-1399 \" data-date=\"20260916\" data-id=\"1399\">\r\n\t<div class=\"event_date\"><a href=\"\/go\/veranstaltung\/1399\/\"><span class=\"weekday\">Mittwoch<\/span><span class=\"day\">16<\/span><span class=\"verowa-month month\">September<\/span><\/a><\/div>\r\n\t<div class=\"event_container\">\r\n\t\t<a href=\"\/go\/veranstaltung\/1399\/\">\r\n\t\t\t<div class=\"event_short_content\"><span class=\"time\">12.00&ndash;13.30&nbsp;Uhr<\/span>\r\n\t\t\t\t<span class=\"event_title\">Z\u00e4mme \u00e4sse<\/span>\r\n\t\t\t\t<span class=\"event_topic\">Gemeinsames Mittagessen im Restaurant \"R\u00f6ssli\" in Bad Ragaz<\/span>\r\n\t\t\t\t<span class=\"event_location\">Restaurant \"R\u00f6ssli\", Freihofweg 3, Bad Ragaz<\/span>\r\n\t\t\t<\/div>\r\n\t\t<\/a>\r\n\t\t<div class=\"event_image\"><img decoding=\"async\" src=\"https:\/\/www.verowa.ch\/ref-badragaz\/images\/comp\/vf5w0vR3yFQaoN7HUH3Tth.jpg\" alt=\"\" \/><\/div>\r\n\t<\/div>\r\n\t<div class=\"event_button_list_new\"><div class=\"buttons\"><span class=\"details-buttons\">\r\n\t<a class=\"verowa-subs-link\" href=\"https:\/\/ref-badragaz.ch\/go\/subscription-form?subs_event_id=1399\"><button class=\"subscription\">Anmeldung<\/button><\/a><\/span><\/div>\r\n\t<\/div>\r\n<\/div><div class=\"event_list_item element-item event-1400 \" data-date=\"20261021\" data-id=\"1400\">\r\n\t<div class=\"event_date\"><a href=\"\/go\/veranstaltung\/1400\/\"><span class=\"weekday\">Mittwoch<\/span><span class=\"day\">21<\/span><span class=\"verowa-month month\">Oktober<\/span><\/a><\/div>\r\n\t<div class=\"event_container\">\r\n\t\t<a href=\"\/go\/veranstaltung\/1400\/\">\r\n\t\t\t<div class=\"event_short_content\"><span class=\"time\">12.00&ndash;13.30&nbsp;Uhr<\/span>\r\n\t\t\t\t<span class=\"event_title\">Z\u00e4mme \u00e4sse<\/span>\r\n\t\t\t\t<span class=\"event_topic\">Gemeinsames Mittagessen im Restaurant \"R\u00f6ssli\" in Bad Ragaz<\/span>\r\n\t\t\t\t<span class=\"event_location\">Restaurant \"R\u00f6ssli\", Freihofweg 3, Bad Ragaz<\/span>\r\n\t\t\t<\/div>\r\n\t\t<\/a>\r\n\t\t<div class=\"event_image\"><img decoding=\"async\" src=\"https:\/\/www.verowa.ch\/ref-badragaz\/images\/comp\/vf5w0vR3yFQaoN7HUH3Tth.jpg\" alt=\"\" \/><\/div>\r\n\t<\/div>\r\n\t<div class=\"event_button_list_new\"><div class=\"buttons\"><span class=\"details-buttons\">\r\n\t<a class=\"verowa-subs-link\" href=\"https:\/\/ref-badragaz.ch\/go\/subscription-form?subs_event_id=1400\"><button class=\"subscription\">Anmeldung<\/button><\/a><\/span><\/div>\r\n\t<\/div>\r\n<\/div><div class=\"event_list_item element-item event-1401 \" data-date=\"20261118\" data-id=\"1401\">\r\n\t<div class=\"event_date\"><a href=\"\/go\/veranstaltung\/1401\/\"><span class=\"weekday\">Mittwoch<\/span><span class=\"day\">18<\/span><span class=\"verowa-month month\">November<\/span><\/a><\/div>\r\n\t<div class=\"event_container\">\r\n\t\t<a href=\"\/go\/veranstaltung\/1401\/\">\r\n\t\t\t<div class=\"event_short_content\"><span class=\"time\">12.00&ndash;13.30&nbsp;Uhr<\/span>\r\n\t\t\t\t<span class=\"event_title\">Z\u00e4mme \u00e4sse<\/span>\r\n\t\t\t\t<span class=\"event_topic\">Gemeinsames Mittagessen im Restaurant \"R\u00f6ssli\" in Bad Ragaz<\/span>\r\n\t\t\t\t<span class=\"event_location\">Restaurant \"R\u00f6ssli\", Freihofweg 3, Bad Ragaz<\/span>\r\n\t\t\t<\/div>\r\n\t\t<\/a>\r\n\t\t<div class=\"event_image\"><img decoding=\"async\" src=\"https:\/\/www.verowa.ch\/ref-badragaz\/images\/comp\/vf5w0vR3yFQaoN7HUH3Tth.jpg\" alt=\"\" \/><\/div>\r\n\t<\/div>\r\n\t<div class=\"event_button_list_new\"><div class=\"buttons\"><span class=\"details-buttons\">\r\n\t<a class=\"verowa-subs-link\" href=\"https:\/\/ref-badragaz.ch\/go\/subscription-form?subs_event_id=1401\"><button class=\"subscription\">Anmeldung<\/button><\/a><\/span><\/div>\r\n\t<\/div>\r\n<\/div><div class=\"event_list_item element-item event-1402 \" data-date=\"20261216\" data-id=\"1402\">\r\n\t<div class=\"event_date\"><a href=\"\/go\/veranstaltung\/1402\/\"><span class=\"weekday\">Mittwoch<\/span><span class=\"day\">16<\/span><span class=\"verowa-month month\">Dezember<\/span><\/a><\/div>\r\n\t<div class=\"event_container\">\r\n\t\t<a href=\"\/go\/veranstaltung\/1402\/\">\r\n\t\t\t<div class=\"event_short_content\"><span class=\"time\">12.00&ndash;13.30&nbsp;Uhr<\/span>\r\n\t\t\t\t<span class=\"event_title\">Z\u00e4mme \u00e4sse<\/span>\r\n\t\t\t\t<span class=\"event_topic\">Gemeinsames Mittagessen im Restaurant \"R\u00f6ssli\" in Bad Ragaz<\/span>\r\n\t\t\t\t<span class=\"event_location\">Restaurant \"R\u00f6ssli\", Freihofweg 3, Bad Ragaz<\/span>\r\n\t\t\t<\/div>\r\n\t\t<\/a>\r\n\t\t<div class=\"event_image\"><img decoding=\"async\" src=\"https:\/\/www.verowa.ch\/ref-badragaz\/images\/comp\/vf5w0vR3yFQaoN7HUH3Tth.jpg\" alt=\"\" \/><\/div>\r\n\t<\/div>\r\n\t<div class=\"event_button_list_new\"><div class=\"buttons\"><span class=\"details-buttons\">\r\n\t<a class=\"verowa-subs-link\" href=\"https:\/\/ref-badragaz.ch\/go\/subscription-form?subs_event_id=1402\"><button class=\"subscription\">Anmeldung<\/button><\/a><\/span><\/div>\r\n\t<\/div>\r\n<\/div><\/div>\n\n","protected":false},"excerpt":{"rendered":"<p>F\u00fcr unten stehende Veranstaltungen ist es n\u00f6tig, sich anzumelden. Klicken Sie auf das entsprechende Anmeldeformular und \u00fcbermitteln Sie uns Ihre Angaben. F\u00fcr weitere Informationen w\u00e4hlen Sie die Veranstaltung an. Bei Fragen wenden Sie sich bitte an unsere Verwaltung. Wir freuen uns auf Ihren Besuch!<\/p>\n","protected":false},"author":2,"featured_media":0,"parent":0,"menu_order":0,"comment_status":"closed","ping_status":"closed","template":"","meta":{"footnotes":"","_links_to":"","_links_to_target":""},"class_list":["post-4593","page","type-page","status-publish","hentry"],"_links":{"self":[{"href":"https:\/\/ref-badragaz.ch\/go\/wp-json\/wp\/v2\/pages\/4593","targetHints":{"allow":["GET"]}}],"collection":[{"href":"https:\/\/ref-badragaz.ch\/go\/wp-json\/wp\/v2\/pages"}],"about":[{"href":"https:\/\/ref-badragaz.ch\/go\/wp-json\/wp\/v2\/types\/page"}],"author":[{"embeddable":true,"href":"https:\/\/ref-badragaz.ch\/go\/wp-json\/wp\/v2\/users\/2"}],"replies":[{"embeddable":true,"href":"https:\/\/ref-badragaz.ch\/go\/wp-json\/wp\/v2\/comments?post=4593"}],"version-history":[{"count":2,"href":"https:\/\/ref-badragaz.ch\/go\/wp-json\/wp\/v2\/pages\/4593\/revisions"}],"predecessor-version":[{"id":4595,"href":"https:\/\/ref-badragaz.ch\/go\/wp-json\/wp\/v2\/pages\/4593\/revisions\/4595"}],"wp:attachment":[{"href":"https:\/\/ref-badragaz.ch\/go\/wp-json\/wp\/v2\/media?parent=4593"}],"curies":[{"name":"wp","href":"https:\/\/api.w.org\/{rel}","templated":true}]}}