{"id":4653,"date":"2024-05-07T17:50:49","date_gmt":"2024-05-07T17:50:49","guid":{"rendered":"https:\/\/ref-badragaz.ch\/go\/?page_id=4653"},"modified":"2025-05-19T08:07:51","modified_gmt":"2025-05-19T08:07:51","slug":"konfirmation-2","status":"publish","type":"page","link":"https:\/\/ref-badragaz.ch\/go\/konfirmation-2\/","title":{"rendered":"Konfirmation (copy)"},"content":{"rendered":"<div  class='flex_column av-638io1-30abc065bb672c14ed58d739b6f014d8 av_one_half  avia-builder-el-0  el_before_av_one_half  avia-builder-el-first  first flex_column_div  '     ><section  class='av_textblock_section av-lvgygwkw-54949cd10b7863a7536b5b81c6976f5c '   itemscope=\"itemscope\" itemtype=\"https:\/\/schema.org\/CreativeWork\" ><div class='avia_textblock'  itemprop=\"text\" ><h3>Konfirmation<\/h3>\n<p class=\"bodytext\">Die Konfirmation ist f\u00fcr viele Jugendliche ein wichtiger Schritt ins Erwachsenenleben. In der Konfirmation wird den Jugendlichen ein Segen f\u00fcr den weiteren Lebensweg zugesprochen. Das Konfirmationsjahr, zu dem auch ein Konfirmandenlager geh\u00f6rt, ist f\u00fcr das 9. Schuljahr vorgesehen.<\/p>\n<p class=\"bodytext\">Der regelm\u00e4ssige Konfirmandenunterricht findet im Kirchgemeindehaus in der Regel alle vierzehn Tage am fr\u00fchen Mittwochabend statt. Der Besuch von 8 Gottesdiensten geh\u00f6rt ausserdem zum Konfirmationsjahr.<\/p>\n<p class=\"bodytext\">H\u00f6hepunkt und Abschluss des Konfirmationsjahres ist der festliche Konfirmationsgottesdienst.<\/p>\n<\/div><\/section><\/div>\n<div  class='flex_column av-4jlcgx-bfa5c3250a9c146ef82ab8b2438f83ad av_one_half  avia-builder-el-2  el_after_av_one_half  avia-builder-el-last  flex_column_div  '     ><p>\n<style type=\"text\/css\" data-created_by=\"avia_inline_auto\" id=\"style-css-av-mausxngv-235ca88b75b8549675b8abcc54f5d10f\">\n.avia-image-container.av-mausxngv-235ca88b75b8549675b8abcc54f5d10f img.avia_image{\nbox-shadow:none;\n}\n.avia-image-container.av-mausxngv-235ca88b75b8549675b8abcc54f5d10f .av-caption-image-overlay-bg{\nopacity:0.4;\nbackground-color:#000000;\n}\n.avia-image-container.av-mausxngv-235ca88b75b8549675b8abcc54f5d10f .av-image-caption-overlay-center{\ncolor:#ffffff;\n}\n<\/style>\n<div  class='avia-image-container av-mausxngv-235ca88b75b8549675b8abcc54f5d10f av-styling- avia-align-center  avia-builder-el-3  el_before_av_image  avia-builder-el-first  noHover av-overlay-hover-deactivate'   itemprop=\"image\" itemscope=\"itemscope\" itemtype=\"https:\/\/schema.org\/ImageObject\" ><div class=\"avia-image-container-inner\"><div class=\"avia-image-overlay-wrap\"><div class=\"av-image-caption-overlay\"><div class=\"av-caption-image-overlay-bg\"><\/div><div class=\"av-image-caption-overlay-position\"><div class=\"av-image-caption-overlay-center\"><p>Konfirmation 2025<\/p>\n<\/div><\/div><\/div><img decoding=\"async\" fetchpriority=\"high\" class='wp-image-5482 avia-img-lazy-loading-not-5482 avia_image ' src=\"https:\/\/ref-badragaz.ch\/go\/wp-content\/uploads\/2025\/05\/DSC_7137-bearbeitet-1030x515.jpg\" alt='' title='DSC_7137 bearbeitet'  height=\"515\" width=\"1030\"  itemprop=\"thumbnailUrl\" srcset=\"https:\/\/ref-badragaz.ch\/go\/wp-content\/uploads\/2025\/05\/DSC_7137-bearbeitet-1030x515.jpg 1030w, https:\/\/ref-badragaz.ch\/go\/wp-content\/uploads\/2025\/05\/DSC_7137-bearbeitet-300x150.jpg 300w, https:\/\/ref-badragaz.ch\/go\/wp-content\/uploads\/2025\/05\/DSC_7137-bearbeitet-768x384.jpg 768w, https:\/\/ref-badragaz.ch\/go\/wp-content\/uploads\/2025\/05\/DSC_7137-bearbeitet-1536x769.jpg 1536w, https:\/\/ref-badragaz.ch\/go\/wp-content\/uploads\/2025\/05\/DSC_7137-bearbeitet-2048x1025.jpg 2048w, https:\/\/ref-badragaz.ch\/go\/wp-content\/uploads\/2025\/05\/DSC_7137-bearbeitet-1500x751.jpg 1500w, https:\/\/ref-badragaz.ch\/go\/wp-content\/uploads\/2025\/05\/DSC_7137-bearbeitet-705x353.jpg 705w\" sizes=\"(max-width: 1030px) 100vw, 1030px\" \/><\/div><\/div><\/div><br \/>\n\n<style type=\"text\/css\" data-created_by=\"avia_inline_auto\" id=\"style-css-av-mausyl6v-af730c11ab0200c76faca3f8c2ef2fac\">\n.avia-image-container.av-mausyl6v-af730c11ab0200c76faca3f8c2ef2fac img.avia_image{\nbox-shadow:none;\n}\n.avia-image-container.av-mausyl6v-af730c11ab0200c76faca3f8c2ef2fac .av-caption-image-overlay-bg{\nopacity:0.4;\nbackground-color:#000000;\n}\n.avia-image-container.av-mausyl6v-af730c11ab0200c76faca3f8c2ef2fac .av-image-caption-overlay-center{\ncolor:#ffffff;\n}\n<\/style>\n<div  class='avia-image-container av-mausyl6v-af730c11ab0200c76faca3f8c2ef2fac av-styling- avia-align-center  avia-builder-el-4  el_after_av_image  avia-builder-el-last  noHover av-overlay-hover-deactivate'   itemprop=\"image\" itemscope=\"itemscope\" itemtype=\"https:\/\/schema.org\/ImageObject\" ><div class=\"avia-image-container-inner\"><div class=\"avia-image-overlay-wrap\"><div class=\"av-image-caption-overlay\"><div class=\"av-caption-image-overlay-bg\"><\/div><div class=\"av-image-caption-overlay-position\"><div class=\"av-image-caption-overlay-center\"><p>Konfirmation 2024<\/p>\n<\/div><\/div><\/div><img decoding=\"async\" fetchpriority=\"high\" class='wp-image-4572 avia-img-lazy-loading-not-4572 avia_image ' src=\"https:\/\/ref-badragaz.ch\/go\/wp-content\/uploads\/2024\/05\/Konfirmation-2024-bearbeitet-1030x687.jpg\" alt='' title='Konfirmation 2024 bearbeitet'  height=\"687\" width=\"1030\"  itemprop=\"thumbnailUrl\" srcset=\"https:\/\/ref-badragaz.ch\/go\/wp-content\/uploads\/2024\/05\/Konfirmation-2024-bearbeitet-1030x687.jpg 1030w, https:\/\/ref-badragaz.ch\/go\/wp-content\/uploads\/2024\/05\/Konfirmation-2024-bearbeitet-300x200.jpg 300w, https:\/\/ref-badragaz.ch\/go\/wp-content\/uploads\/2024\/05\/Konfirmation-2024-bearbeitet-768x512.jpg 768w, https:\/\/ref-badragaz.ch\/go\/wp-content\/uploads\/2024\/05\/Konfirmation-2024-bearbeitet-1536x1025.jpg 1536w, https:\/\/ref-badragaz.ch\/go\/wp-content\/uploads\/2024\/05\/Konfirmation-2024-bearbeitet-2048x1367.jpg 2048w, https:\/\/ref-badragaz.ch\/go\/wp-content\/uploads\/2024\/05\/Konfirmation-2024-bearbeitet-1500x1001.jpg 1500w, https:\/\/ref-badragaz.ch\/go\/wp-content\/uploads\/2024\/05\/Konfirmation-2024-bearbeitet-705x470.jpg 705w\" sizes=\"(max-width: 1030px) 100vw, 1030px\" \/><\/div><\/div><\/div><\/p><\/div>\n<div class=\"verowa-persons-events-container persons-events-container\" ><div class=\"person-container single-persons\">\n<div class=\"person\">\r\n\t\r\n\t\r\n\t\t\t<div class=\"person_image\"><a href=\"https:\/\/ref-badragaz.ch\/go\/person\/13\/\"><img decoding=\"async\" src=\"https:\/\/secure.verowa.ch\/users\/ref-badragaz\/images\/comp\/LPztUkhive2fE7eHxZ6ath.jpg\" \/><\/a><\/div>\r\n\t\t\r\n\t<div class=\"person_description\">\r\n\t\t<h4 class=\"name\"><a href=\"https:\/\/ref-badragaz.ch\/go\/person\/13\/\">Andreas G\u00e4umann<\/a><\/h4>\r\n\t\t\r\n\t\t<p class=\"short_desc\">am Donnerstag in der Regel abwesend<\/p>\r\n\t\t<p class=\"profession\">Pfarrer<\/p>\r\n\t\t<div class=\"person_meta\">\r\n\t\t\t<ul>\r\n\t\t\t\t\r\n\t\t\t\t\r\n\t\t\t\t<li class=\"email\"><a href=\"mailto:andreas.gaeumann@ref-badragaz.ch\">E-Mail<\/a><\/li>\r\n\t\t\t\t\r\n\t\t\t\t<li class=\"phone\">081 302 71 89<\/li>\r\n\t\t\t<\/ul>\r\n\t\t<\/div>\r\n\t<\/div>\r\n<\/div><\/div>\n<div class=\"event_list_wrapper\">\n<h3>N\u00e4chste Anl\u00e4sse<\/h3><div class=\"event_list_item element-item event-1183 \" data-date=\"20260422\" data-id=\"1183\">\r\n\t<div class=\"event_date\"><a href=\"\/go\/veranstaltung\/1183\/\"><span class=\"weekday\">Mittwoch<\/span><span class=\"day\">22<\/span><span class=\"verowa-month month\">April<\/span><\/a><\/div>\r\n\t<div class=\"event_container\">\r\n\t\t<a href=\"\/go\/veranstaltung\/1183\/\">\r\n\t\t\t<div class=\"event_short_content\"><span class=\"time\">17.30&ndash;19.00&nbsp;Uhr<\/span>\r\n\t\t\t\t<span class=\"event_title\">Konfirmandenunterricht<\/span>\r\n\t\t\t\t\r\n\t\t\t\t<span class=\"event_location\">Kirchgemeindehaus<\/span>\r\n\t\t\t<\/div>\r\n\t\t<\/a>\r\n\t\t<div class=\"event_image\"><img decoding=\"async\" src=\"https:\/\/www.verowa.ch\/ref-badragaz\/images\/comp\/L49UvERBqoD3YaS8vImIth.jpg\" alt=\"\" \/><\/div>\r\n\t<\/div>\r\n\t<div class=\"event_button_list_new\"><div class=\"buttons\"><span class=\"details-buttons\">\r\n\t<\/span><\/div>\r\n\t<\/div>\r\n<\/div><div class=\"event_list_item element-item event-1184 \" data-date=\"20260429\" data-id=\"1184\">\r\n\t<div class=\"event_date\"><a href=\"\/go\/veranstaltung\/1184\/\"><span class=\"weekday\">Mittwoch<\/span><span class=\"day\">29<\/span><span class=\"verowa-month month\">April<\/span><\/a><\/div>\r\n\t<div class=\"event_container\">\r\n\t\t<a href=\"\/go\/veranstaltung\/1184\/\">\r\n\t\t\t<div class=\"event_short_content\"><span class=\"time\">17.30&ndash;19.00&nbsp;Uhr<\/span>\r\n\t\t\t\t<span class=\"event_title\">Konfirmandenunterricht<\/span>\r\n\t\t\t\t\r\n\t\t\t\t<span class=\"event_location\">Kirchgemeindehaus<\/span>\r\n\t\t\t<\/div>\r\n\t\t<\/a>\r\n\t\t<div class=\"event_image\"><img decoding=\"async\" src=\"https:\/\/www.verowa.ch\/ref-badragaz\/images\/comp\/L49UvERBqoD3YaS8vImIth.jpg\" alt=\"\" \/><\/div>\r\n\t<\/div>\r\n\t<div class=\"event_button_list_new\"><div class=\"buttons\"><span class=\"details-buttons\">\r\n\t<\/span><\/div>\r\n\t<\/div>\r\n<\/div><div class=\"event_list_item element-item event-1168 \" data-date=\"20260503\" data-id=\"1168\">\r\n\t<div class=\"event_date\"><a href=\"\/go\/veranstaltung\/1168\/\"><span class=\"weekday\">Sonntag<\/span><span class=\"day\">3<\/span><span class=\"verowa-month month\">Mai<\/span><\/a><\/div>\r\n\t<div class=\"event_container\">\r\n\t\t<a href=\"\/go\/veranstaltung\/1168\/\">\r\n\t\t\t<div class=\"event_short_content\"><span class=\"time\">9.40&ndash;10.55&nbsp;Uhr<\/span>\r\n\t\t\t\t<span class=\"event_title\">Konfirmationsgottesdienst, im Anschluss Ap\u00e9ro<\/span>\r\n\t\t\t\t<span class=\"event_topic\">Freizeit<\/span>\r\n\t\t\t\t<span class=\"event_location\">Kirche<\/span>\r\n\t\t\t<\/div>\r\n\t\t<\/a>\r\n\t\t<div class=\"event_image\"><img decoding=\"async\" src=\"https:\/\/www.verowa.ch\/ref-badragaz\/images\/comp\/3dDirUvxjHRgy4jFb8wvth.jpg\" alt=\"\" \/><\/div>\r\n\t<\/div>\r\n\t<div class=\"event_button_list_new\"><div class=\"buttons\"><span class=\"details-buttons\">\r\n\t<\/span><\/div>\r\n\t<\/div>\r\n<\/div><\/div>\n<\/div>","protected":false},"excerpt":{"rendered":"<p>Andreas G\u00e4umann am Donnerstag in der Regel abwesend Pfarrer E-Mail 081 302 71 89 N\u00e4chste Anl\u00e4sse Mittwoch22April 17.30&ndash;19.00&nbsp;Uhr Konfirmandenunterricht Kirchgemeindehaus Mittwoch29April 17.30&ndash;19.00&nbsp;Uhr Konfirmandenunterricht Kirchgemeindehaus Sonntag3Mai 9.40&ndash;10.55&nbsp;Uhr Konfirmationsgottesdienst, im Anschluss Ap\u00e9ro Freizeit Kirche<\/p>\n","protected":false},"author":4,"featured_media":0,"parent":0,"menu_order":0,"comment_status":"closed","ping_status":"closed","template":"","meta":{"footnotes":"","_links_to":"","_links_to_target":""},"class_list":["post-4653","page","type-page","status-publish","hentry"],"_links":{"self":[{"href":"https:\/\/ref-badragaz.ch\/go\/wp-json\/wp\/v2\/pages\/4653","targetHints":{"allow":["GET"]}}],"collection":[{"href":"https:\/\/ref-badragaz.ch\/go\/wp-json\/wp\/v2\/pages"}],"about":[{"href":"https:\/\/ref-badragaz.ch\/go\/wp-json\/wp\/v2\/types\/page"}],"author":[{"embeddable":true,"href":"https:\/\/ref-badragaz.ch\/go\/wp-json\/wp\/v2\/users\/4"}],"replies":[{"embeddable":true,"href":"https:\/\/ref-badragaz.ch\/go\/wp-json\/wp\/v2\/comments?post=4653"}],"version-history":[{"count":3,"href":"https:\/\/ref-badragaz.ch\/go\/wp-json\/wp\/v2\/pages\/4653\/revisions"}],"predecessor-version":[{"id":5494,"href":"https:\/\/ref-badragaz.ch\/go\/wp-json\/wp\/v2\/pages\/4653\/revisions\/5494"}],"wp:attachment":[{"href":"https:\/\/ref-badragaz.ch\/go\/wp-json\/wp\/v2\/media?parent=4653"}],"curies":[{"name":"wp","href":"https:\/\/api.w.org\/{rel}","templated":true}]}}